{"id":1003,"date":"2019-02-21T12:23:49","date_gmt":"2019-02-21T15:23:49","guid":{"rendered":"http:\/\/150.164.104.187\/colgradce\/?page_id=1003"},"modified":"2026-02-11T09:29:45","modified_gmt":"2026-02-11T12:29:45","slug":"composicao-do-colegiado","status":"publish","type":"page","link":"https:\/\/cienciasdoestado.direito.ufmg.br\/?page_id=1003","title":{"rendered":"Composi\u00e7\u00e3o do Colegiado"},"content":{"rendered":"<p align=\"justify\"><strong>O Colegiado<\/strong><\/p>\n<p class=\" text-justify\">\u00c9 o \u00f3rg\u00e3o da Faculdade respons\u00e1vel pela edi\u00e7\u00e3o das normas que disciplinam quest\u00f5es did\u00e1ticas relativas ao curso. Re\u00fane, regularmente, seu Coordenador e Sub-Coordenador, al\u00e9m de representantes dos quatro Departamentos e quatro representantes discentes nomeados pelo CACE.<\/p>\n<p class=\" text-justify\">Entre suas in\u00fameras fun\u00e7\u00f5es, destacam-se: coordenar e orientar as atividades do curso; elaborar pr\u00e9-requisitos, cr\u00e9ditos e disciplinas para o curr\u00edculo do curso; avaliar representa\u00e7\u00f5es e recursos sobre mat\u00e9ria did\u00e1tica; representar ao \u00f3rg\u00e3o competente no caso de infra\u00e7\u00e3o disciplinar; e deliberar sobre quest\u00f5es relativas \u00e0 matr\u00edcula, reop\u00e7\u00e3o, dispensa de disciplina,transfer\u00eancia e obten\u00e7\u00e3o de novo t\u00edtulo.<\/p>\n<p align=\"justify\"><span style=\"font-size: 18pt;\"><strong>Composi\u00e7a\u00f5 do Colegiado<\/strong><\/span><\/p>\n<table style=\"border-collapse: collapse; width: 99.6667%; height: 58px;\">\n<tbody>\n<tr style=\"height: 24px;\">\n<td style=\"width: 50%; height: 24px; text-align: center;\"><strong>Coordenador<\/strong><\/td>\n<td style=\"width: 50%; height: 24px; text-align: center;\">\u00a0<span class=\"fontstyle0\">Roberto Vasconcelos Novaes<\/span><\/td>\n<\/tr>\n<tr style=\"height: 24px;\">\n<td style=\"width: 50%; height: 24px; text-align: center;\"><strong>Subcoordenador<\/strong><\/td>\n<td style=\"width: 50%; height: 24px; text-align: center;\">Bruno Wanderley<\/td>\n<\/tr>\n<tr style=\"height: 24px;\">\n<td style=\"width: 50%; height: 10px; text-align: center;\"><strong>Equipe<\/strong><\/td>\n<td style=\"width: 50%; height: 10px; text-align: center;\">Mateus Silva e Camila Riani<\/td>\n<\/tr>\n<\/tbody>\n<\/table>\n<table style=\"border-collapse: collapse; width: 100.018%; height: 192px;\">\n<tbody>\n<tr style=\"height: 24px;\">\n<td style=\"width: 8.93582%; height: 24px; text-align: center;\"><strong>Depto<\/strong><\/td>\n<td style=\"width: 23.4924%; height: 24px; text-align: center;\"><strong>Membro Titular<\/strong><\/td>\n<td style=\"width: 29.8855%; height: 24px; text-align: center;\"><strong>Membro Suplente<\/strong><\/td>\n<\/tr>\n<tr style=\"height: 24px;\">\n<td style=\"width: 8.93582%; height: 24px;\">DIP<\/td>\n<td style=\"width: 23.4924%; height: 24px; text-align: center;\">Daniela Mello Coelho Haikal<\/td>\n<td style=\"width: 29.8855%; height: 24px; text-align: center;\">Adamo Dias Alves<\/td>\n<\/tr>\n<tr style=\"height: 24px;\">\n<td style=\"width: 8.93582%; height: 24px;\">DIP<\/td>\n<td style=\"width: 23.4924%; height: 24px; text-align: center;\">Bruno Wanderley J\u00fanior<\/td>\n<td style=\"width: 29.8855%; height: 24px; text-align: center;\">Lucas Carlos Lima<\/td>\n<\/tr>\n<tr style=\"height: 24px;\">\n<td style=\"width: 8.93582%; height: 24px;\">DIT<\/td>\n<td style=\"width: 23.4924%; height: 24px; text-align: center;\">Vitor Bartolleti Sartori<\/td>\n<td style=\"width: 29.8855%; height: 24px; text-align: center;\">Thiago Lopes Decat<\/td>\n<\/tr>\n<tr>\n<td style=\"width: 8.93582%;\">DIT<\/td>\n<td style=\"width: 23.4924%; text-align: center;\">Sielen Barreto Caldas de Vilhena<\/td>\n<td style=\"width: 29.8855%; text-align: center;\">Fabr\u00edcio Bertini Pasquot Polido<\/td>\n<\/tr>\n<tr style=\"height: 24px;\">\n<td style=\"width: 8.93582%; height: 24px;\">DIN<\/td>\n<td style=\"width: 23.4924%; height: 24px; text-align: center;\">Frederico de Almeida Horta<\/td>\n<td style=\"width: 29.8855%; height: 24px; text-align: center;\">Carlos Augusto Can\u00eado Gon\u00e7alves da\u00a0 Silva<\/td>\n<\/tr>\n<tr style=\"height: 24px;\">\n<td style=\"width: 8.93582%; height: 24px;\">DIC<\/td>\n<td style=\"width: 23.4924%; height: 24px; text-align: center;\">Rodrigo Almeida Magalh\u00e3es<\/td>\n<td style=\"width: 29.8855%; height: 24px; text-align: center;\">Carla Vasconcelos Carvalho<\/td>\n<\/tr>\n<tr style=\"height: 24px;\">\n<td style=\"width: 8.93582%; height: 24px;\">CACE<\/td>\n<td style=\"width: 23.4924%; height: 24px; text-align: center;\">Mateus Alves de Miranda Ferreira<\/td>\n<td style=\"width: 29.8855%; height: 24px; text-align: center;\">Gabriel Menegazzo de Lima<\/td>\n<\/tr>\n<tr style=\"height: 24px;\">\n<td style=\"width: 8.93582%; height: 24px;\">CACE<\/td>\n<td style=\"width: 23.4924%; height: 24px; text-align: center;\">Carla Franciele da Costa Silva<\/td>\n<td style=\"width: 29.8855%; height: 24px; text-align: center;\">Izadora Ferreira Resende<\/td>\n<\/tr>\n<\/tbody>\n<\/table>\n<p>&nbsp;<\/p>\n","protected":false},"excerpt":{"rendered":"<p>O Colegiado \u00c9 o \u00f3rg\u00e3o da Faculdade respons\u00e1vel pela edi\u00e7\u00e3o das normas que disciplinam quest\u00f5es did\u00e1ticas relativas ao curso. Re\u00fane, regularmente, seu Coordenador e Sub-Coordenador, al\u00e9m de representantes dos quatro&hellip;<\/p>\n","protected":false},"author":1,"featured_media":0,"parent":0,"menu_order":0,"comment_status":"closed","ping_status":"closed","template":"","meta":{"footnotes":""},"class_list":["post-1003","page","type-page","status-publish","hentry"],"publishpress_future_action":{"enabled":false,"date":"2026-05-09 19:34:50","action":"change-status","newStatus":"draft","terms":[],"taxonomy":"","extraData":[]},"publishpress_future_workflow_manual_trigger":{"enabledWorkflows":[]},"_links":{"self":[{"href":"https:\/\/cienciasdoestado.direito.ufmg.br\/index.php?rest_route=\/wp\/v2\/pages\/1003","targetHints":{"allow":["GET"]}}],"collection":[{"href":"https:\/\/cienciasdoestado.direito.ufmg.br\/index.php?rest_route=\/wp\/v2\/pages"}],"about":[{"href":"https:\/\/cienciasdoestado.direito.ufmg.br\/index.php?rest_route=\/wp\/v2\/types\/page"}],"author":[{"embeddable":true,"href":"https:\/\/cienciasdoestado.direito.ufmg.br\/index.php?rest_route=\/wp\/v2\/users\/1"}],"replies":[{"embeddable":true,"href":"https:\/\/cienciasdoestado.direito.ufmg.br\/index.php?rest_route=%2Fwp%2Fv2%2Fcomments&post=1003"}],"version-history":[{"count":11,"href":"https:\/\/cienciasdoestado.direito.ufmg.br\/index.php?rest_route=\/wp\/v2\/pages\/1003\/revisions"}],"predecessor-version":[{"id":3726,"href":"https:\/\/cienciasdoestado.direito.ufmg.br\/index.php?rest_route=\/wp\/v2\/pages\/1003\/revisions\/3726"}],"wp:attachment":[{"href":"https:\/\/cienciasdoestado.direito.ufmg.br\/index.php?rest_route=%2Fwp%2Fv2%2Fmedia&parent=1003"}],"curies":[{"name":"wp","href":"https:\/\/api.w.org\/{rel}","templated":true}]}}