{"id":1009,"date":"2019-02-21T12:25:21","date_gmt":"2019-02-21T15:25:21","guid":{"rendered":"http:\/\/150.164.104.187\/colgradce\/?page_id=1009"},"modified":"2023-06-15T17:48:12","modified_gmt":"2023-06-15T20:48:12","slug":"tcc-instrucoes","status":"publish","type":"page","link":"https:\/\/cienciasdoestado.direito.ufmg.br\/?page_id=1009","title":{"rendered":"TCC &#8211; Instru\u00e7\u00f5es"},"content":{"rendered":"<div class=\"attribute-long\">\n<p>A elabora\u00e7\u00e3o e defesa de monografia final de curso s\u00e3o partes integrantes e obrigat\u00f3rias do Curso de Gradua\u00e7\u00e3o em Ci\u00eancias do Estado.<\/p>\n<\/div>\n<p>O processo de elabora\u00e7\u00e3o de projeto, desenvolvimento do trabalho e defesa s\u00e3o realizados por meio de v\u00e1rias etapas, que s\u00e3o organizadas por meio da matr\u00edcula nas disciplinas de TCC I, TCC II e TCC III.<\/p>\n<p>Recomendamos ao aluno a leitura da resolu\u00e7\u00e3o do Colegiado que regula a mat\u00e9ria:<\/p>\n<div class=\"attribute-long\">\n<p align=\"justify\"><a href=\"https:\/\/cienciasdoestado.direito.ufmg.br\/wp-content\/uploads\/2022\/08\/201703tcc.pdf\">RESOLU\u00c7\u00c3O 03, de 29 DE JUNHO DE 2017 (Regulamenta os trabalhos finais para a Conclus\u00e3o de Curso da Gradua\u00e7\u00e3o em Ci\u00eancias do Estado da UFMG)<\/a><\/p>\n<p align=\"justify\">Os trabalhos devem ser redigidos utilizando-se das normas da ABNT para trabalhos acad\u00eamicos de acordo com o manual:<\/p>\n<p align=\"justify\"><a href=\"https:\/\/cienciasdoestado.direito.ufmg.br\/wp-content\/uploads\/2023\/06\/diretrizes-para-normalizacao-de-trabalhos-academicos-da-UFMG.pdf\" target=\"_blank\" rel=\"noopener\">Diretrizes para normaliza\u00e7\u00e3o de trabalhos acad\u00eamicos (Biblioteca Universit\u00e1ria &#8211; UFMG 2023)<\/a><\/p>\n<p align=\"justify\"><a href=\"https:\/\/cienciasdoestado.direito.ufmg.br\/wp-content\/uploads\/2023\/06\/instrucoes-para-pesquisa-targetgedweb.pdf\" target=\"_blank\" rel=\"noopener\">Instru\u00e7\u00f5es para acesso ao reposit\u00f3rio de normas da ABNT<\/a><\/p>\n<p align=\"justify\">Recomendamos tamb\u00e9m o acesso \u00e0 p\u00e1gina da BU, que possui mais informa\u00e7\u00f5es\u00a0 sobre acesso direto \u00e0s normas:<\/p>\n<p align=\"justify\"><a href=\"https:\/\/www.bu.ufmg.br\/bu_atual\/o-sistema-de-bibliotecas\/apoio-ao-pesquisador\/normalizacao-de-trabalhos-academicos\/\" target=\"_blank\" rel=\"noopener\">Normaliza\u00e7\u00e3o de trabalhos acad\u00eamicos &#8211; Sistema de Bibliotecas da UFMG<\/a><\/p>\n<\/div>\n<div class=\"attribute-long\">\n<p align=\"justify\">Informa\u00e7\u00f5es importantes sobre os prazos de entrega e defesa de TCC:<\/p>\n<\/div>\n<ol>\n<li>\u00a0A nota da disciplina de ELABORA\u00c7\u00c3O DE PROJETO DE TCC I OU INICIA\u00c7\u00c3O CIENT\u00cdFICA ser\u00e1 independente do projeto e competir\u00e1 ao professor da disciplina;<\/li>\n<li>O projeto ser\u00e1 depositado ao final da disciplina de &#8211; ELABORA\u00c7\u00c3O DE PROJETO DE TCC II OU INICIA\u00c7\u00c3O CIENT\u00cdFICA, com nota dada pelo orientador (a).<\/li>\n<li>O TCC ser\u00e1 depositado na disciplina DEFESA DE TCC OU SEMIN\u00c1RIO DE INICIA\u00c7\u00c3O CIENT\u00cdFICA , at\u00e9 15 dias antes da defesa, com aprova\u00e7\u00e3o do orientador (a) e indica\u00e7\u00e3o da banca e data para defesa.<\/li>\n<li>A documenta\u00e7\u00e3o dever\u00e1 ser enviada para o link pertinente na p\u00e1gina <a href=\"https:\/\/cienciasdoestado.direito.ufmg.br\/?page_id=2206\" target=\"_blank\" rel=\"noopener\">Envio de Documentos.<\/a> Devem ser usados os formul\u00e1rios abaixo:<\/li>\n<\/ol>\n<p><strong>FORMUL\u00c1RIOS DE TCC<\/strong><\/p>\n<table style=\"border-collapse: collapse; width: 100%;\">\n<tbody>\n<tr>\n<td style=\"width: 50%;\"><span style=\"font-size: 10pt;\">Indica\u00e7\u00e3o de Orientador<\/span><\/td>\n<td style=\"width: 50%; text-align: center;\"><span style=\"font-size: 10pt;\"><a href=\"https:\/\/cienciasdoestado.direito.ufmg.br\/wp-content\/uploads\/2023\/04\/Microsoft-Word-MONOGRAFIA-INDICA_307_303O-DO-ORIENTADOR-c-recibo.doc.pdf\">Clique Aqui<\/a><\/span><\/td>\n<\/tr>\n<tr>\n<td style=\"width: 50%;\"><span style=\"font-size: 10pt;\">Registro de Nota \u2013 TCC 2<\/span><\/td>\n<td style=\"width: 50%; text-align: center;\"><span style=\"font-size: 10pt;\"><a href=\"https:\/\/cienciasdoestado.direito.ufmg.br\/wp-content\/uploads\/2022\/06\/Recibo-TCC-II-e-III-1.pdf\">Clique Aqui<\/a><\/span><\/td>\n<\/tr>\n<tr>\n<td style=\"width: 50%;\"><span style=\"font-size: 10pt;\">Formul\u00e1rio de Mudan\u00e7a de Orientador<\/span><\/td>\n<td style=\"width: 50%; text-align: center;\"><span style=\"font-size: 10pt;\"><a href=\"https:\/\/cienciasdoestado.direito.ufmg.br\/wp-content\/uploads\/2023\/04\/FORMULARIO-MUDANCA-DE-ORIENTADOR-EDITAVEL-1.pdf\">Clique Aqui<\/a><\/span><\/td>\n<\/tr>\n<tr>\n<td style=\"width: 50%;\"><span style=\"font-size: 10pt;\">Agendamento de Defesa<\/span><\/td>\n<td style=\"width: 50%; text-align: center;\"><span style=\"font-size: 10pt;\"><a href=\"https:\/\/cienciasdoestado.direito.ufmg.br\/wp-content\/uploads\/2023\/04\/Microsoft-Word-FORMUL_301RIO_-_MARCA_307_303O_DE_DEFESA.rtf.pdf\">Clique Aqui<\/a><\/span><\/td>\n<\/tr>\n<tr>\n<td style=\"width: 50%;\"><span style=\"font-size: 10pt;\">Modelo de ata de Defesa<\/span><\/td>\n<td style=\"width: 50%; text-align: center;\"><span style=\"font-size: 10pt;\"><a href=\"https:\/\/cienciasdoestado.direito.ufmg.br\/wp-content\/uploads\/2023\/04\/Modelo-Ata-Defesa-de-TCC-4.doc\">Clique Aqui<\/a><\/span><\/td>\n<\/tr>\n<\/tbody>\n<\/table>\n<div class=\"attribute-long\">\n<p>ATEN\u00c7\u00c3O: os alunos que necessitarem de quaisquer equipamentos de audiovisual dever\u00e3o contatar com anteced\u00eancia o setor respons\u00e1vel (Setor de Audiovisual: 3409-8715 \/ audiovisual@direito.ufmg.br). O Colegiado n\u00e3o tem qualquer responsabilidade em rela\u00e7\u00e3o a essa demanda.<\/p>\n<\/div>\n<p>&nbsp;<\/p>\n<p>&nbsp;<\/p>\n<p align=\"justify\">\n","protected":false},"excerpt":{"rendered":"<p>Instru\u00e7\u00f5es para a elabora\u00e7\u00e3o e defesa de TCC (Trabalho de Conclus\u00e3o de Curso) do curso de Ci\u00eancias do Estado da UFMG.<\/p>\n","protected":false},"author":2,"featured_media":2404,"parent":0,"menu_order":0,"comment_status":"closed","ping_status":"closed","template":"page-templates\/fullwidth.php","meta":{"footnotes":""},"class_list":["post-1009","page","type-page","status-publish","has-post-thumbnail","hentry"],"publishpress_future_action":{"enabled":false,"date":"2026-05-10 03:31:56","action":"change-status","newStatus":"draft","terms":[],"taxonomy":"","extraData":[]},"publishpress_future_workflow_manual_trigger":{"enabledWorkflows":[]},"_links":{"self":[{"href":"https:\/\/cienciasdoestado.direito.ufmg.br\/index.php?rest_route=\/wp\/v2\/pages\/1009","targetHints":{"allow":["GET"]}}],"collection":[{"href":"https:\/\/cienciasdoestado.direito.ufmg.br\/index.php?rest_route=\/wp\/v2\/pages"}],"about":[{"href":"https:\/\/cienciasdoestado.direito.ufmg.br\/index.php?rest_route=\/wp\/v2\/types\/page"}],"author":[{"embeddable":true,"href":"https:\/\/cienciasdoestado.direito.ufmg.br\/index.php?rest_route=\/wp\/v2\/users\/2"}],"replies":[{"embeddable":true,"href":"https:\/\/cienciasdoestado.direito.ufmg.br\/index.php?rest_route=%2Fwp%2Fv2%2Fcomments&post=1009"}],"version-history":[{"count":21,"href":"https:\/\/cienciasdoestado.direito.ufmg.br\/index.php?rest_route=\/wp\/v2\/pages\/1009\/revisions"}],"predecessor-version":[{"id":2403,"href":"https:\/\/cienciasdoestado.direito.ufmg.br\/index.php?rest_route=\/wp\/v2\/pages\/1009\/revisions\/2403"}],"wp:featuredmedia":[{"embeddable":true,"href":"https:\/\/cienciasdoestado.direito.ufmg.br\/index.php?rest_route=\/wp\/v2\/media\/2404"}],"wp:attachment":[{"href":"https:\/\/cienciasdoestado.direito.ufmg.br\/index.php?rest_route=%2Fwp%2Fv2%2Fmedia&parent=1009"}],"curies":[{"name":"wp","href":"https:\/\/api.w.org\/{rel}","templated":true}]}}