{"id":1011,"date":"2019-02-21T12:25:31","date_gmt":"2019-02-21T15:25:31","guid":{"rendered":"http:\/\/150.164.104.187\/colgradce\/?page_id=1011"},"modified":"2021-09-11T15:20:51","modified_gmt":"2021-09-11T18:20:51","slug":"colacao-de-grau","status":"publish","type":"page","link":"https:\/\/cienciasdoestado.direito.ufmg.br\/?page_id=1011","title":{"rendered":"Cola\u00e7\u00e3o de Grau"},"content":{"rendered":"<p>Formul\u00e1rio de Inscri\u00e7\u00e3o para a Cola\u00e7\u00e3o de Grau. Preencha o formul\u00e1rio e junte a documenta\u00e7\u00e3o solicitada. Depois, compare\u00e7a \u00e0 secretaria do colegiado de Ci\u00eancias do Estado para protocolar sua inscri\u00e7\u00e3o. N\u00f3s o (a) manteremos informado (a) sobre a data e hor\u00e1rio da cerim\u00f4nia de cola\u00e7\u00e3o de grau.<\/p>\n<p><a href=\"https:\/\/cienciasdoestado.direito.ufmg.br\/wp-content\/uploads\/arquivos\/formularios\/inscricaocolacaograuce.pdf\">Formul\u00e1rio de Inscri\u00e7\u00e3o para a Cola\u00e7\u00e3o de Grau<\/a><\/p>\n","protected":false},"excerpt":{"rendered":"<p>Formul\u00e1rio de Inscri\u00e7\u00e3o para a Cola\u00e7\u00e3o de Grau. Preencha o formul\u00e1rio e junte a documenta\u00e7\u00e3o solicitada. Depois, compare\u00e7a \u00e0 secretaria do colegiado de Ci\u00eancias do Estado para protocolar sua inscri\u00e7\u00e3o.&hellip;<\/p>\n","protected":false},"author":1,"featured_media":0,"parent":0,"menu_order":0,"comment_status":"closed","ping_status":"closed","template":"","meta":{"footnotes":""},"class_list":["post-1011","page","type-page","status-publish","hentry"],"publishpress_future_action":{"enabled":false,"date":"2026-04-30 01:55:37","action":"change-status","newStatus":"draft","terms":[],"taxonomy":"","extraData":[]},"publishpress_future_workflow_manual_trigger":{"enabledWorkflows":[]},"_links":{"self":[{"href":"https:\/\/cienciasdoestado.direito.ufmg.br\/index.php?rest_route=\/wp\/v2\/pages\/1011","targetHints":{"allow":["GET"]}}],"collection":[{"href":"https:\/\/cienciasdoestado.direito.ufmg.br\/index.php?rest_route=\/wp\/v2\/pages"}],"about":[{"href":"https:\/\/cienciasdoestado.direito.ufmg.br\/index.php?rest_route=\/wp\/v2\/types\/page"}],"author":[{"embeddable":true,"href":"https:\/\/cienciasdoestado.direito.ufmg.br\/index.php?rest_route=\/wp\/v2\/users\/1"}],"replies":[{"embeddable":true,"href":"https:\/\/cienciasdoestado.direito.ufmg.br\/index.php?rest_route=%2Fwp%2Fv2%2Fcomments&post=1011"}],"version-history":[{"count":0,"href":"https:\/\/cienciasdoestado.direito.ufmg.br\/index.php?rest_route=\/wp\/v2\/pages\/1011\/revisions"}],"wp:attachment":[{"href":"https:\/\/cienciasdoestado.direito.ufmg.br\/index.php?rest_route=%2Fwp%2Fv2%2Fmedia&parent=1011"}],"curies":[{"name":"wp","href":"https:\/\/api.w.org\/{rel}","templated":true}]}}