{"id":11,"date":"2018-11-23T15:17:01","date_gmt":"2018-11-23T17:17:01","guid":{"rendered":"http:\/\/localhost\/colegiado\/?page_id=11"},"modified":"2023-09-05T14:27:44","modified_gmt":"2023-09-05T17:27:44","slug":"sobre","status":"publish","type":"page","link":"https:\/\/cienciasdoestado.direito.ufmg.br\/?page_id=11","title":{"rendered":"Colegiado"},"content":{"rendered":"<p><strong>Coordenador <\/strong><\/p>\n<p><span class=\"fontstyle0\">Prof. Dr. Roberto Vasconcelos Novaes<\/span><\/p>\n<p><strong>Subcoordenador<\/strong><\/p>\n<p><span class=\"fontstyle0\">Prof. Dr. Bruno Wanderley J\u00fanior<\/span><\/p>\n<p><strong>Secretaria do Colegiado<\/strong><\/p>\n<p>Correio eletr\u00f4nico: colgradce@direito.ufmg.br<\/p>\n<p>Secretaria do curso: 3409-8705<\/p>\n<p>Coordena\u00e7\u00e3o: 3409-8653<\/p>\n","protected":false},"excerpt":{"rendered":"<p>Coordenador Prof. Dr. Roberto Vasconcelos Novaes Subcoordenador Prof. Dr. Bruno Wanderley J\u00fanior Secretaria do Colegiado Correio eletr\u00f4nico: colgradce@direito.ufmg.br Secretaria do curso: 3409-8705 Coordena\u00e7\u00e3o: 3409-8653<\/p>\n","protected":false},"author":1,"featured_media":0,"parent":0,"menu_order":0,"comment_status":"closed","ping_status":"closed","template":"","meta":{"footnotes":""},"class_list":["post-11","page","type-page","status-publish","hentry"],"publishpress_future_action":{"enabled":false,"date":"2026-05-20 10:04:12","action":"change-status","newStatus":"draft","terms":[],"taxonomy":"","extraData":[]},"publishpress_future_workflow_manual_trigger":{"enabledWorkflows":[]},"_links":{"self":[{"href":"https:\/\/cienciasdoestado.direito.ufmg.br\/index.php?rest_route=\/wp\/v2\/pages\/11","targetHints":{"allow":["GET"]}}],"collection":[{"href":"https:\/\/cienciasdoestado.direito.ufmg.br\/index.php?rest_route=\/wp\/v2\/pages"}],"about":[{"href":"https:\/\/cienciasdoestado.direito.ufmg.br\/index.php?rest_route=\/wp\/v2\/types\/page"}],"author":[{"embeddable":true,"href":"https:\/\/cienciasdoestado.direito.ufmg.br\/index.php?rest_route=\/wp\/v2\/users\/1"}],"replies":[{"embeddable":true,"href":"https:\/\/cienciasdoestado.direito.ufmg.br\/index.php?rest_route=%2Fwp%2Fv2%2Fcomments&post=11"}],"version-history":[{"count":6,"href":"https:\/\/cienciasdoestado.direito.ufmg.br\/index.php?rest_route=\/wp\/v2\/pages\/11\/revisions"}],"predecessor-version":[{"id":2791,"href":"https:\/\/cienciasdoestado.direito.ufmg.br\/index.php?rest_route=\/wp\/v2\/pages\/11\/revisions\/2791"}],"wp:attachment":[{"href":"https:\/\/cienciasdoestado.direito.ufmg.br\/index.php?rest_route=%2Fwp%2Fv2%2Fmedia&parent=11"}],"curies":[{"name":"wp","href":"https:\/\/api.w.org\/{rel}","templated":true}]}}