{"id":138,"date":"2018-11-28T13:59:15","date_gmt":"2018-11-28T15:59:15","guid":{"rendered":"http:\/\/localhost\/colegiado\/?page_id=138"},"modified":"2025-12-12T11:30:27","modified_gmt":"2025-12-12T14:30:27","slug":"estagio","status":"publish","type":"page","link":"https:\/\/cienciasdoestado.direito.ufmg.br\/?page_id=138","title":{"rendered":"Est\u00e1gio"},"content":{"rendered":"<p>O curso prev\u00ea a realiza\u00e7\u00e3o de 300h de est\u00e1gio. Uma vez existente a possibilidade de realiza\u00e7\u00e3o de est\u00e1gio em diversas frentes de abrang\u00eancia do curso, seja diretamente em programas da UFMG, seja supervisionado quando da realiza\u00e7\u00e3o em institui\u00e7\u00f5es p\u00fablicas ou privadas conveniadas, cada unidade de est\u00e1gio ser\u00e1 de 30h.<\/p>\n<p>O campo de realiza\u00e7\u00e3o dos Est\u00e1gios Supervisionados, conforme o art. 1\u00ba, par\u00e1grafo \u00fanico, da Resolu\u00e7\u00e3o 02\/09 Conselho de Ensino, Pesquisa e Extens\u00e3o (CEPE\/UFMG), inclui institui\u00e7\u00f5es p\u00fablicas ou privadas ou institui\u00e7\u00f5es da sociedade civil organizada, ou mesmo as unidades ou \u00f3rg\u00e3os da pr\u00f3pria UFMG, que desenvolvam atividade prop\u00edcia ao aprendizado do graduando.<\/p>\n<p>Assim, o discente \u00e9 diretamente orientado por equipe de professores do curso e de estagi\u00e1rios de doc\u00eancia da p\u00f3s-gradua\u00e7\u00e3o ou \u00e9 orientado por profissionais nas institui\u00e7\u00f5es conveniadas, com supervis\u00e3o de professores, nos termos da legisla\u00e7\u00e3o em vigor (Lei Federal n.\u00ba 11.788\/2008).<\/p>\n<p><strong>DO SEGURO OBRIGAT\u00d3RIO<\/strong><\/p>\n<p>Em caso de est\u00e1gio obrigat\u00f3rio preencher com os dados do seguro informados a seguir. Lembramos que , em caso de est\u00e1gio N\u00c3O OBRIGAT\u00d3RIO o seguro \u00e9 de responsabilidade do contratante e os dados da ap\u00f3lice devem ser informados .<\/p>\n<p><strong>Seguradora: gente seguradora S.A \/ <\/strong><strong>Ap\u00f3lice : 01.82.0002769<br \/>\nVig\u00eancia: 01\/11\/2025 a 01\/11\/2026.<\/strong><\/p>\n<p><strong>NOME\/RAZ\u00c3O SOCIAL &#8211; UNIVERSIDADE FEDERAL DE MINAS GERAIS<\/strong><\/p>\n<p><strong>CNPJ -17.217.985\/0001-04<\/strong><\/p>\n<p>Representante da FDUFMG para assinatura dos contratos :<\/p>\n<p><strong> Coordenador do Curso de Ci\u00eancias do Estado<\/strong> <strong>&#8211; <\/strong><span class=\"fontstyle0\">Roberto Vasconcelos Novaes<\/span><\/p>\n<p><strong>Subcoordenador do Curso de Ci\u00eancias do Estado-\u00a0 <\/strong><span class=\"fontstyle0\">Paulo Roberto Coimbra Silva (<a href=\"https:\/\/cienciasdoestado.direito.ufmg.br\/wp-content\/uploads\/2024\/03\/Portaria-11560-2023.-Subccoordedor-COLGRAD-CE.-Paulo-Roberto-Coimbra-Silva.pdf\" target=\"_blank\" rel=\"noopener\">Portaria de delega\u00e7\u00e3o<\/a>)<\/span><\/p>\n<p><b>Informamos que os modelos de instrumentos jur\u00eddicos utilizados para celebra\u00e7\u00e3o de protocolos de est\u00e1gios para estudantes da gradua\u00e7\u00e3o foram atualizados POR DETERMINA\u00c7\u00c3O DA AGU, conforme Parecer No 00124\/2022\/JUR\/PFUFMG\/PGF\/AGU, de 28 de mar\u00e7o de 2022, visando a adequa\u00e7\u00e3o dos mesmos<\/b><a href=\"http:\/\/www.planalto.gov.br\/ccivil_03\/_ato2015-2018\/2018\/lei\/l13709.htm\">\u00a0<b>\u00e0 Lei Geral de Prote\u00e7\u00e3o de Dados (LGPD)<\/b><\/a><b>.\u00a0<\/b><\/p>\n<p><b>IMPORTANTE :<\/b><\/p>\n<p><b>1-N\u00e3o dever\u00e1 ser utilizado CPF\u00a0 ou identidade dos envolvidos na celebra\u00e7\u00e3o dos est\u00e1gios;<\/b><\/p>\n<p><b>2-N\u00e3o dever\u00e1 constar no instrumento o endere\u00e7o do aluno (embora eventualmente devam fornecer determinados dados, diretamente ao Campo de Est\u00e1gio, para efeitos cadastrais).<\/b><\/p>\n<p><b>3-Quanto ao coordenador, o documento dever\u00e1 informar apenas\u00a0<\/b><strong>o<em>\u00a0nome e os dados da <a href=\"https:\/\/cienciasdoestado.direito.ufmg.br\/wp-content\/uploads\/2024\/03\/SEI_UFMG-2214277-Portaria-Coordenacao-CE.pdf\" target=\"_blank\" rel=\"noopener\">portaria de delega\u00e7\u00e3o<\/a> de compet\u00eancia para o cargo.<\/em><\/strong><\/p>\n<table style=\"border-collapse: collapse; width: 100%; height: 272px;\">\n<tbody>\n<tr style=\"height: 24px;\">\n<td style=\"width: 99.8333%; height: 24px;\"><strong><a href=\"https:\/\/www2.ufmg.br\/prograd\/prograd\/Pro-Reitoria-de-Graduacao\/Estudante\/Estagio-Informacoes\">In<\/a><a href=\"https:\/\/www2.ufmg.br\/prograd\/prograd\/Pro-Reitoria-de-Graduacao\/Estudante\/Estagio-Informacoes\">forma\u00e7\u00f5es sobre Est\u00e1gio \u2013 PROGRAD<\/a><\/strong><\/td>\n<\/tr>\n<tr style=\"height: 24px;\">\n<td style=\"width: 99.8333%; height: 24px;\"><strong><a href=\"https:\/\/colgrad.direito.ufmg.br\/wp-content\/uploads\/2018\/11\/Cartilha-Lei-do-Est%C3%A1gio.pdf\">Cartilha \u2013 Lei de Est\u00e1gio<\/a><\/strong><\/td>\n<\/tr>\n<tr style=\"height: 24px;\">\n<td style=\"width: 99.8333%; height: 56px;\"><strong><a href=\"https:\/\/cienciasdoestado.direito.ufmg.br\/wp-content\/uploads\/2022\/08\/PlanoAtiv22-1.doc\">Modelo de Plano de Atividades<\/a><\/strong><\/td>\n<\/tr>\n<tr style=\"height: 24px;\">\n<td style=\"width: 99.8333%; height: 24px;\"><strong><a href=\"https:\/\/cienciasdoestado.direito.ufmg.br\/wp-content\/uploads\/2022\/08\/TermoCompVincColeg22.doc\">Modelo de Termo de Compromisso<\/a><\/strong><\/td>\n<\/tr>\n<tr style=\"height: 24px;\">\n<td style=\"width: 99.8333%; height: 24px;\"><strong><a href=\"https:\/\/cienciasdoestado.direito.ufmg.br\/wp-content\/uploads\/2022\/08\/TermoAditTComp22.doc\">Termo Aditivo de Compromisso<\/a><\/strong><\/td>\n<\/tr>\n<tr style=\"height: 24px;\">\n<td style=\"width: 99.8333%; height: 24px;\"><strong><a href=\"https:\/\/cienciasdoestado.direito.ufmg.br\/wp-content\/uploads\/2022\/08\/TermoResTComp22.doc\">Termo de Rescis\u00e3o de Est\u00e1gio\u00a0<\/a><\/strong><\/td>\n<\/tr>\n<tr>\n<td style=\"width: 99.8333%;\">INSTRUMENTOS JUR\u00cdDICOS \u2013 PROGRAD\u00a0<a href=\"https:\/\/www.ufmg.br\/prograd\/instrumentos-juridicos-estagios\/\">https:\/\/www.ufmg.br\/prograd\/instrumentos-juridicos-estagios\/<\/a><strong><br \/>\n<\/strong><\/td>\n<\/tr>\n<\/tbody>\n<\/table>\n<p><b>TODOS OS DOCUMENTOS E FORMUL\u00c1RIOS REFERENTES AO EST\u00c1GIO EST\u00c3O DISPON\u00cdVEIS EM<\/b>\u00a0<a href=\"https:\/\/www.ufmg.br\/prograd\/instrumentos-juridicos-estagios\/\"> \u00a0https:\/\/www.ufmg.br\/prograd\/instrumentos-juridicos-estagios\/<\/a><\/p>\n<p>A documenta\u00e7\u00e3o dever\u00e1 ser enviada para o link pertinente na p\u00e1gina <a href=\"https:\/\/cienciasdoestado.direito.ufmg.br\/?page_id=2206\" target=\"_blank\" rel=\"noopener\">Envio de Documentos<\/a>.<\/p>\n<p>&nbsp;<\/p>\n<p>&nbsp;<\/p>\n<p>&nbsp;<\/p>\n<p>&nbsp;<\/p>\n<p>&nbsp;<\/p>\n<p>&nbsp;<\/p>\n<p>&nbsp;<\/p>\n<p>&nbsp;<\/p>\n<p>&nbsp;<\/p>\n<p>&nbsp;<\/p>\n<p>&nbsp;<\/p>\n","protected":false},"excerpt":{"rendered":"<p>O curso prev\u00ea a realiza\u00e7\u00e3o de 300h de est\u00e1gio. Uma vez existente a possibilidade de realiza\u00e7\u00e3o de est\u00e1gio em diversas frentes de abrang\u00eancia do curso, seja diretamente em programas da&hellip;<\/p>\n","protected":false},"author":1,"featured_media":0,"parent":0,"menu_order":0,"comment_status":"closed","ping_status":"closed","template":"","meta":{"footnotes":""},"class_list":["post-138","page","type-page","status-publish","hentry"],"publishpress_future_action":{"enabled":false,"date":"2026-04-28 11:22:06","action":"change-status","newStatus":"draft","terms":[],"taxonomy":"","extraData":[]},"publishpress_future_workflow_manual_trigger":{"enabledWorkflows":[]},"_links":{"self":[{"href":"https:\/\/cienciasdoestado.direito.ufmg.br\/index.php?rest_route=\/wp\/v2\/pages\/138","targetHints":{"allow":["GET"]}}],"collection":[{"href":"https:\/\/cienciasdoestado.direito.ufmg.br\/index.php?rest_route=\/wp\/v2\/pages"}],"about":[{"href":"https:\/\/cienciasdoestado.direito.ufmg.br\/index.php?rest_route=\/wp\/v2\/types\/page"}],"author":[{"embeddable":true,"href":"https:\/\/cienciasdoestado.direito.ufmg.br\/index.php?rest_route=\/wp\/v2\/users\/1"}],"replies":[{"embeddable":true,"href":"https:\/\/cienciasdoestado.direito.ufmg.br\/index.php?rest_route=%2Fwp%2Fv2%2Fcomments&post=138"}],"version-history":[{"count":11,"href":"https:\/\/cienciasdoestado.direito.ufmg.br\/index.php?rest_route=\/wp\/v2\/pages\/138\/revisions"}],"predecessor-version":[{"id":3617,"href":"https:\/\/cienciasdoestado.direito.ufmg.br\/index.php?rest_route=\/wp\/v2\/pages\/138\/revisions\/3617"}],"wp:attachment":[{"href":"https:\/\/cienciasdoestado.direito.ufmg.br\/index.php?rest_route=%2Fwp%2Fv2%2Fmedia&parent=138"}],"curies":[{"name":"wp","href":"https:\/\/api.w.org\/{rel}","templated":true}]}}