{"id":1799,"date":"2021-12-09T17:57:20","date_gmt":"2021-12-09T20:57:20","guid":{"rendered":"https:\/\/cienciasdoestado.direito.ufmg.br\/?page_id=1799"},"modified":"2023-09-05T14:57:53","modified_gmt":"2023-09-05T17:57:53","slug":"solicitacao-de-documentos-atestados-certidoes-e-historicos","status":"publish","type":"page","link":"https:\/\/cienciasdoestado.direito.ufmg.br\/?page_id=1799","title":{"rendered":"Solicita\u00e7\u00e3o de Documentos \u2013 Atestados, Certid\u00f5es e Hist\u00f3ricos"},"content":{"rendered":"<div class=\"attribute-long\">\n<p><a href=\"https:\/\/sistemas.direito.ufmg.br\/solicitacoes\/index.php?a=add&amp;category=9\">Solicita\u00e7\u00e3o de Documentos<\/a><\/p>\n<p>Para requerer atestados de matr\u00edcula de v\u00e1rios tipos, hist\u00f3rico escolar e certid\u00f5es.<\/p>\n<ol>\n<li>Para requerer<strong> Atestado de Matr\u00edcula com Frequ\u00eancias \u00e0s Aulas<\/strong> ou <strong>Atestado de Matr\u00edcula com Presen\u00e7a em Provas<\/strong>, \u00e9 necess\u00e1rio que o <a href=\"https:\/\/cienciasdoestado.direito.ufmg.br\/wp-content\/uploads\/2023\/08\/Solicitacao_documento.pdf\">formul\u00e1rio<\/a> seja assinado pelos professores e acordo com as indica\u00e7\u00f5es nele constantes e seja juntado no sistema como anexo.<\/li>\n<li>Para acompanhar seus pedidos, tenha em m\u00e3os o c\u00f3digo do chamado: Exemplo: AH4-NZX-L5WZ e clique no link: <a href=\"https:\/\/sistemas.direito.ufmg.br\/solicitacoes\/ticket.php\" target=\"_blank\" rel=\"noopener\">Visualiza\u00e7\u00e3o de Chamados<\/a><\/li>\n<li>Voc\u00ea precisa ter feito <strong>login<\/strong> no Minha UFMG para ser capaz de realizar os requerimentos. Escolha o tipo de documento ou atestado no pr\u00f3prio chamado.<\/li>\n<li>Para documentos <strong>impressos<\/strong> \u00e9 necess\u00e1rio o recolhimento de uma GRU, no valor de\u00a0<strong>R$ 5,00 (cinco reais) por documento;<\/strong> valores superiores podem ser pagos no mesmo boleto, n\u00e3o havendo necessidade de um boleto para cada documento). Por exemplo, se a solicita\u00e7\u00e3o for de 02 documentos, o pagamento ser\u00e1 de R$ 10,00 (dez reais). O prazo para entrega dos documentos ser\u00e1 de <strong>5 dias \u00fateis<\/strong>. Para gerar a GRU \u2013 Guia de Recolhimento da Uni\u00e3o\u00a0<a href=\"https:\/\/sistemas.ufmg.br\/sisarc\/emissaogru\/gerir\/geriremissaogru.seam?codigo=vaWcHmM0C\" target=\"_blank\" rel=\"noopener noreferrer\">Clique Aqui<\/a>\u00a0ou acesse\u00a0<a href=\"https:\/\/gru.direito.ufmg.br\/\" target=\"_blank\" rel=\"noopener noreferrer\">https:\/\/gru.direito.ufmg.br<\/a> e clique no link emitir GRU da op\u00e7\u00e3o 13. <strong>A GRU \u00e9 paga exclusivamente no Banco do Brasil.<\/strong><\/li>\n<li>O comprovante de pagamento dever\u00e1 tamb\u00e9m ser juntado no sistema como anexo.<\/li>\n<li>O documento eletr\u00f4nico somente ser\u00e1 entregue por meio do sistema de pedidos.<\/li>\n<li>O documento impresso, caso solicitado, ficar\u00e1 dispon\u00edvel na secretaria do Colegiado e somente ser\u00e1 entregue ao pr\u00f3prio requerente ou a procurador munido de procura\u00e7\u00e3o particular simples.<\/li>\n<\/ol>\n<\/div>\n<div class=\"attribute-long\">\n<p>&nbsp;<\/p>\n<\/div>\n","protected":false},"excerpt":{"rendered":"<p>Solicita\u00e7\u00e3o de Documentos Para requerer atestados de matr\u00edcula de v\u00e1rios tipos, hist\u00f3rico escolar e certid\u00f5es. Para requerer Atestado de Matr\u00edcula com Frequ\u00eancias \u00e0s Aulas ou Atestado de Matr\u00edcula com Presen\u00e7a&hellip;<\/p>\n","protected":false},"author":2,"featured_media":0,"parent":0,"menu_order":0,"comment_status":"closed","ping_status":"closed","template":"","meta":{"footnotes":""},"class_list":["post-1799","page","type-page","status-publish","hentry"],"publishpress_future_action":{"enabled":false,"date":"2026-04-28 18:04:17","action":"change-status","newStatus":"draft","terms":[],"taxonomy":"","extraData":[]},"publishpress_future_workflow_manual_trigger":{"enabledWorkflows":[]},"_links":{"self":[{"href":"https:\/\/cienciasdoestado.direito.ufmg.br\/index.php?rest_route=\/wp\/v2\/pages\/1799","targetHints":{"allow":["GET"]}}],"collection":[{"href":"https:\/\/cienciasdoestado.direito.ufmg.br\/index.php?rest_route=\/wp\/v2\/pages"}],"about":[{"href":"https:\/\/cienciasdoestado.direito.ufmg.br\/index.php?rest_route=\/wp\/v2\/types\/page"}],"author":[{"embeddable":true,"href":"https:\/\/cienciasdoestado.direito.ufmg.br\/index.php?rest_route=\/wp\/v2\/users\/2"}],"replies":[{"embeddable":true,"href":"https:\/\/cienciasdoestado.direito.ufmg.br\/index.php?rest_route=%2Fwp%2Fv2%2Fcomments&post=1799"}],"version-history":[{"count":7,"href":"https:\/\/cienciasdoestado.direito.ufmg.br\/index.php?rest_route=\/wp\/v2\/pages\/1799\/revisions"}],"predecessor-version":[{"id":2797,"href":"https:\/\/cienciasdoestado.direito.ufmg.br\/index.php?rest_route=\/wp\/v2\/pages\/1799\/revisions\/2797"}],"wp:attachment":[{"href":"https:\/\/cienciasdoestado.direito.ufmg.br\/index.php?rest_route=%2Fwp%2Fv2%2Fmedia&parent=1799"}],"curies":[{"name":"wp","href":"https:\/\/api.w.org\/{rel}","templated":true}]}}