{"id":1811,"date":"2021-12-09T17:43:58","date_gmt":"2021-12-09T20:43:58","guid":{"rendered":"https:\/\/cienciasdoestado.direito.ufmg.br\/?page_id=1811"},"modified":"2021-12-09T17:43:58","modified_gmt":"2021-12-09T20:43:58","slug":"disciplina-isolada","status":"publish","type":"page","link":"https:\/\/cienciasdoestado.direito.ufmg.br\/?page_id=1811","title":{"rendered":"Disciplina Isolada"},"content":{"rendered":"<p><a href=\"https:\/\/colgrad.direito.ufmg.br\/?page_id=633\">Disciplinas Isoladas<\/a><\/p>\n<p>Processada a matr\u00edcula dos alunos do Curso de Gradua\u00e7\u00e3o em CI\u00eancias do Esatdo da UFMG, bem como dos alunos de outros cursos da UFMG interessados em cursar disciplinas integrantes da matriz curricular do curso de Ci\u00eancias do Estado como eletivas ou forma\u00e7\u00e3o complementar, ser\u00e3o apuradas as vagas remanescentes, que poder\u00e3o ser ofertadas \u00e0 comunidade em geral, como disciplinas isoladas, conforme a\u00a0<a href=\"https:\/\/colgrad.direito.ufmg.br\/wp-content\/uploads\/2018\/12\/10-REGULAMENTA-MATRICULA-EM-DISCIPLINAS-ISOLADAS.pdf\">Resolu\u00e7\u00e3o 10\u00a0 de 02\/06\/2009- Regulamenta a matr\u00edcula em disciplinas isoladas<\/a>.<\/p>\n<table>\n<tbody>\n<tr>\n<td><a href=\"https:\/\/www2.ufmg.br\/drca\/drca\/Home\/Graduacao\/Disciplina-Isolada\/Disciplina-Isolada-2019-11\">Procedimentos para matr\u00edcula em disciplina isolada<\/a><\/td>\n<\/tr>\n<tr>\n<td><a href=\"https:\/\/colgrad.direito.ufmg.br\/wp-content\/uploads\/2019\/01\/Formul%C3%A1rio-Isolada.pdf\">Formul\u00e1rio para matr\u00edcula em disciplina isolada<\/a><\/td>\n<\/tr>\n<\/tbody>\n<\/table>\n","protected":false},"excerpt":{"rendered":"<p>Disciplinas Isoladas Processada a matr\u00edcula dos alunos do Curso de Gradua\u00e7\u00e3o em CI\u00eancias do Esatdo da UFMG, bem como dos alunos de outros cursos da UFMG interessados em cursar disciplinas&hellip;<\/p>\n","protected":false},"author":2,"featured_media":0,"parent":0,"menu_order":0,"comment_status":"closed","ping_status":"closed","template":"","meta":{"footnotes":""},"class_list":["post-1811","page","type-page","status-publish","hentry"],"publishpress_future_action":{"enabled":false,"date":"2026-05-20 06:00:55","action":"change-status","newStatus":"draft","terms":[],"taxonomy":"","extraData":[]},"publishpress_future_workflow_manual_trigger":{"enabledWorkflows":[]},"_links":{"self":[{"href":"https:\/\/cienciasdoestado.direito.ufmg.br\/index.php?rest_route=\/wp\/v2\/pages\/1811","targetHints":{"allow":["GET"]}}],"collection":[{"href":"https:\/\/cienciasdoestado.direito.ufmg.br\/index.php?rest_route=\/wp\/v2\/pages"}],"about":[{"href":"https:\/\/cienciasdoestado.direito.ufmg.br\/index.php?rest_route=\/wp\/v2\/types\/page"}],"author":[{"embeddable":true,"href":"https:\/\/cienciasdoestado.direito.ufmg.br\/index.php?rest_route=\/wp\/v2\/users\/2"}],"replies":[{"embeddable":true,"href":"https:\/\/cienciasdoestado.direito.ufmg.br\/index.php?rest_route=%2Fwp%2Fv2%2Fcomments&post=1811"}],"version-history":[{"count":0,"href":"https:\/\/cienciasdoestado.direito.ufmg.br\/index.php?rest_route=\/wp\/v2\/pages\/1811\/revisions"}],"wp:attachment":[{"href":"https:\/\/cienciasdoestado.direito.ufmg.br\/index.php?rest_route=%2Fwp%2Fv2%2Fmedia&parent=1811"}],"curies":[{"name":"wp","href":"https:\/\/api.w.org\/{rel}","templated":true}]}}