{"id":1812,"date":"2021-12-09T17:36:22","date_gmt":"2021-12-09T20:36:22","guid":{"rendered":"https:\/\/cienciasdoestado.direito.ufmg.br\/?page_id=1812"},"modified":"2025-12-01T12:06:11","modified_gmt":"2025-12-01T15:06:11","slug":"formularios-do-colegiado","status":"publish","type":"page","link":"https:\/\/cienciasdoestado.direito.ufmg.br\/?page_id=1812","title":{"rendered":"Formul\u00e1rios da Secretaria"},"content":{"rendered":"<table style=\"width: 87.6017%; height: 438px;\">\n<tbody>\n<tr style=\"height: 24px;\">\n<td style=\"width: 100%; height: 24px;\"><a href=\"https:\/\/cienciasdoestado.direito.ufmg.br\/?page_id=3508\">ACG<\/a><\/td>\n<\/tr>\n<tr style=\"height: 24px;\">\n<td style=\"width: 100%; height: 24px;\"><span style=\"color: #3366ff;\"><a style=\"color: #3366ff; cursor: pointer;\" href=\"https:\/\/cienciasdoestado.direito.ufmg.br\/wp-content\/uploads\/2019\/06\/acertomatricula.pdf\">Acerto de Matricula<\/a><\/span><\/td>\n<\/tr>\n<tr style=\"height: 24px;\">\n<td style=\"width: 100%; height: 24px;\"><span style=\"color: #3366ff;\"><a style=\"color: #3366ff; cursor: pointer;\" href=\"https:\/\/cienciasdoestado.direito.ufmg.br\/?page_id=1822&amp;preview=true\">Aproveitamento de Estudos<\/a><\/span><\/td>\n<\/tr>\n<tr style=\"height: 24px;\">\n<td style=\"width: 100%; height: 24px;\"><a href=\"https:\/\/cienciasdoestado.direito.ufmg.br\/wp-content\/uploads\/2022\/04\/form-13_Autoriz-ELETIVA-3.pdf\">Autoriza\u00e7\u00e3o de Matricula em Disciplina Eletiva<\/a><\/td>\n<\/tr>\n<tr style=\"height: 29px;\">\n<td style=\"width: 100%; height: 29px;\"><span style=\"color: #3366ff;\"><a style=\"color: #3366ff; cursor: pointer; font-family: inherit; font-size: 0.875rem;\" href=\"https:\/\/cienciasdoestado.direito.ufmg.br\/?page_id=1811&amp;preview=true\">Disciplinas Isoladas<\/a><\/span><\/td>\n<\/tr>\n<tr style=\"height: 29px;\">\n<td style=\"width: 100%; height: 29px;\"><span style=\"color: #3366ff;\"><strong>Exame de Comprova\u00e7\u00e3o de Conhecimento<\/strong> &#8211; <span style=\"color: #000000;\"><strong>somente pelo SIGA<\/strong><\/span><\/span><\/p>\n<p><a href=\"http:\/\/Solicita\u00e7\u00e3o de Documentos \u2013 Atestados Inscri\u00e7\u00e3o para Cola\u00e7\u00e3o de Grau Trancamentos Total\/Parcial de Matr\u00edculas \u2013\u00a0somente pelo SIGA Disciplinas Isoladas\">Resolu\u00e7\u00e3o CEPE 04\/2019<\/a><\/td>\n<\/tr>\n<tr style=\"height: 29px;\">\n<td style=\"width: 100%; height: 29px;\"><span style=\"color: #3366ff;\"><a style=\"color: #3366ff; cursor: pointer;\" href=\"https:\/\/cienciasdoestado.direito.ufmg.br\/?page_id=1824&amp;preview=true\">Forma\u00e7\u00e3o Complementar Aberta e\/ou Forma\u00e7\u00e3o Livre<\/a><\/span><\/td>\n<\/tr>\n<tr style=\"height: 57px;\">\n<td style=\"width: 100%; height: 57px;\"><a href=\"https:\/\/cienciasdoestado.direito.ufmg.br\/wp-content\/uploads\/2025\/12\/ReqDeslAluno.pdf\" target=\"_blank\" rel=\"noopener\"><span style=\"color: #3366ff;\">Formul\u00e1rio para an\u00e1lise de Pedido de Revis\u00e3o de Desligamento e\u00a0Plano de Estudos<\/span><\/a><\/td>\n<\/tr>\n<tr style=\"height: 29px;\">\n<td style=\"width: 100%; height: 29px;\"><span style=\"color: #3366ff;\"><a style=\"color: #3366ff; cursor: pointer;\" href=\"https:\/\/cienciasdoestado.direito.ufmg.br\/wp-content\/uploads\/2024\/03\/Formulario_RAEP_Estudante.docx\">Formul\u00e1rio Regime Especial\u00a0 &#8211; DOC<\/a><\/span><\/td>\n<\/tr>\n<tr style=\"height: 29px;\">\n<td style=\"width: 100%; height: 29px;\"><span style=\"color: #3366ff;\"><a style=\"color: #3366ff; cursor: pointer;\" href=\"https:\/\/cienciasdoestado.direito.ufmg.br\/?page_id=1804\" target=\"_blank\" rel=\"noopener\">Inscri\u00e7\u00e3o para Cola\u00e7\u00e3o de Grau<\/a><\/span><\/td>\n<\/tr>\n<tr>\n<td style=\"width: 100%;\"><a href=\"https:\/\/cienciasdoestado.direito.ufmg.br\/wp-content\/uploads\/2025\/07\/Plano-de-estudo-Ciencias-do-Estado-Modelo.doc\" target=\"_blank\" rel=\"noopener\"><span style=\"color: #3366ff;\">Modelos de Plano de Estudos<\/span><\/a><\/td>\n<\/tr>\n<tr style=\"height: 29px;\">\n<td style=\"width: 100%; height: 29px;\"><span style=\"color: #3366ff;\"><a style=\"color: #3366ff; cursor: pointer;\" href=\"https:\/\/cienciasdoestado.direito.ufmg.br\/wp-content\/uploads\/2021\/07\/REQUERIMENTO-LICENCA-MATERNIDADE-1.pdf\">Requerimento de Licen\u00e7a Maternidade<\/a><\/span><\/td>\n<\/tr>\n<tr style=\"height: 29px;\">\n<td style=\"width: 100%; height: 29px;\"><span style=\"color: #3366ff;\"><a style=\"color: #3366ff; cursor: pointer;\" href=\"https:\/\/cienciasdoestado.direito.ufmg.br\/wp-content\/uploads\/2022\/04\/form-12_Disc-ELETIVA-1.pdf\">Requerimento de Matr\u00edcula em Disciplina Eletiva\u00a0<\/a><\/span><\/td>\n<\/tr>\n<tr style=\"height: 29px;\">\n<td style=\"width: 100%; height: 29px;\"><span style=\"color: #3366ff;\"><a style=\"color: #3366ff; cursor: pointer;\" href=\"https:\/\/cienciasdoestado.direito.ufmg.br\/wp-content\/uploads\/2023\/10\/coordenador-a-do-Colegiado-de-Graduacao-em-Ciencias-do-Estado-1.pdf\" target=\"_blank\" rel=\"noopener\">Requerimento ao Colegiado<\/a><\/span><\/td>\n<\/tr>\n<tr style=\"height: 24px;\">\n<td style=\"width: 100%; height: 24px;\"><a href=\"https:\/\/cienciasdoestado.direito.ufmg.br\/?page_id=1009\" target=\"_blank\" rel=\"noopener\">Trabalho de Conclus\u00e3o de Curso<\/a><\/td>\n<\/tr>\n<tr style=\"height: 29px;\">\n<td style=\"width: 100%; height: 29px;\"><span style=\"color: #3366ff;\"><strong>Trancamentos Total\/Parcial de Matr\u00edculas<\/strong> <\/span>\u2013\u00a0<strong>somente pelo SIGA<\/strong><\/td>\n<\/tr>\n<\/tbody>\n<\/table>\n","protected":false},"excerpt":{"rendered":"<p>ACG Acerto de Matricula Aproveitamento de Estudos Autoriza\u00e7\u00e3o de Matricula em Disciplina Eletiva Disciplinas Isoladas Exame de Comprova\u00e7\u00e3o de Conhecimento &#8211; somente pelo SIGA Resolu\u00e7\u00e3o CEPE 04\/2019 Forma\u00e7\u00e3o Complementar Aberta&hellip;<\/p>\n","protected":false},"author":2,"featured_media":0,"parent":0,"menu_order":0,"comment_status":"closed","ping_status":"closed","template":"","meta":{"footnotes":""},"class_list":["post-1812","page","type-page","status-publish","hentry"],"publishpress_future_action":{"enabled":false,"date":"2026-04-30 05:42:53","action":"change-status","newStatus":"draft","terms":[],"taxonomy":"","extraData":[]},"publishpress_future_workflow_manual_trigger":{"enabledWorkflows":[]},"_links":{"self":[{"href":"https:\/\/cienciasdoestado.direito.ufmg.br\/index.php?rest_route=\/wp\/v2\/pages\/1812","targetHints":{"allow":["GET"]}}],"collection":[{"href":"https:\/\/cienciasdoestado.direito.ufmg.br\/index.php?rest_route=\/wp\/v2\/pages"}],"about":[{"href":"https:\/\/cienciasdoestado.direito.ufmg.br\/index.php?rest_route=\/wp\/v2\/types\/page"}],"author":[{"embeddable":true,"href":"https:\/\/cienciasdoestado.direito.ufmg.br\/index.php?rest_route=\/wp\/v2\/users\/2"}],"replies":[{"embeddable":true,"href":"https:\/\/cienciasdoestado.direito.ufmg.br\/index.php?rest_route=%2Fwp%2Fv2%2Fcomments&post=1812"}],"version-history":[{"count":16,"href":"https:\/\/cienciasdoestado.direito.ufmg.br\/index.php?rest_route=\/wp\/v2\/pages\/1812\/revisions"}],"predecessor-version":[{"id":3557,"href":"https:\/\/cienciasdoestado.direito.ufmg.br\/index.php?rest_route=\/wp\/v2\/pages\/1812\/revisions\/3557"}],"wp:attachment":[{"href":"https:\/\/cienciasdoestado.direito.ufmg.br\/index.php?rest_route=%2Fwp%2Fv2%2Fmedia&parent=1812"}],"curies":[{"name":"wp","href":"https:\/\/api.w.org\/{rel}","templated":true}]}}