{"id":1822,"date":"2021-12-09T17:42:33","date_gmt":"2021-12-09T20:42:33","guid":{"rendered":"https:\/\/cienciasdoestado.direito.ufmg.br\/?page_id=1822"},"modified":"2025-08-12T07:21:59","modified_gmt":"2025-08-12T10:21:59","slug":"aproveitamento-de-estudos","status":"publish","type":"page","link":"https:\/\/cienciasdoestado.direito.ufmg.br\/?page_id=1822","title":{"rendered":"Aproveitamento de Estudos"},"content":{"rendered":"<p><a href=\"https:\/\/cienciasdoestado.direito.ufmg.br\/wp-content\/uploads\/2021\/06\/form-7_Aprov-ESTUDOS-1.pdf\">FORMUL\u00c1RIO REQUERIMENTO DE APROVEITAMENTO DE ESTUDOS<\/a><\/p>\n<p><a href=\"https:\/\/cienciasdoestado.direito.ufmg.br\/wp-content\/uploads\/2022\/06\/form-7_Aprov-ESTUDOS-1.doc\">FORMUL\u00c1RIO REQUERIMENTO DE APROVEITAMENTO ESTUDOS DOC (SALVAR EM PDF ANTES DE ANEXAR AO PEDIDO NO SISTEMA)<\/a><\/p>\n<p>Conforme a\u00a0<a href=\"https:\/\/colgrad.direito.ufmg.br\/wp-content\/uploads\/2020\/08\/06rescepe2019.pdf\">Resolu\u00e7\u00e3o CEPE N\u00ba 06\/2019<\/a>,\u00a0o aluno que cursou disciplinas realizadas em outras institui\u00e7\u00f5es de ensino superior, nacionais ou internacionais poder\u00e3o solicitar o aproveitamento de estudos (dispensa de disciplina).<\/p>\n<p><strong>Crit\u00e9rios para solicitar o aproveitamento de estudos:<\/strong><\/p>\n<p>I \u2013 protocolizar o requerimento de aproveitamento de estudos, no m\u00e1ximo, at\u00e9 o segundo per\u00edodo letivo de v\u00ednculo do estudante no curso , no per\u00edodo estipulado no Calend\u00e1rio Acad\u00eamico da UFMG;<\/p>\n<p>II \u2013 haver correspond\u00eancia entre a(s) atividade(s) cursada(s) em outra institui\u00e7\u00e3o de ensino superior e a atividade acad\u00eamica curricular constante do percurso curricular a que se vincula o (a) requerente e para a qual se solicita o aproveitamento;<\/p>\n<p>III \u2013 ter conclu\u00eddo a atividade antes da data de ingresso do(a) requerente na UFMG;<\/p>\n<p>IV \u2013 n\u00e3o ter sido o (a) requerente reprovado (a) na atividade acad\u00eamica curricular ofertada pela UFMG para a qual requer aproveitamento de estudos.<\/p>\n<p>O aproveitamento de estudos realizados em outras institui\u00e7\u00f5es de ensino superior, no \u00e2mbito de mobilidade acad\u00eamica nacional ou internacional, em per\u00edodo concomitante ao de forma\u00e7\u00e3o do(a) estudante no curso de gradua\u00e7\u00e3o dar-se-\u00e0 conforme disposto no art. 48 das\u00a0<a href=\"https:\/\/www2.ufmg.br\/prograd\/prograd\/Pro-Reitoria-de-Graduacao\/Publicacoes\/Normas-Gerais-de-Graduacao\">Normas Gerais de Gradua\u00e7\u00e3o<\/a>.<\/p>\n<p dir=\"ltr\"><strong>Informa\u00e7\u00f5es adicionais:<\/strong><\/p>\n<p dir=\"ltr\">A dispensa de realiza\u00e7\u00e3o de atividades acad\u00eamicas curriculares, n\u00e3o poder\u00e1 ultrapassar 75% (setenta e cinco por cento) da carga hor\u00e1ria total do percurso de vincula\u00e7\u00e3o do estudante \u00e0 UFMG; No caso de solicita\u00e7\u00e3o de dispensa em disciplina(s) que o aluno estiver matriculado recomenda-se que o mesmo continue frequentando a(s) disciplina(s) at\u00e9 que obtenha resposta de seu(s) requerimento(s);<\/p>\n<p dir=\"ltr\">No caso de solicita\u00e7\u00e3o de dispensa em disciplina(s) que o aluno estiver matriculado recomenda-se que o mesmo continue frequentando a(s) disciplina(s) at\u00e9 que obtenha resposta de seu(s) requerimento(s);<\/p>\n<div class=\"attribute-short\">\n<p>O aproveitamento de estudos por equival\u00eancia n\u00e3o ser\u00e1 considerado para o c\u00e1lculo de NSG (Nota Semestral Global);<\/p>\n<p>O aluno dever\u00e1 consultar o deferimento de sua solicita\u00e7\u00e3o no Sistema Acad\u00eamico \u201cSIGA UFMG\u201d em \u201cMINHAS OCORR\u00caNCIAS\u201d<\/p>\n<p><strong>Como solicitar:<\/strong><\/p>\n<ol>\n<li><a href=\"https:\/\/cienciasdoestado.direito.ufmg.br\/wp-content\/uploads\/2021\/06\/form-7_Aprov-ESTUDOS-1.pdf\">Requerimento<\/a>\u00a0 devidamente preenchido;<\/li>\n<li>Ementa da disciplina (carimbada e autenticada pela Institui\u00e7\u00e3o de origem da disciplina; na impossibilidade de apresentar a ementa carimbada, a institui\u00e7\u00e3o de origem poder\u00e1 enviar e-mail (exclusivamente via e-mail institucional)\u00a0 atestando a autenticidade da ementa apresentada;<\/li>\n<li>Anexar o hist\u00f3rico escolar (emitido pela institui\u00e7\u00e3o onde foi cursada a disciplina).<\/li>\n<li>Enviar todos os documentos no link <strong>Aproveitamento de Estudos<\/strong> em <a href=\"https:\/\/cienciasdoestado.direito.ufmg.br\/?page_id=2206\" target=\"_blank\" rel=\"noopener\">Envio de Documentos<\/a>.<\/li>\n<\/ol>\n<p><strong>Informa\u00e7\u00f5es adicionais:<\/strong><\/p>\n<ul>\n<li dir=\"ltr\">Deve ser enviado um formul\u00e1rio para cada disciplina em que for requisitado o aproveitamento de estudos;<\/li>\n<li dir=\"ltr\">\u00c9 imprescind\u00edvel que o requerimento\u00a0 seja enviado em <strong>PDF <\/strong>(permitindo a\u00a0 assinatura da coordena\u00e7\u00e3o ),<\/li>\n<li dir=\"ltr\">O aluno dever\u00e1 acompanhar pelo extrato de integraliza\u00e7\u00e3o o lan\u00e7amento dos requerimentos deferidos.\u00a0<strong>Somente os requerimentos indeferidos ser\u00e3o comunicados ao aluno.<\/strong><\/li>\n<\/ul>\n<\/div>\n","protected":false},"excerpt":{"rendered":"<p>FORMUL\u00c1RIO REQUERIMENTO DE APROVEITAMENTO DE ESTUDOS FORMUL\u00c1RIO REQUERIMENTO DE APROVEITAMENTO ESTUDOS DOC (SALVAR EM PDF ANTES DE ANEXAR AO PEDIDO NO SISTEMA) Conforme a\u00a0Resolu\u00e7\u00e3o CEPE N\u00ba 06\/2019,\u00a0o aluno que cursou&hellip;<\/p>\n","protected":false},"author":2,"featured_media":0,"parent":0,"menu_order":0,"comment_status":"closed","ping_status":"closed","template":"","meta":{"footnotes":""},"class_list":["post-1822","page","type-page","status-publish","hentry"],"publishpress_future_action":{"enabled":false,"date":"2026-04-28 10:13:07","action":"change-status","newStatus":"draft","terms":[],"taxonomy":"","extraData":[]},"publishpress_future_workflow_manual_trigger":{"enabledWorkflows":[]},"_links":{"self":[{"href":"https:\/\/cienciasdoestado.direito.ufmg.br\/index.php?rest_route=\/wp\/v2\/pages\/1822","targetHints":{"allow":["GET"]}}],"collection":[{"href":"https:\/\/cienciasdoestado.direito.ufmg.br\/index.php?rest_route=\/wp\/v2\/pages"}],"about":[{"href":"https:\/\/cienciasdoestado.direito.ufmg.br\/index.php?rest_route=\/wp\/v2\/types\/page"}],"author":[{"embeddable":true,"href":"https:\/\/cienciasdoestado.direito.ufmg.br\/index.php?rest_route=\/wp\/v2\/users\/2"}],"replies":[{"embeddable":true,"href":"https:\/\/cienciasdoestado.direito.ufmg.br\/index.php?rest_route=%2Fwp%2Fv2%2Fcomments&post=1822"}],"version-history":[{"count":7,"href":"https:\/\/cienciasdoestado.direito.ufmg.br\/index.php?rest_route=\/wp\/v2\/pages\/1822\/revisions"}],"predecessor-version":[{"id":3489,"href":"https:\/\/cienciasdoestado.direito.ufmg.br\/index.php?rest_route=\/wp\/v2\/pages\/1822\/revisions\/3489"}],"wp:attachment":[{"href":"https:\/\/cienciasdoestado.direito.ufmg.br\/index.php?rest_route=%2Fwp%2Fv2%2Fmedia&parent=1822"}],"curies":[{"name":"wp","href":"https:\/\/api.w.org\/{rel}","templated":true}]}}