{"id":1824,"date":"2021-12-09T17:42:11","date_gmt":"2021-12-09T20:42:11","guid":{"rendered":"https:\/\/cienciasdoestado.direito.ufmg.br\/?page_id=1824"},"modified":"2023-03-03T14:35:28","modified_gmt":"2023-03-03T17:35:28","slug":"formacao-complementar-aberta-e-ou-formacao-livre","status":"publish","type":"page","link":"https:\/\/cienciasdoestado.direito.ufmg.br\/?page_id=1824","title":{"rendered":"Forma\u00e7\u00e3o Complementar Aberta e\/ou Forma\u00e7\u00e3o Livre"},"content":{"rendered":"<p><a href=\"https:\/\/cienciasdoestado.direito.ufmg.br\/wp-content\/uploads\/2021\/07\/FCA_FL-novo-formulario-para-CE.docx.pdf\">Forma\u00e7\u00e3o Complementar Aberta e\/ou Forma\u00e7\u00e3o Livre<\/a><\/p>\n<p>I<strong>nforma\u00e7\u00f5es Adicionais:<\/strong><\/p>\n<p>No curso de Ci\u00eancias do Estado, o aluno deve integralizar uma carga hor\u00e1ria de 2520 horas, distribu\u00eddas ao longo de 8 semestres letivos.<\/p>\n<ol>\n<li>1740h (mil setecentas e quarenta horas) est\u00e3o destinadas \u00e0s atividades de natureza obrigat\u00f3ria<\/li>\n<li>480h (quatrocentas e vinte horas) ser\u00e3o integralizadas de forma flexibilizada, conforme op\u00e7\u00e3o do aluno.<\/li>\n<\/ol>\n<ul>\n<li>Da carga hor\u00e1ria flexibilizada, 60h (sessenta horas) ser\u00e3o cumpridas com a Forma\u00e7\u00e3o Livre (em disciplinas eletivas de sua livre escolha, em qualquer outro curso de gradua\u00e7\u00e3o ou de p\u00f3s-gradua\u00e7\u00e3o da UFMG).<\/li>\n<li>As 420 horas flexibilizadas restantes ser\u00e3o cumpridas por meio de disciplinas optativas do curso. A integraliza\u00e7\u00e3o de cr\u00e9ditos em disciplinas optativas por meio de ACG no Curso de Ci\u00eancias do Estado<\/li>\n<li>A pedido do aluno e mediante a aprova\u00e7\u00e3o de um plano de estudos por um professor-orientador e pelo Colegiado, 360h (trezentos e sessenta horas) da carga hor\u00e1ria flexibilizada poder\u00e3o ser cumpridas com a realiza\u00e7\u00e3o da <strong><span style=\"color: #ff0000;\">Forma\u00e7\u00e3o Complementar Aberta<\/span> <\/strong>(em disciplinas de livre escolha do aluno, em qualquer outro curso de gradua\u00e7\u00e3o da UFMG).<\/li>\n<\/ul>\n<p align=\"justify\">3.Em qualquer das duas modalidades indicadas, o aluno dever\u00e1 tamb\u00e9m cumprir a carga hor\u00e1ria m\u00ednima de atividades de est\u00e1gio (300 h), bem como elaborar e defender o trabalho final de conclus\u00e3o do curso.<\/p>\n<p><strong>Forma\u00e7\u00e3o Livre<\/strong><\/p>\n<p>S\u00e3o disciplinas que n\u00e3o est\u00e3o no grupo de disciplinas obrigat\u00f3rias nem de optativas do curso. Estas disciplinas pertencem a outros cursos da UFMG (anteriormente eram denominadas \u201cdisciplinas eletivas\u201d).<\/p>\n<p>S\u00e3o disciplinas oferecidas em outros cursos e\/ou unidades acad\u00eamicas que podem ser escolhidas pelo aluno, de acordo com a oferta e disponibilidade de vagas.<\/p>\n<p>Na configura\u00e7\u00e3o atual do curso de Ci\u00eancias do Estado o aluno deve cursar, no m\u00ednimo, 60 horas\/aula em atividades de forma\u00e7\u00e3o livre que correspondem a 4 cr\u00e9ditos.<\/p>\n<p><b>Forma\u00e7\u00e3o Complementar Aberta<\/b><\/p>\n<p>A Forma\u00e7\u00e3o Complementar Aberta permite ao aluno ampliar a sua forma\u00e7\u00e3o em qualquer campo do conhecimento, com base estritamente em seu interesse individual.<\/p>\n<p>O aluno pode escolher, para tanto, disciplinas de qualquer curso de gradua\u00e7\u00e3o da UFMG, ou seja,\u00a0disciplinas que n\u00e3o est\u00e3o no grupo de disciplinas obrigat\u00f3rias nem de optativas do seu curso.<\/p>\n<p>Contudo, na FCA essas disciplinas devem ser escolhidas segundo um recorte de \u00e1rea de conhecimento complementar \u00e0 forma\u00e7\u00e3o em Ci\u00eancias do Estado e possu\u00edrem conex\u00e3o conceitual com o campo de Ci\u00eancias do Estado.<\/p>\n<p>Al\u00e9m disso,\u00a0o aluno dever\u00e1 ter um professor orientador que o auxiliar\u00e1 a propor um plano de estudos para a sua forma\u00e7\u00e3o em um campo do conhecimento complementar e com conex\u00e3o conceitual \u00e0 sua forma\u00e7\u00e3o em Ci\u00eancias do Estado. O plano de estudos para a Forma\u00e7\u00e3o Complementar aberta dever\u00e1 ser autorizado pelo Colegiado do Curso.<\/p>\n<p>No curso de Ci\u00eancias do Estado, para obter o certificado em forma\u00e7\u00e3o complementar, o aluno dever\u00e1 cumprir uma carga hor\u00e1ria m\u00ednima de 360h (trezentos e sessenta horas) em atividades acad\u00eamicas curriculares dos cursos de gradua\u00e7\u00e3o j\u00e1 existentes na UFMG.<\/p>\n<ul>\n<li aria-level=\"1\">A proposta deve ser discutida com o orientador acad\u00eamico do aluno.<\/li>\n<li aria-level=\"1\">O aluno dever\u00e1 solicitar tamb\u00e9m a orienta\u00e7\u00e3o de um professor da \u00e1rea da forma\u00e7\u00e3o complementar.<\/li>\n<li aria-level=\"1\">A proposta deve ter uma carga hor\u00e1ria m\u00ednima de 360 (trezentos e sessenta horas) mas, recomenda-se incluir um n\u00famero maior de disciplinas, pois a sua efetiva\u00e7\u00e3o depende da exist\u00eancia de vagas.<\/li>\n<li aria-level=\"1\">Deve ser anexado um Plano de Estudos com uma justificativa clara do objetivo da forma\u00e7\u00e3o complementar e sua conex\u00e3o conceitual com a \u00e1rea de Ci\u00eancias do Estado.<\/li>\n<li aria-level=\"1\">Devem ser anexadas ao Plano de Estudos as ementas das disciplinas propostas<\/li>\n<li aria-level=\"1\">N\u00e3o poder\u00e3o ser inclu\u00eddas disciplinas de p\u00f3s-gradua\u00e7\u00e3o.<\/li>\n<\/ul>\n<p><strong>Forma\u00e7\u00e3o Transversal<\/strong><\/p>\n<p>As Forma\u00e7\u00f5es Transversais s\u00e3o atividades acad\u00eamicas que abordam tem\u00e1ticas de interesse geral visando incentivar a forma\u00e7\u00e3o de esp\u00edrito cr\u00edtico e de vis\u00e3o aprofundada em rela\u00e7\u00e3o \u00e0s grandes quest\u00f5es do pa\u00eds e da humanidade. O conjunto de Forma\u00e7\u00f5es Transversais constitui um espa\u00e7o comum de forma\u00e7\u00e3o para todos os cursos de gradua\u00e7\u00e3o da UFMG.<\/p>\n<p>Uma Forma\u00e7\u00e3o Transversal tem as seguintes caracter\u00edsticas:<\/p>\n<ul>\n<li aria-level=\"1\">\u00c9 formada por um conjunto de disciplinas que comp\u00f5em um \u2018mini-curr\u00edculo\u2019, abordando uma tem\u00e1tica espec\u00edfica.<\/li>\n<li aria-level=\"1\">Sua carga hor\u00e1ria total \u00e9 de pelo menos 360 horas-aula.<\/li>\n<li aria-level=\"1\">Suas disciplinas s\u00e3o registradas normalmente no hist\u00f3rico escolar. O estudante que concluir uma Forma\u00e7\u00e3o Transversal ter\u00e1 direito a um certificado pr\u00f3prio da forma\u00e7\u00e3o.<\/li>\n<li aria-level=\"1\">S\u00e3o abertas a estudantes de todos os cursos de gradua\u00e7\u00e3o da UFMG.<\/li>\n<li aria-level=\"1\">Podem ser utilizadas para integralizar a carga hor\u00e1ria de Forma\u00e7\u00e3o Complementar Aberta prevista nos cursos de gradua\u00e7\u00e3o, a crit\u00e9rio dos respectivos Colegiados.<\/li>\n<li aria-level=\"1\">As disciplinas de uma Forma\u00e7\u00e3o Transversal tamb\u00e9m podem ser cursadas de forma avulsa, para a integraliza\u00e7\u00e3o de cr\u00e9ditos de Forma\u00e7\u00e3o Livre.<\/li>\n<\/ul>\n<p>Para se matricular nas disciplinas das Forma\u00e7\u00f5es Transversais, o estudante dever\u00e1 apresentar sua solicita\u00e7\u00e3o durante a terceira fase da matr\u00edcula (matr\u00edcula em disciplinas de forma\u00e7\u00e3o livre).<\/p>\n<p><b>Atividades Complementares<\/b><\/p>\n<p>Atividades Complementares s\u00e3o atividades extracurriculares desenvolvidas pelos estudantes para ampliar os horizontes de sua forma\u00e7\u00e3o, de forma a incluir atividades formativas desenvolvidas junto a p\u00fablicos diversificados (diferentes dos colegas de curso), ministradas por especialistas diversificados (para al\u00e9m dos docentes de seu curso), em espa\u00e7os coletivos nos quais a din\u00e2mica do conhecimento seja trabalhada com conte\u00fado e formato diferentes daqueles adotados em sala de aula.<\/p>\n","protected":false},"excerpt":{"rendered":"<p>Forma\u00e7\u00e3o Complementar Aberta e\/ou Forma\u00e7\u00e3o Livre Informa\u00e7\u00f5es Adicionais: No curso de Ci\u00eancias do Estado, o aluno deve integralizar uma carga hor\u00e1ria de 2520 horas, distribu\u00eddas ao longo de 8 semestres&hellip;<\/p>\n","protected":false},"author":2,"featured_media":0,"parent":0,"menu_order":0,"comment_status":"closed","ping_status":"closed","template":"","meta":{"footnotes":""},"class_list":["post-1824","page","type-page","status-publish","hentry"],"publishpress_future_action":{"enabled":false,"date":"2026-05-19 14:08:04","action":"change-status","newStatus":"draft","terms":[],"taxonomy":"","extraData":[]},"publishpress_future_workflow_manual_trigger":{"enabledWorkflows":[]},"_links":{"self":[{"href":"https:\/\/cienciasdoestado.direito.ufmg.br\/index.php?rest_route=\/wp\/v2\/pages\/1824","targetHints":{"allow":["GET"]}}],"collection":[{"href":"https:\/\/cienciasdoestado.direito.ufmg.br\/index.php?rest_route=\/wp\/v2\/pages"}],"about":[{"href":"https:\/\/cienciasdoestado.direito.ufmg.br\/index.php?rest_route=\/wp\/v2\/types\/page"}],"author":[{"embeddable":true,"href":"https:\/\/cienciasdoestado.direito.ufmg.br\/index.php?rest_route=\/wp\/v2\/users\/2"}],"replies":[{"embeddable":true,"href":"https:\/\/cienciasdoestado.direito.ufmg.br\/index.php?rest_route=%2Fwp%2Fv2%2Fcomments&post=1824"}],"version-history":[{"count":2,"href":"https:\/\/cienciasdoestado.direito.ufmg.br\/index.php?rest_route=\/wp\/v2\/pages\/1824\/revisions"}],"predecessor-version":[{"id":2190,"href":"https:\/\/cienciasdoestado.direito.ufmg.br\/index.php?rest_route=\/wp\/v2\/pages\/1824\/revisions\/2190"}],"wp:attachment":[{"href":"https:\/\/cienciasdoestado.direito.ufmg.br\/index.php?rest_route=%2Fwp%2Fv2%2Fmedia&parent=1824"}],"curies":[{"name":"wp","href":"https:\/\/api.w.org\/{rel}","templated":true}]}}