{"id":1998,"date":"2022-05-23T11:33:43","date_gmt":"2022-05-23T14:33:43","guid":{"rendered":"https:\/\/cienciasdoestado.direito.ufmg.br\/?page_id=1998"},"modified":"2022-07-29T11:46:19","modified_gmt":"2022-07-29T14:46:19","slug":"dic-ementas-das-disciplinas-optativas","status":"publish","type":"page","link":"https:\/\/cienciasdoestado.direito.ufmg.br\/?page_id=1998","title":{"rendered":"DIC \u2013 Ementas das Disciplinas Optativas"},"content":{"rendered":"<p>&nbsp;<\/p>\n<table style=\"border-collapse: collapse; width: 100%; height: 48px;\">\n<tbody>\n<tr style=\"height: 24px;\">\n<td style=\"width: 100%; height: 24px;\"><strong>\u00a02020<\/strong><\/td>\n<\/tr>\n<tr style=\"height: 24px;\">\n<td style=\"width: 100%; height: 24px;\"><a href=\"https:\/\/cienciasdoestado.direito.ufmg.br\/wp-content\/uploads\/2021\/09\/PLANO-DE-ENSINO-Metodoas-Alternativos-de-Resolucao-de-Conflitos-UFMG.pdf\">DIC084 &#8211;<\/a><a href=\"https:\/\/cienciasdoestado.direito.ufmg.br\/wp-content\/uploads\/2021\/09\/PLANO-DE-ENSINO-Metodoas-Alternativos-de-Resolucao-de-Conflitos-UFMG.pdf\">M\u00e9todos Alternativos de Resolu\u00e7\u00e3o de Conflitos <\/a><\/td>\n<\/tr>\n<\/tbody>\n<\/table>\n<table style=\"border-collapse: collapse; width: 100%;\">\n<tbody>\n<tr>\n<td style=\"width: 100%;\"><strong>2022\/2<\/strong><\/td>\n<\/tr>\n<tr>\n<td style=\"width: 100%;\">\u00a0<a href=\"https:\/\/cienciasdoestado.direito.ufmg.br\/wp-content\/uploads\/2022\/07\/Optativa-DIC-084-Plano-de-Ensino-2022-metodos-alternativos-de-solucao-de-conflitos.pdf\">DIC 084 -M\u00e9todos Alternativos de Solu\u00e7\u00e3o de Conflitos<\/a><\/td>\n<\/tr>\n<tr>\n<td style=\"width: 100%;\"><a href=\"https:\/\/cienciasdoestado.direito.ufmg.br\/wp-content\/uploads\/2022\/07\/Optativa-DIC-086-Plano-de-Ensino-2022-Topicos-do-Terceiro-setor.pdf\">DIC 086- T\u00f3picos do Terceiro setor<\/a><\/td>\n<\/tr>\n<\/tbody>\n<\/table>\n","protected":false},"excerpt":{"rendered":"<p>&nbsp; \u00a02020 DIC084 &#8211;M\u00e9todos Alternativos de Resolu\u00e7\u00e3o de Conflitos 2022\/2 \u00a0DIC 084 -M\u00e9todos Alternativos de Solu\u00e7\u00e3o de Conflitos DIC 086- T\u00f3picos do Terceiro setor<\/p>\n","protected":false},"author":2,"featured_media":0,"parent":0,"menu_order":0,"comment_status":"closed","ping_status":"closed","template":"","meta":{"footnotes":""},"class_list":["post-1998","page","type-page","status-publish","hentry"],"publishpress_future_action":{"enabled":false,"date":"2026-04-28 01:42:58","action":"change-status","newStatus":"draft","terms":[],"taxonomy":"","extraData":[]},"publishpress_future_workflow_manual_trigger":{"enabledWorkflows":[]},"_links":{"self":[{"href":"https:\/\/cienciasdoestado.direito.ufmg.br\/index.php?rest_route=\/wp\/v2\/pages\/1998","targetHints":{"allow":["GET"]}}],"collection":[{"href":"https:\/\/cienciasdoestado.direito.ufmg.br\/index.php?rest_route=\/wp\/v2\/pages"}],"about":[{"href":"https:\/\/cienciasdoestado.direito.ufmg.br\/index.php?rest_route=\/wp\/v2\/types\/page"}],"author":[{"embeddable":true,"href":"https:\/\/cienciasdoestado.direito.ufmg.br\/index.php?rest_route=\/wp\/v2\/users\/2"}],"replies":[{"embeddable":true,"href":"https:\/\/cienciasdoestado.direito.ufmg.br\/index.php?rest_route=%2Fwp%2Fv2%2Fcomments&post=1998"}],"version-history":[{"count":0,"href":"https:\/\/cienciasdoestado.direito.ufmg.br\/index.php?rest_route=\/wp\/v2\/pages\/1998\/revisions"}],"wp:attachment":[{"href":"https:\/\/cienciasdoestado.direito.ufmg.br\/index.php?rest_route=%2Fwp%2Fv2%2Fmedia&parent=1998"}],"curies":[{"name":"wp","href":"https:\/\/api.w.org\/{rel}","templated":true}]}}