{"id":2011,"date":"2022-05-23T13:05:09","date_gmt":"2022-05-23T16:05:09","guid":{"rendered":"https:\/\/cienciasdoestado.direito.ufmg.br\/?page_id=2011"},"modified":"2023-02-07T08:44:39","modified_gmt":"2023-02-07T11:44:39","slug":"dit-ementas-das-disciplinas-optativas","status":"publish","type":"page","link":"https:\/\/cienciasdoestado.direito.ufmg.br\/?page_id=2011","title":{"rendered":"DIT \u2013 Ementas das Disciplinas Optativas"},"content":{"rendered":"<table style=\"border-collapse: collapse; width: 100%; height: 96px;\">\n<tbody>\n<tr style=\"height: 24px;\">\n<td style=\"width: 100%; height: 24px;\"><strong>2021\/1<\/strong><\/td>\n<\/tr>\n<tr style=\"height: 24px;\">\n<td style=\"width: 100%; height: 24px;\"><a href=\"https:\/\/cienciasdoestado.direito.ufmg.br\/wp-content\/uploads\/2021\/04\/Optativa-Terca-CE-DIT085-Fabiana-de-Menezes-TOPICOS-LEGISLAB-Praticas-Legislativas.pdf\">LegisLab \u2013 Pr\u00e1ticas Legislativas &#8211; DIT085<\/a><\/td>\n<\/tr>\n<tr style=\"height: 24px;\">\n<td style=\"width: 100%; height: 24px;\"><a href=\"https:\/\/cienciasdoestado.direito.ufmg.br\/wp-content\/uploads\/2021\/04\/Optativa-Quarta-CE-DIT085-Fabiana-de-Menezes-TOPICOS-LEGISLAB-TURMA-C-ENFASE-EM-Direito-Agroalimentar-Plano-de-.pdf\">LegisLab \u2013 Pr\u00e1ticas Legislativas (Agroalimentar)\u00a0 &#8211; DIT085<\/a><\/td>\n<\/tr>\n<tr>\n<td style=\"width: 100%;\"><a href=\"https:\/\/cienciasdoestado.direito.ufmg.br\/wp-content\/uploads\/2021\/04\/Optativa-Quinta-CE-DIT085-Fabiana-de-Menezes-TOPICOS-LEGISLAB-Praticas-Legislativas.pdf\">LegisLab \u2013 Pr\u00e1ticas Legislativas &#8211; DIT085<\/a><\/td>\n<\/tr>\n<tr style=\"height: 24px;\">\n<td style=\"width: 100%; height: 24px;\"><a href=\"https:\/\/cienciasdoestado.direito.ufmg.br\/wp-content\/uploads\/2021\/04\/Optativa-DIT087-Ricardo-Salgado-Ciencia-da-Seguranca-Publica.pdf\">Introdu\u00e7\u00e3o a Ci\u00eancia da Seguran\u00e7a p\u00fablica: Seguran\u00e7a nacional e Defesa Social &#8211; DIT087<\/a><\/td>\n<\/tr>\n<\/tbody>\n<\/table>\n<table style=\"border-collapse: collapse; width: 100%; height: 120px;\">\n<tbody>\n<tr style=\"height: 24px;\">\n<td style=\"width: 100%; height: 24px;\"><strong>2021\/2<\/strong><\/td>\n<\/tr>\n<tr style=\"height: 24px;\">\n<td style=\"width: 100%; height: 24px;\"><a href=\"https:\/\/cienciasdoestado.direito.ufmg.br\/wp-content\/uploads\/2021\/09\/Optativa-DIT085-Fabiana-de-Menezes-LegisLab-Legislacao-e-Politicas-Publicas\u2013-Praticas-Legislativas-Ciencias-do-Es.pdf\">Lesgilslab- <\/a><a href=\"https:\/\/cienciasdoestado.direito.ufmg.br\/wp-content\/uploads\/2021\/09\/Optativa-DIT085-Fabiana-de-Menezes-LegisLab-Legislacao-e-Politicas-Publicas\u2013-Praticas-Legislativas-Ciencias-do-Es.pdf\">DIT085<\/a><\/td>\n<\/tr>\n<\/tbody>\n<\/table>\n<table style=\"border-collapse: collapse; width: 100%;\">\n<tbody>\n<tr>\n<td style=\"width: 100%;\"><strong>2022\/1<\/strong><\/td>\n<\/tr>\n<tr>\n<td style=\"width: 100%;\"><a href=\"https:\/\/cienciasdoestado.direito.ufmg.br\/wp-content\/uploads\/2022\/05\/Optativa-DIT086-Ricardo-Salgado-Estudos-comparados-em-Teoria-do-Estado-Brasil-e-Japao-\u2013-Historia-comparada-e-situaca.pdf\">DIT086 -Estudos Comparados em Teoria do Estado: Brasil e Jap\u00e3o &#8211; Hist\u00f3ria comparada e situa\u00e7\u00e3o atual<\/a><\/td>\n<\/tr>\n<tr>\n<td style=\"width: 100%;\"><a href=\"https:\/\/cienciasdoestado.direito.ufmg.br\/wp-content\/uploads\/2022\/05\/Optativa-DIT088-Gustavo-Seferian-Estado-e-Revolucao-Socialista-no-sec.-XX.pdf\">DIT088-Estado e Revolu\u00e7\u00e3o Socialista no sec XX<\/a><\/td>\n<\/tr>\n<tr>\n<td style=\"width: 100%;\"><a href=\"https:\/\/cienciasdoestado.direito.ufmg.br\/wp-content\/uploads\/2022\/05\/Optativa-DIT093-Roberto-Novaes-TOPICOS-EM-SOCIOLOGIA-DO-DIREITO-Metodos-Quantitativos-nas-Ciencias-Sociais-\u2013-Introdu.pdf\">DIT093- T\u00f3picos em Sociologia do Direito : M\u00e9todos Quantitativos nas Ci\u00eancias Sociais<\/a><\/td>\n<\/tr>\n<\/tbody>\n<\/table>\n<table style=\"border-collapse: collapse; width: 100%; height: 96px;\">\n<tbody>\n<tr style=\"height: 24px;\">\n<td style=\"width: 100%; height: 24px;\"><strong>2022\/2<\/strong><\/td>\n<\/tr>\n<tr style=\"height: 24px;\">\n<td style=\"width: 100%; height: 24px;\"><a href=\"https:\/\/cienciasdoestado.direito.ufmg.br\/wp-content\/uploads\/2022\/07\/Plano-de-Ensino-Topicos-em-Filosofia-do-Direito-e-do-Estado.doc\"><span class=\"TextRun SCXW158680002 BCX0\" lang=\"PT-BR\" xml:lang=\"PT-BR\" data-contrast=\"none\"><span class=\"NormalTextRun SCXW158680002 BCX0\">DIT086 &#8211; T\u00f3picos em Filosofia do Direito e do Estado &#8211; <\/span><span class=\"NormalTextRun SCXW158680002 BCX0\">Gest\u00e3o P\u00fablica e Governo Eletr\u00f4nico<\/span><\/span><span class=\"EOP SCXW158680002 BCX0\" data-ccp-props=\"{&quot;201341983&quot;:0,&quot;335551550&quot;:0,&quot;335551620&quot;:0,&quot;335559739&quot;:120,&quot;335559740&quot;:360}\">\u00a0<\/span><\/a><\/td>\n<\/tr>\n<tr style=\"height: 24px;\">\n<td style=\"width: 100%; height: 24px;\"><a href=\"https:\/\/cienciasdoestado.direito.ufmg.br\/wp-content\/uploads\/2022\/07\/DIT086.pdf\"><span class=\"TextRun SCXW268344162 BCX0\" lang=\"PT-BR\" xml:lang=\"PT-BR\" data-contrast=\"none\"><span class=\"NormalTextRun SCXW268344162 BCX0\">DIT086 &#8211; Estudos comparados em Teoria do Estado: Brasil e Jap\u00e3o \u2013<\/span><\/span> <span class=\"TextRun SCXW268344162 BCX0\" lang=\"PT-BR\" xml:lang=\"PT-BR\" data-contrast=\"none\"><span class=\"NormalTextRun SCXW268344162 BCX0\">Hist\u00f3ria comparada e situa\u00e7\u00e3o atual.<\/span><\/span><span class=\"EOP SCXW268344162 BCX0\" data-ccp-props=\"{&quot;201341983&quot;:0,&quot;335559739&quot;:120,&quot;335559740&quot;:259}\">\u00a0<\/span><\/a><\/td>\n<\/tr>\n<tr style=\"height: 24px;\">\n<td style=\"width: 100%; height: 24px;\"><a href=\"https:\/\/cienciasdoestado.direito.ufmg.br\/wp-content\/uploads\/2022\/08\/Optativa-DIT087-Direito-Ricardo-Salgado-Introducao-a-Ciencia-da-Seguranca-publica.pdf\">DIT087 &#8211; Direito &#8211; Ricardo Salgado &#8211; Introdu\u00e7\u00e3o a Ci\u00eancia da Seguran\u00e7a p\u00fablica<\/a><\/td>\n<\/tr>\n<tr>\n<td style=\"width: 100%;\"><a href=\"https:\/\/cienciasdoestado.direito.ufmg.br\/wp-content\/uploads\/2022\/08\/Optativa-INU031-Fabiana-de-Menezes-PRATICA-LEGISLATIVA-\u2013-LEGISLAB-Hibrida-Presencial-e-EAD.pdf\">INU031 &#8211; Fabiana de Menezes &#8211; PR\u00c1TICA LEGISLATIVA \u2013 LEGISLAB H\u00edbrida ( Presencial e EAD)<\/a><\/td>\n<\/tr>\n<tr>\n<td style=\"width: 100%;\"><a href=\"https:\/\/cienciasdoestado.direito.ufmg.br\/wp-content\/uploads\/2022\/08\/Optativa-INU032-Fabiana-de-Menezes-PRATICA-LEGISLATIVA-\u2013-LEGISLAB-Hibrida-Presencial-e-EAD-Trilha-de-Conhecimento-do-LegisLab.pdf\">INU032 &#8211; Fabiana de Menezes &#8211; PR\u00c1TICA LEGISLATIVA \u2013 LEGISLAB H\u00edbrida ( Presencial e EAD) &#8211; Trilha de Conhecimento do LegisLab<\/a><\/td>\n<\/tr>\n<tr>\n<td style=\"width: 100%;\">\u00a0<a href=\"https:\/\/cienciasdoestado.direito.ufmg.br\/wp-content\/uploads\/2022\/08\/Optativa-INU032-Fabiana-de-Menezes-PRATICA-LEGISLATIVA-\u2013-LEGISLAB-Hibrida-Presencial-e-EAD-Tutorial-ESTUDO-DE-CASOS-PARTE-I.pdf\">INU032 &#8211; Fabiana de Menezes &#8211; PR\u00c1TICA LEGISLATIVA \u2013 LEGISLAB H\u00edbrida ( Presencial e EAD) &#8211; Tutorial ESTUDO DE CASOS &#8211; PARTE I<\/a><\/td>\n<\/tr>\n<\/tbody>\n<\/table>\n<table style=\"border-collapse: collapse; width: 100%;\">\n<tbody>\n<tr style=\"height: 24px;\">\n<td style=\"width: 100%; height: 24px;\"><strong>2023\/1<\/strong><\/td>\n<\/tr>\n<tr>\n<td style=\"width: 100%;\"><a href=\"https:\/\/cienciasdoestado.direito.ufmg.br\/wp-content\/uploads\/2023\/02\/Optativa-DIT047-Direito-Roberto-Novaes-Topicos-em-Filosofia-do-Direito-A-Sistemas-Computacionais-e-Protecao-dos-Direitos-Fundamentais.pdf\"><span class=\"fontstyle0\">DIT047 &#8211; T\u00f3picos em teoria geral do Direito A: Sistemas Computacionais e Prote\u00e7\u00e3o<br \/>\ndos Direitos Fundamentais<\/span><\/a><\/td>\n<\/tr>\n<tr>\n<td style=\"width: 100%;\" width=\"357\"><a href=\"https:\/\/cienciasdoestado.direito.ufmg.br\/wp-content\/uploads\/2023\/02\/Optativa-DIT085-Ciencias-do-Estado-Renato-Cesar-Cardoso-Topicos-em-Etica-e-Politica-Neuropolitica-e-inovacoes.pdf\"><span class=\"fontstyle0\">DIT085 &#8211; T\u00f3picos em \u00c9tica e Pol\u00edtica: Neuropol\u00edtica: o potencial da neuroci\u00eancia para<br \/>\no Estado<\/span><\/a><\/td>\n<\/tr>\n<tr>\n<td style=\"width: 100%;\"><a href=\"https:\/\/cienciasdoestado.direito.ufmg.br\/wp-content\/uploads\/2023\/02\/Optativa-DIT086-Ciencias-do-Estado-Ricardo-Salgado-IV-Seminario-de-Teoria-comparada-do-Estado-\u2013-Problemas-Brasileiro.pdf\"><span class=\"fontstyle0\">DIT086 &#8211; IV Semin\u00e1rio de Teoria comparada do Estado \u2013 Problemas Brasileiro frente<br \/>\na Teoria comparada do Estado<\/span><\/a><\/td>\n<\/tr>\n<tr>\n<td style=\"width: 100%;\"><a href=\"https:\/\/cienciasdoestado.direito.ufmg.br\/wp-content\/uploads\/2022\/08\/Optativa-INU031-Fabiana-de-Menezes-PRATICA-LEGISLATIVA-\u2013-LEGISLAB-Hibrida-Presencial-e-EAD.pdf\">INU031 &#8211; Fabiana de Menezes &#8211; PR\u00c1TICA LEGISLATIVA \u2013 LEGISLAB H\u00edbrida ( Presencial e EAD)<\/a><\/td>\n<\/tr>\n<\/tbody>\n<\/table>\n","protected":false},"excerpt":{"rendered":"<p>2021\/1 LegisLab \u2013 Pr\u00e1ticas Legislativas &#8211; DIT085 LegisLab \u2013 Pr\u00e1ticas Legislativas (Agroalimentar)\u00a0 &#8211; DIT085 LegisLab \u2013 Pr\u00e1ticas Legislativas &#8211; DIT085 Introdu\u00e7\u00e3o a Ci\u00eancia da Seguran\u00e7a p\u00fablica: Seguran\u00e7a nacional e Defesa&hellip;<\/p>\n","protected":false},"author":2,"featured_media":0,"parent":0,"menu_order":0,"comment_status":"closed","ping_status":"closed","template":"","meta":{"footnotes":""},"class_list":["post-2011","page","type-page","status-publish","hentry"],"publishpress_future_action":{"enabled":false,"date":"2026-04-25 23:46:22","action":"change-status","newStatus":"draft","terms":[],"taxonomy":"","extraData":[]},"publishpress_future_workflow_manual_trigger":{"enabledWorkflows":[]},"_links":{"self":[{"href":"https:\/\/cienciasdoestado.direito.ufmg.br\/index.php?rest_route=\/wp\/v2\/pages\/2011","targetHints":{"allow":["GET"]}}],"collection":[{"href":"https:\/\/cienciasdoestado.direito.ufmg.br\/index.php?rest_route=\/wp\/v2\/pages"}],"about":[{"href":"https:\/\/cienciasdoestado.direito.ufmg.br\/index.php?rest_route=\/wp\/v2\/types\/page"}],"author":[{"embeddable":true,"href":"https:\/\/cienciasdoestado.direito.ufmg.br\/index.php?rest_route=\/wp\/v2\/users\/2"}],"replies":[{"embeddable":true,"href":"https:\/\/cienciasdoestado.direito.ufmg.br\/index.php?rest_route=%2Fwp%2Fv2%2Fcomments&post=2011"}],"version-history":[{"count":0,"href":"https:\/\/cienciasdoestado.direito.ufmg.br\/index.php?rest_route=\/wp\/v2\/pages\/2011\/revisions"}],"wp:attachment":[{"href":"https:\/\/cienciasdoestado.direito.ufmg.br\/index.php?rest_route=%2Fwp%2Fv2%2Fmedia&parent=2011"}],"curies":[{"name":"wp","href":"https:\/\/api.w.org\/{rel}","templated":true}]}}