{"id":2206,"date":"2023-04-03T13:56:25","date_gmt":"2023-04-03T16:56:25","guid":{"rendered":"https:\/\/cienciasdoestado.direito.ufmg.br\/?page_id=2206"},"modified":"2024-08-12T15:14:39","modified_gmt":"2024-08-12T18:14:39","slug":"envio-de-documentos","status":"publish","type":"page","link":"https:\/\/cienciasdoestado.direito.ufmg.br\/?page_id=2206","title":{"rendered":"Envio de Documentos e Requerimentos"},"content":{"rendered":"<ol>\n<li>A tramita\u00e7\u00e3o de documentos para o Colegiado dever\u00e1 ser feita a partir do sistema.<\/li>\n<li>N\u00e3o haver\u00e1 tramita\u00e7\u00e3o de documentos em papel.<\/li>\n<li>Anexe o formul\u00e1rio espec\u00edfico (quando for o caso) e envie a documenta\u00e7\u00e3o em PDF.<\/li>\n<li>Os documentos assinados ser\u00e3o devolvidos em at\u00e9 <strong>5 dias \u00fateis<\/strong>.<\/li>\n<li>Os documentos s\u00e3o assinados eletronicamente via GOV.BR, legalmente v\u00e1lidos de acordo com <a href=\"https:\/\/www.planalto.gov.br\/ccivil_03\/mpv\/antigas_2001\/2200-2.htm\" target=\"_blank\" rel=\"noopener\">MP 2.200-2, 24\/08\/2001<\/a> e a <a href=\"https:\/\/www.planalto.gov.br\/ccivil_03\/_ato2015-2018\/2018\/lei\/l13726.htm\" target=\"_blank\" rel=\"noopener\">Lei 13.726, 8\/10\/2018<\/a>. Com a assinatura eletr\u00f4nica, n\u00e3o \u00e9 necess\u00e1rio assinar cada p\u00e1gina. Uma assinatura apenas garante a integridade de todo o documento. Caso necess\u00e1rio, acesse <a href=\"https:\/\/validar.iti.gov.br\/\" target=\"_blank\" rel=\"nofollow noopener\">https:\/\/validar.iti.gov.br\/<\/a>, carregue o documento j\u00e1 assinado e produza o relat\u00f3rio de validade do documento.<\/li>\n<li>\u00a0Para acompanhar seus pedidos, tenha em m\u00e3os o c\u00f3digo do chamado: Exemplo: AH4-NZX-L5WZ e clique no link: <a href=\"https:\/\/sistemas.direito.ufmg.br\/solicitacoes\/ticket.php\" target=\"_blank\" rel=\"noopener\">Visualiza\u00e7\u00e3o de Chamados<\/a><\/li>\n<\/ol>\n<p>ATEN\u00c7\u00c3O: Voc\u00ea precisa ter feito <strong>login<\/strong> no Minha UFMG para ser capaz de realizar os requerimentos abaixo. Use o tipo espec\u00edfico para seu pedido e preencha todos os campos necess\u00e1rios. Caso seu requerimento n\u00e3o esteja listado nas categorias abaixo, envie um requerimento geral.<\/p>\n<h2>Trabalho de conclus\u00e3o de curso (TCC):<\/h2>\n<ul>\n<li><a href=\"https:\/\/sistemas.direito.ufmg.br\/solicitacoes\/index.php?a=add&amp;category=5\" target=\"_blank\" rel=\"noopener\">Indica\u00e7\u00e3o de Orientador de TCC<\/a><\/li>\n<li><a href=\"https:\/\/sistemas.direito.ufmg.br\/solicitacoes\/index.php?a=add&amp;category=2\" target=\"_blank\" rel=\"noopener\">Envio e Marca\u00e7\u00e3o de Defesa de TCC<\/a><\/li>\n<li><a href=\"https:\/\/sistemas.direito.ufmg.br\/solicitacoes\/index.php?a=add&amp;catid=11\" target=\"_blank\" rel=\"noopener\">Projeto de TCC (alunos matriculados em TCC I \u2013 DIR110)<\/a><\/li>\n<\/ul>\n<p>Para os trabalhos de conclus\u00e3o de curso, leia as <a href=\"https:\/\/cienciasdoestado.direito.ufmg.br\/?page_id=1009\" target=\"_blank\" rel=\"noopener\">instru\u00e7\u00f5es detalhadas<\/a> e acesse os respectivos formul\u00e1rios (na mesma p\u00e1gina acima).<\/p>\n<h2>Est\u00e1gio<\/h2>\n<ul>\n<li><a href=\"https:\/\/sistemas.direito.ufmg.br\/solicitacoes\/index.php?a=add&amp;category=6\" target=\"_blank\" rel=\"noopener\">Documenta\u00e7\u00e3o de Est\u00e1gio<\/a><\/li>\n<li><a href=\"https:\/\/sistemas.direito.ufmg.br\/solicitacoes\/index.php?a=add&amp;category=10\" target=\"_blank\" rel=\"noopener\">Reconhecimento de Est\u00e1gio<\/a><\/li>\n<\/ul>\n<p><b>Informamos que os modelos de instrumentos jur\u00eddicos utilizados para celebra\u00e7\u00e3o de protocolos de est\u00e1gios para estudantes da gradua\u00e7\u00e3o foram atualizados POR DETERMINA\u00c7\u00c3O DA AGU, conforme Parecer No 00124\/2022\/JUR\/PFUFMG\/PGF\/AGU, de 28 de mar\u00e7o de 2022, visando a adequa\u00e7\u00e3o dos mesmos<\/b><a href=\"http:\/\/www.planalto.gov.br\/ccivil_03\/_ato2015-2018\/2018\/lei\/l13709.htm\">\u00a0<b>\u00e0 Lei Geral de Prote\u00e7\u00e3o de Dados (LGPD)<\/b><\/a><b>.\u00a0<\/b><\/p>\n<p><b>IMPORTANTE :<\/b><\/p>\n<p><b>1-N\u00e3o dever\u00e1 ser utilizado CPF\u00a0 ou identidade dos envolvidos na celebra\u00e7\u00e3o dos est\u00e1gios;<\/b><\/p>\n<p><b>2-N\u00e3o dever\u00e1 constar no instrumento o endere\u00e7o do aluno (embora eventualmente devam fornecer determinados dados, diretamente ao Campo de Est\u00e1gio, para efeitos cadastrais).<\/b><\/p>\n<p><b>3-Quanto ao coordenador, o documento dever\u00e1 informar apenas\u00a0<\/b><strong>o<em>\u00a0nome e os dados da <a href=\"https:\/\/cienciasdoestado.direito.ufmg.br\/wp-content\/uploads\/2024\/03\/SEI_UFMG-2214277-Portaria-Coordenacao-CE.pdf\" target=\"_blank\" rel=\"noopener\">portaria de delega\u00e7\u00e3o<\/a> de compet\u00eancia para o cargo.<\/em><\/strong><\/p>\n<p>Para envio de documentos a serem assinados pela coordena\u00e7\u00e3o, tais como Termos de Compromisso, Plano de Atividades, Relat\u00f3rios Parciais, utilize-se do link <strong>Documenta\u00e7\u00e3o de Est\u00e1gio<\/strong>. Os documentos assinados ser\u00e3o anexados ao p\u00f3prio chamado.<\/p>\n<p>Para envio de documenta\u00e7\u00e3o referente \u00e0 integraliza\u00e7\u00e3o de horas de est\u00e1gio obrigat\u00f3rio, utilize-se o link <strong>Reconhecimento de Est\u00e1gio<\/strong>. Lembre-se de anexar todos os documentos do est\u00e1gio ao chamado, tais como Termos de Compromisso e Plano de Atividades, bem como de juntar o <strong>relat\u00f3rio parcial ou final<\/strong> que comprove que as atividades foram efetivamente desempenhadas. Os est\u00e1gios que podem ser integralizados s\u00e3o apenas aqueles realizados a partir do 5\u00ba per\u00edodo.<\/p>\n<p>Para maiores esclarecimentos, consulte a <a href=\"https:\/\/cienciasdoestado.direito.ufmg.br\/?page_id=936\" target=\"_blank\" rel=\"noopener\">Resolu\u00e7\u00e3o de 01\/2017 &#8211;\u00a0 Est\u00e1gio<\/a>.<\/p>\n<h2>Demais tipos de requerimentos ao Colegiado:<\/h2>\n<ul>\n<li><a href=\"https:\/\/sistemas.direito.ufmg.br\/solicitacoes\/index.php?a=add&amp;category=4\" target=\"_blank\" rel=\"noopener\">Aproveitamento de Estudos<\/a> (<a href=\"https:\/\/cienciasdoestado.direito.ufmg.br\/?page_id=1822\" target=\"_blank\" rel=\"noopener\">Instru\u00e7\u00f5es detalhadas e formul\u00e1rios<\/a>)<\/li>\n<li><a href=\"https:\/\/sistemas.direito.ufmg.br\/solicitacoes\/index.php?a=add&amp;category=7\" target=\"_blank\" rel=\"noopener\">Atividade Complementar de Gradua\u00e7\u00e3o<\/a> (<a href=\"https:\/\/cienciasdoestado.direito.ufmg.br\/wp-content\/uploads\/2023\/07\/requerimentoacgce-1.pdf\" target=\"_blank\" rel=\"noopener\">Formul\u00e1rio de ACG<\/a>)<\/li>\n<li><a href=\"https:\/\/sistemas.direito.ufmg.br\/solicitacoes\/index.php?a=add&amp;catid=8\" target=\"_blank\" rel=\"noopener\">Requerimento Geral<\/a><\/li>\n<\/ul>\n","protected":false},"excerpt":{"rendered":"<p>A tramita\u00e7\u00e3o de documentos para o Colegiado dever\u00e1 ser feita a partir do sistema. N\u00e3o haver\u00e1 tramita\u00e7\u00e3o de documentos em papel. Anexe o formul\u00e1rio espec\u00edfico (quando for o caso) e&hellip;<\/p>\n","protected":false},"author":2,"featured_media":0,"parent":0,"menu_order":0,"comment_status":"closed","ping_status":"closed","template":"","meta":{"footnotes":""},"class_list":["post-2206","page","type-page","status-publish","hentry"],"publishpress_future_action":{"enabled":false,"date":"2026-05-10 03:37:08","action":"change-status","newStatus":"draft","terms":[],"taxonomy":"","extraData":[]},"publishpress_future_workflow_manual_trigger":{"enabledWorkflows":[]},"_links":{"self":[{"href":"https:\/\/cienciasdoestado.direito.ufmg.br\/index.php?rest_route=\/wp\/v2\/pages\/2206","targetHints":{"allow":["GET"]}}],"collection":[{"href":"https:\/\/cienciasdoestado.direito.ufmg.br\/index.php?rest_route=\/wp\/v2\/pages"}],"about":[{"href":"https:\/\/cienciasdoestado.direito.ufmg.br\/index.php?rest_route=\/wp\/v2\/types\/page"}],"author":[{"embeddable":true,"href":"https:\/\/cienciasdoestado.direito.ufmg.br\/index.php?rest_route=\/wp\/v2\/users\/2"}],"replies":[{"embeddable":true,"href":"https:\/\/cienciasdoestado.direito.ufmg.br\/index.php?rest_route=%2Fwp%2Fv2%2Fcomments&post=2206"}],"version-history":[{"count":29,"href":"https:\/\/cienciasdoestado.direito.ufmg.br\/index.php?rest_route=\/wp\/v2\/pages\/2206\/revisions"}],"predecessor-version":[{"id":3059,"href":"https:\/\/cienciasdoestado.direito.ufmg.br\/index.php?rest_route=\/wp\/v2\/pages\/2206\/revisions\/3059"}],"wp:attachment":[{"href":"https:\/\/cienciasdoestado.direito.ufmg.br\/index.php?rest_route=%2Fwp%2Fv2%2Fmedia&parent=2206"}],"curies":[{"name":"wp","href":"https:\/\/api.w.org\/{rel}","templated":true}]}}