{"id":2291,"date":"2023-06-12T17:21:35","date_gmt":"2023-06-12T20:21:35","guid":{"rendered":"https:\/\/cienciasdoestado.direito.ufmg.br\/?page_id=2291"},"modified":"2026-01-22T12:51:38","modified_gmt":"2026-01-22T15:51:38","slug":"coordenacao","status":"publish","type":"page","link":"https:\/\/cienciasdoestado.direito.ufmg.br\/?page_id=2291","title":{"rendered":"Coordena\u00e7\u00e3o"},"content":{"rendered":"<p><strong>COORDENA\u00c7\u00c3O 2025-2027<\/strong><\/p>\n<p><strong>Coordenador<\/strong>: Prof. Dr. Roberto Vasconcelos Novaes<\/p>\n<ul>\n<li><a href=\"http:\/\/lattes.cnpq.br\/5179211509409728\" target=\"_blank\" rel=\"noopener\">Curr\u00edculo Lattes<\/a><\/li>\n<li><a href=\"https:\/\/www.robertonovaes.com.br\/\" target=\"_blank\" rel=\"noopener\">P\u00e1gina pessoal acad\u00eamica<\/a><\/li>\n<li><a href=\"https:\/\/cienciasdoestado.direito.ufmg.br\/wp-content\/uploads\/2024\/03\/SEI_UFMG-2214277-Portaria-Coordenacao-CE.pdf\" target=\"_blank\" rel=\"noopener\">Portaria de nomea\u00e7\u00e3o<\/a><\/li>\n<\/ul>\n<p><strong>Subcoordenador<\/strong>: Bruno Wanderley J\u00fanior<\/p>\n<ul>\n<li><a href=\"http:\/\/lattes.cnpq.br\/9164455722578243\">Curr\u00edculo Lattes<\/a><\/li>\n<li><a href=\"https:\/\/cienciasdoestado.direito.ufmg.br\/wp-content\/uploads\/2026\/01\/SEI_4606876_Portaria_9938.pdf\">Portaria de nomea\u00e7\u00e3o<\/a><\/li>\n<\/ul>\n<p>Hor\u00e1rio de atendimento ao aluno:<\/p>\n<ul>\n<li>Ter\u00e7as: 14:00 \u00e0s 16:00<\/li>\n<li>Sextas: 14:00 \u00e0s 16:00<\/li>\n<li>Gentileza agendar previamente o atendimento com a secretaria do Colegiado<\/li>\n<\/ul>\n<h1>Plano de A\u00e7\u00e3o 2023-24<\/h1>\n<h2>1. Gest\u00e3o Acad\u00eamica e Institucional<\/h2>\n<h6>1.1 &#8211; An\u00e1lise do trabalho da gest\u00e3o anterior<\/h6>\n<ul>\n<li><strong>A\u00e7\u00e3o<\/strong>: Discutir e analisar os resultados da gest\u00e3o anterior com o objetivo de desenvolvimento de plano de a\u00e7\u00e3o para a gest\u00e3o 2023-24<\/li>\n<li><strong>Quem<\/strong>: Coordenador, Subcoordenadora e Ex-Coordenador<\/li>\n<li><strong>Status<\/strong>: <strong>Conclu\u00eddo (mar\/2023)<\/strong><\/li>\n<\/ul>\n<h6>1.2 &#8211; Desenvolvimento de plano de a\u00e7\u00e3o<\/h6>\n<ul>\n<li><strong>A\u00e7\u00e3o<\/strong>: Planejar as a\u00e7\u00f5es da Coordena\u00e7\u00e3o para 2023-24<\/li>\n<li><strong>Meta<\/strong>: Plano de a\u00e7\u00e3o com indicadores p\u00fablico<\/li>\n<li><strong>Quem<\/strong>: Coordena\u00e7\u00e3o<\/li>\n<li><strong>Status<\/strong>: <strong>Conclu\u00eddo (abr\/2023)<\/strong><\/li>\n<\/ul>\n<h6>1.3 &#8211; Monitoramento do desempenho do curso<\/h6>\n<ul>\n<li><strong>A\u00e7\u00f5es<\/strong>: Monitorar os trancamentos e desligamentos, monitorar o n\u00famero de reprova\u00e7\u00f5es, monitorar ingresso e sa\u00edda de alunos em decorr\u00eancia de reop\u00e7\u00e3o, divulga\u00e7\u00e3o do desempenho do curso<\/li>\n<li><strong>Meta<\/strong>: Elabora\u00e7\u00e3o de relat\u00f3rio semestral<\/li>\n<li><strong>Quem<\/strong>: Secretaria<\/li>\n<li><strong>Status<\/strong>: Em andamento<\/li>\n<\/ul>\n<h6>1.4 &#8211; Implementa\u00e7\u00e3o de sistema para gest\u00e3o de requerimentos n\u00e3o contemplados pelo SIGA e pelo SEI &#8211; Help Desk do Colegiado<\/h6>\n<ul>\n<li><strong>A\u00e7\u00e3o:\u00a0<\/strong>Implanta\u00e7\u00e3o de sistema de gest\u00e3o de chamados para envio de documentos e an\u00e1lise de pedidos n\u00e3o contemplados pelos sistemas gerais da universidade, tais como documenta\u00e7\u00e3o de est\u00e1gio, TCC, aproveitamento de estudos e atividades complementares de gradua\u00e7\u00e3o.<\/li>\n<li><strong>Quem<\/strong>: Coordena\u00e7\u00e3o, Secretaria e Setor de TI<\/li>\n<li><strong>Status<\/strong>: <strong>Conclu\u00eddo (mai\/2023)<\/strong><\/li>\n<li><strong>Observa\u00e7\u00f5es<\/strong>: Implanta\u00e7\u00e3o do sistema open source <a href=\"https:\/\/www.hesk.com\/\" target=\"_blank\" rel=\"noopener\">HESK<\/a> nos servidores da Faculdade de Direito de modo integrado ao SSO do Minha UFMG. Acess\u00edvel na p\u00e1gina de <a href=\"https:\/\/cienciasdoestado.direito.ufmg.br\/?page_id=2206\" target=\"_blank\" rel=\"noopener\">Envio de Documentos<\/a> e em <a href=\"https:\/\/sistemas.direito.ufmg.br\/solicitacoes\/\" target=\"_blank\" rel=\"noopener\">https:\/\/sistemas.direito.ufmg.br\/solicitacoes\/<\/a><\/li>\n<\/ul>\n<h6>1.5 &#8211; Revis\u00e3o das resolu\u00e7\u00f5es do Colegiado e reda\u00e7\u00e3o do Regulamento do Curso<\/h6>\n<ul>\n<li><strong>A\u00e7\u00e3o:\u00a0<\/strong>An\u00e1lise das resolu\u00e7\u00f5es do Colegiado vigentes e adapta\u00e7\u00e3o \u00e0s novas Normas Gerais de Gradua\u00e7\u00e3o da UFMG e a consequente consolida\u00e7\u00e3o do Regulamento do Curso<\/li>\n<li><strong>Quem<\/strong>: Coordena\u00e7\u00e3o, Secretaria, Colegiado, Ex-Coordenadores e representa\u00e7\u00e3o Discente<\/li>\n<li><strong>Status<\/strong>: <b>Em andamento<\/b><\/li>\n<li><strong>Observa\u00e7\u00f5es<\/strong>: Criada comiss\u00e3o de revis\u00e3o e reda\u00e7\u00e3o composta pela Coordena\u00e7\u00e3o atual, pelos \u00faltimos tr\u00eas ex-Coordenadores de curso, por servidor da Secretaria e pela representa\u00e7\u00e3o Discente. Reuni\u00f5es mensais em andamento.<\/li>\n<\/ul>\n<p><span style=\"color: #0d0d0d; font-family: Lato; font-size: 1.25em; font-weight: 600; text-transform: uppercase;\">2. Gest\u00e3o Pedag\u00f3gica<\/span><\/p>\n<h6>2.1 &#8211; Elabora\u00e7\u00e3o da Reforma Curricular e implanta\u00e7\u00e3o da Forma\u00e7\u00e3o em Extens\u00e3o Universit\u00e1ria<\/h6>\n<ul>\n<li><strong>A\u00e7\u00f5es: <\/strong>Realizar reuni\u00f5es abertas com o corpo discente para discuss\u00e3o da estrutura curricular, elabora\u00e7\u00e3o de minuta de reforma curricular em conjunto com o NDE, aprova\u00e7\u00e3o da proposta de reforma curricular pelos \u00f3rg\u00e3os acad\u00eamicos da unidade e da adminstra\u00e7\u00e3o central.<\/li>\n<li><strong>Quem<\/strong>: Coordena\u00e7\u00e3o, Secretaria, Diretoria, Administra\u00e7\u00e3o Central, corpo discente<\/li>\n<li><strong>Status<\/strong>: <b>Em andamento<\/b><\/li>\n<li><strong>Observa\u00e7\u00f5es<\/strong>: <a href=\"https:\/\/www.ufmg.br\/proex\/noticia\/manual-da-ufmg-esclarece-duvidas-sobre-a-formacao-em-extensao-universitaria\/\" target=\"_blank\" rel=\"noopener\">Realizada reuni\u00e3o remota com a Comiss\u00e3o Respons\u00e1vel pelo Acompanhamento da Implementa\u00e7\u00e3o da Forma\u00e7\u00e3o em Extens\u00e3o Universit\u00e1ria na UFMG<\/a> (abr\/2023); Realiza\u00e7\u00e3o de reuni\u00e3o presencial com a Comiss\u00e3o Respons\u00e1vel pelo Acompanhamento da Implementa\u00e7\u00e3o da Forma\u00e7\u00e3o em Extens\u00e3o Universit\u00e1ria na UFMG, o Colegiado de Curso o o NDE (mai\/2023); <a href=\"https:\/\/cienciasdoestado.direito.ufmg.br\/wp-content\/uploads\/2023\/06\/ATA-DEBATE-SOBRE-A-REFORMA-DA-GRADE-CURRICULAR-24.05.23.pdf\" target=\"_blank\" rel=\"noopener\">Realiza\u00e7\u00e3o de Reuni\u00e3o com o Corpo Discente do Curso (mai\/2023)<\/a>; Aprova\u00e7\u00e3o da Proposta de Altera\u00e7\u00e3o da Grade Curricular e PPC do Curso (jun\/2023)<\/li>\n<\/ul>\n<h6><strong>2.2 &#8211; Elabora\u00e7\u00e3o de conv\u00eanios e acordos com outras IES ou entidades da sociedade civil<\/strong><\/h6>\n<ul>\n<li><strong>A\u00e7\u00f5es: <\/strong>Realiza\u00e7\u00e3o de contatos com entidades da sociedade civil e IES, reda\u00e7\u00e3o e aprova\u00e7\u00e3o dos termos de coopera\u00e7\u00e3o t\u00e9cnica<\/li>\n<li><strong>Quem<\/strong>: Coordena\u00e7\u00e3o, Diretoria, entidades externas<\/li>\n<li><strong>Status<\/strong>: <b>Em andamento<\/b><\/li>\n<li><strong>Observa\u00e7\u00f5es<\/strong>: Aprovado pela Congrega\u00e7\u00e3o da Unidade Conv\u00eanio com a Funda\u00e7\u00e3o Jo\u00e3o Pinheiro (mai\/2023); Realizada reuni\u00e3o com equipe do <a href=\"https:\/\/ipgc.com.br\/#!\/\" target=\"_blank\" rel=\"noopener\">IPGC &#8211; Instituto de Planejamento e Gest\u00e3o de Cidades<\/a> para elabora\u00e7\u00e3o de minuta de conv\u00eanio;<\/li>\n<\/ul>\n<h6>2.3 &#8211; Participa\u00e7\u00e3o nas avalia\u00e7\u00f5es institucionais no momento de aplica\u00e7\u00e3o do instrumento de pesquisa da CPA\/Prograd<\/h6>\n<ul>\n<li><strong>A\u00e7\u00f5es<\/strong>: Elaborar e aplicar um instrumento pr\u00f3prio complementar de avalia\u00e7\u00e3o do curso; Divulgar as avalia\u00e7\u00f5es institucionais (CPA) para estudantes, docentes e servidores; Ampliar gradativamente a participa\u00e7\u00e3o dos estudantes nas avalia\u00e7\u00f5es institucionais (CPA)<\/li>\n<li><strong>Metas<\/strong>: Aplica\u00e7\u00e3o de question\u00e1rio anual de avalia\u00e7\u00e3o do curso; atingir a participa\u00e7\u00e3o de, no m\u00ednimo, 25% dos egressos e 70% dos discentes atuais<\/li>\n<li><strong>Quem<\/strong>: NDE e Secretaria<\/li>\n<li><strong>Status<\/strong>: <strong>Em andamento<\/strong><\/li>\n<li><strong>Observa\u00e7\u00f5es<\/strong>: aplicado question\u00e1rio de avalia\u00e7\u00e3o do curso destinado aos egressos (jun\/2023)<\/li>\n<\/ul>\n<h6>2.4 &#8211; Incentivar a participa\u00e7\u00e3o dos estudantes em eventos e espa\u00e7os da universidade<\/h6>\n<ul>\n<li><strong>A\u00e7\u00f5es<\/strong>: Divulgar oportunidades de eventos e demais programas da universidade<\/li>\n<li><strong>Meta:\u00a0<\/strong>Divulga\u00e7\u00e3o mensal dos eventos<\/li>\n<li><strong>Quem<\/strong>: Coordena\u00e7\u00e3o e Secretaria<\/li>\n<li><strong>Status<\/strong>: Em andamento<\/li>\n<li><strong>Observa\u00e7\u00f5es<\/strong>: Organiza\u00e7\u00e3o da <a href=\"https:\/\/www.ufmg.br\/mostra\/\" target=\"_blank\" rel=\"noopener\">Mostra Sua UFMG 2023<\/a>; Divulga\u00e7\u00e3o do<a href=\"https:\/\/periodicos.ufmg.br\/index.php\/revice\/announcement\/view\/432\" target=\"_blank\" rel=\"noopener\"> II Encontro da Revice<\/a> &#8211; <a href=\"https:\/\/periodicos.ufmg.br\/index.php\/revice\" target=\"_blank\" rel=\"noopener\">Revista de Ci\u00eancias do Estado<\/a><\/li>\n<\/ul>\n<p><span style=\"font-size: 10pt;\">Elaborado em abr\/2023; Aprovado em reuni\u00e3o do Colegiado de Curso em 07\/06\/2023.<\/span><\/p>\n<h1>Avalia\u00e7\u00f5es de Desempenho<\/h1>\n<ul>\n<li><a href=\"https:\/\/cienciasdoestado.direito.ufmg.br\/wp-content\/uploads\/2023\/06\/avaliacao_desempenho_coordenador_2022.pdf\" target=\"_blank\" rel=\"noopener\"><span style=\"font-weight: 400;\">Avalia\u00e7\u00e3o de Desempenho 2022<\/span><\/a><\/li>\n<li><a href=\"https:\/\/cienciasdoestado.direito.ufmg.br\/wp-content\/uploads\/2023\/06\/avaliacao_desempenho_coordenador_2021.pdf\" target=\"_blank\" rel=\"noopener\"><span style=\"font-weight: 400;\">Avalia\u00e7\u00e3o de Desempenho 2021<\/span><\/a><\/li>\n<li><a href=\"https:\/\/cienciasdoestado.direito.ufmg.br\/wp-content\/uploads\/2023\/06\/avaliacao_desempenho_coordenador_2020.pdf\" target=\"_blank\" rel=\"noopener\"><span style=\"font-weight: 400;\">Avalia\u00e7\u00e3o de Desempenho 2020<\/span><\/a><\/li>\n<\/ul>\n","protected":false},"excerpt":{"rendered":"<p>COORDENA\u00c7\u00c3O 2025-2027 Coordenador: Prof. Dr. Roberto Vasconcelos Novaes Curr\u00edculo Lattes P\u00e1gina pessoal acad\u00eamica Portaria de nomea\u00e7\u00e3o Subcoordenador: Bruno Wanderley J\u00fanior Curr\u00edculo Lattes Portaria de nomea\u00e7\u00e3o Hor\u00e1rio de atendimento ao aluno:&hellip;<\/p>\n","protected":false},"author":2,"featured_media":2438,"parent":0,"menu_order":0,"comment_status":"closed","ping_status":"closed","template":"page-templates\/fullwidth.php","meta":{"footnotes":""},"class_list":["post-2291","page","type-page","status-publish","has-post-thumbnail","hentry"],"publishpress_future_action":{"enabled":false,"date":"2026-05-09 19:34:50","action":"change-status","newStatus":"draft","terms":[],"taxonomy":"","extraData":[]},"publishpress_future_workflow_manual_trigger":{"enabledWorkflows":[]},"_links":{"self":[{"href":"https:\/\/cienciasdoestado.direito.ufmg.br\/index.php?rest_route=\/wp\/v2\/pages\/2291","targetHints":{"allow":["GET"]}}],"collection":[{"href":"https:\/\/cienciasdoestado.direito.ufmg.br\/index.php?rest_route=\/wp\/v2\/pages"}],"about":[{"href":"https:\/\/cienciasdoestado.direito.ufmg.br\/index.php?rest_route=\/wp\/v2\/types\/page"}],"author":[{"embeddable":true,"href":"https:\/\/cienciasdoestado.direito.ufmg.br\/index.php?rest_route=\/wp\/v2\/users\/2"}],"replies":[{"embeddable":true,"href":"https:\/\/cienciasdoestado.direito.ufmg.br\/index.php?rest_route=%2Fwp%2Fv2%2Fcomments&post=2291"}],"version-history":[{"count":17,"href":"https:\/\/cienciasdoestado.direito.ufmg.br\/index.php?rest_route=\/wp\/v2\/pages\/2291\/revisions"}],"predecessor-version":[{"id":3705,"href":"https:\/\/cienciasdoestado.direito.ufmg.br\/index.php?rest_route=\/wp\/v2\/pages\/2291\/revisions\/3705"}],"wp:featuredmedia":[{"embeddable":true,"href":"https:\/\/cienciasdoestado.direito.ufmg.br\/index.php?rest_route=\/wp\/v2\/media\/2438"}],"wp:attachment":[{"href":"https:\/\/cienciasdoestado.direito.ufmg.br\/index.php?rest_route=%2Fwp%2Fv2%2Fmedia&parent=2291"}],"curies":[{"name":"wp","href":"https:\/\/api.w.org\/{rel}","templated":true}]}}