{"id":2957,"date":"2024-03-08T15:22:40","date_gmt":"2024-03-08T18:22:40","guid":{"rendered":"https:\/\/cienciasdoestado.direito.ufmg.br\/?page_id=2957"},"modified":"2024-03-08T15:27:02","modified_gmt":"2024-03-08T18:27:02","slug":"disciplinas-optativas-2024-1","status":"publish","type":"page","link":"https:\/\/cienciasdoestado.direito.ufmg.br\/?page_id=2957","title":{"rendered":"Optativas 2024\/1"},"content":{"rendered":"<p><a href=\"https:\/\/cienciasdoestado.direito.ufmg.br\/wp-content\/uploads\/2024\/03\/DIP230-Plano-de-ensino-Topicos-em-redes-sociais-.pdf\" target=\"_blank\" rel=\"noopener\">INU032 &#8211; T\u00f3picos em Legisla\u00e7\u00e3o e Pol\u00edt. P\u00fab.-Pr\u00e1t. Legis. Legislab II<\/a><\/p>\n<p><a href=\"https:\/\/cienciasdoestado.direito.ufmg.br\/wp-content\/uploads\/2024\/03\/DIP230-Plano-de-ensino-Topicos-em-redes-sociais-.pdf\" target=\"_blank\" rel=\"noopener\">DIP230 &#8211; T\u00f3picos em Redes Sociais : Administra\u00e7\u00e3o P\u00fablica consensual<\/a><\/p>\n","protected":false},"excerpt":{"rendered":"<p>INU032 &#8211; T\u00f3picos em Legisla\u00e7\u00e3o e Pol\u00edt. P\u00fab.-Pr\u00e1t. Legis. Legislab II DIP230 &#8211; T\u00f3picos em Redes Sociais : Administra\u00e7\u00e3o P\u00fablica consensual<\/p>\n","protected":false},"author":2,"featured_media":0,"parent":0,"menu_order":0,"comment_status":"closed","ping_status":"closed","template":"","meta":{"footnotes":""},"class_list":["post-2957","page","type-page","status-publish","hentry"],"publishpress_future_action":{"enabled":false,"date":"2026-05-10 15:41:01","action":"change-status","newStatus":"draft","terms":[],"taxonomy":"","extraData":[]},"publishpress_future_workflow_manual_trigger":{"enabledWorkflows":[]},"_links":{"self":[{"href":"https:\/\/cienciasdoestado.direito.ufmg.br\/index.php?rest_route=\/wp\/v2\/pages\/2957","targetHints":{"allow":["GET"]}}],"collection":[{"href":"https:\/\/cienciasdoestado.direito.ufmg.br\/index.php?rest_route=\/wp\/v2\/pages"}],"about":[{"href":"https:\/\/cienciasdoestado.direito.ufmg.br\/index.php?rest_route=\/wp\/v2\/types\/page"}],"author":[{"embeddable":true,"href":"https:\/\/cienciasdoestado.direito.ufmg.br\/index.php?rest_route=\/wp\/v2\/users\/2"}],"replies":[{"embeddable":true,"href":"https:\/\/cienciasdoestado.direito.ufmg.br\/index.php?rest_route=%2Fwp%2Fv2%2Fcomments&post=2957"}],"version-history":[{"count":2,"href":"https:\/\/cienciasdoestado.direito.ufmg.br\/index.php?rest_route=\/wp\/v2\/pages\/2957\/revisions"}],"predecessor-version":[{"id":2962,"href":"https:\/\/cienciasdoestado.direito.ufmg.br\/index.php?rest_route=\/wp\/v2\/pages\/2957\/revisions\/2962"}],"wp:attachment":[{"href":"https:\/\/cienciasdoestado.direito.ufmg.br\/index.php?rest_route=%2Fwp%2Fv2%2Fmedia&parent=2957"}],"curies":[{"name":"wp","href":"https:\/\/api.w.org\/{rel}","templated":true}]}}