{"id":3230,"date":"2025-02-12T14:54:46","date_gmt":"2025-02-12T17:54:46","guid":{"rendered":"https:\/\/cienciasdoestado.direito.ufmg.br\/?page_id=3230"},"modified":"2025-07-18T12:25:04","modified_gmt":"2025-07-18T15:25:04","slug":"disciplinas-optativas-2025-1","status":"publish","type":"page","link":"https:\/\/cienciasdoestado.direito.ufmg.br\/?page_id=3230","title":{"rendered":"Disciplinas Optativas 2025\/1\u00b0"},"content":{"rendered":"<p><a href=\"https:\/\/cienciasdoestado.direito.ufmg.br\/wp-content\/uploads\/2025\/02\/Optativa-INU032-Convite-Fabiana-de-Menezes-Legislab.pdf\" target=\"_blank\" rel=\"noopener\">INU032-Pr\u00e1ticas Legislativas LegisLab II (Pr\u00e9-requisito: Ter cursado o 5\u00ba per\u00edodo)<\/a><\/p>\n<p><a href=\"https:\/\/cienciasdoestado.direito.ufmg.br\/wp-content\/uploads\/2025\/02\/Optativa-DIT087-CE-Lorena-Martoni-As-relacoes-civis-militares-no-Brasil.pdf\" target=\"_blank\" rel=\"noopener\">DIT087-T\u00f3picos em Fundamentos da sociedade democr\u00e1tica: As rela\u00e7\u00f5es civis-militares no Brasil<\/a><\/p>\n<p><a href=\"https:\/\/cienciasdoestado.direito.ufmg.br\/wp-content\/uploads\/2025\/02\/Optativa-DIT087-CE-Renato-Cardoso-Ciencia-da-seguranca-publica.pdf\" target=\"_blank\" rel=\"noopener\">DIT087-TOPICOS EM FUNDAMENTOS DA SOCIEDADE DEMOCRATICA &#8211; Introdu\u00e7\u00e3o a Ci\u00eancia da Seguran\u00e7a P\u00fablica<\/a><\/p>\n<p><a href=\"https:\/\/cienciasdoestado.direito.ufmg.br\/wp-content\/uploads\/2025\/02\/Optativa-DIT086-CE-Renato-Cardoso-VI-Seminarios-de-Teoria-Comparada-do-Estado.pdf\" target=\"_blank\" rel=\"noopener\">DIT086-VI Semin\u00e1rio de Teoria comparada do Estado &#8211; Democracias e crise das democracias liberais<\/a><\/p>\n<p><a href=\"https:\/\/cienciasdoestado.direito.ufmg.br\/wp-content\/uploads\/2025\/02\/Optativa-DIT091-CE-David-Gomes-Genero-Justica-e-Critica-ao-Capitalismo.pdf\" target=\"_blank\" rel=\"noopener\">DIT091-TOPICOS EM FILOSOFIA SOCIAL E DO DIREITO: G\u00eanero, Justi\u00e7a e Cr\u00edtica ao Capitalismo no Contexto P\u00f3s-Estado Westfaliano &#8211; Leituras a partir de Nancy Fraser<\/a><\/p>\n<p><a href=\"https:\/\/cienciasdoestado.direito.ufmg.br\/wp-content\/uploads\/2025\/02\/DIP226-Topicos-em-Historia-Politica-e-Constitucional-do-Brasil-Reflexoes-classicas.pdf\" target=\"_blank\" rel=\"noopener\">DIP226-T\u00f3picos em Hist\u00f3ria Pol\u00edtica e Constitucional do Brasil: Reflex\u00f5es cl\u00e1ssicas e contempor\u00e2nea sobre o federalismo<\/a><\/p>\n<p><a href=\"https:\/\/cienciasdoestado.direito.ufmg.br\/wp-content\/uploads\/2025\/02\/Plano-de-Ensino-DIR098.pdf\" target=\"_blank\" rel=\"noopener\">DIR098 &#8211; T\u00f3picos em Assuntos Estrat\u00e9gicos: Direito Internacional dos Conflitos Armados<\/a><\/p>\n<p><a href=\"https:\/\/cienciasdoestado.direito.ufmg.br\/wp-content\/uploads\/2025\/02\/DIP230-Topicos-em-Redes-Sociais-Administracao-Publica-Consensual.pdf\" target=\"_blank\" rel=\"noopener\">DIP230-T\u00f3picos em Redes Sociais: Administra\u00e7\u00e3o P\u00fablica Consensual<\/a><\/p>\n<p><a href=\"https:\/\/cienciasdoestado.direito.ufmg.br\/wp-content\/uploads\/2025\/02\/DIP229-Topicos-em-Procedimentos-de-controle-externo-Regime-Constitucional-dos-Tribunais-de-Contas.pdf\" target=\"_blank\" rel=\"noopener\">DIP229-T\u00f3picos em Procedimentos de Controle Externo da Administra\u00e7\u00e3o P\u00fablica &#8211; &#8211; Regime Constitucional dos Tribunais de Contas<\/a><\/p>\n<p><a href=\"https:\/\/cienciasdoestado.direito.ufmg.br\/wp-content\/uploads\/2025\/02\/DIP225-Ementa-Estado-e-Relacoes-Internacionais.pdf\" target=\"_blank\" rel=\"noopener\">DIP225-T\u00f3picos em Direito Internacional: Estado e Rela\u00e7\u00f5es Internacionais (Pr\u00e9-requisito: Leitura de documentos em Ingl\u00eas e Espanhol)<\/a><\/p>\n<p><a href=\"https:\/\/cienciasdoestado.direito.ufmg.br\/wp-content\/uploads\/2025\/02\/DIP225-Ementa-Analise-de-Conjuntura-Internacional.pdf\" target=\"_blank\" rel=\"noopener\">DIP225-T\u00f3picos em Direito Internacional: An\u00e1lise de Conjuntura Internacional \u2013 Teoria e Pr\u00e1tica (Pr\u00e9-requisito: Leitura de documentos em Ingl\u00eas e Espanhol)<\/a><\/p>\n","protected":false},"excerpt":{"rendered":"<p>INU032-Pr\u00e1ticas Legislativas LegisLab II (Pr\u00e9-requisito: Ter cursado o 5\u00ba per\u00edodo) DIT087-T\u00f3picos em Fundamentos da sociedade democr\u00e1tica: As rela\u00e7\u00f5es civis-militares no Brasil DIT087-TOPICOS EM FUNDAMENTOS DA SOCIEDADE DEMOCRATICA &#8211; Introdu\u00e7\u00e3o a&hellip;<\/p>\n","protected":false},"author":2,"featured_media":0,"parent":0,"menu_order":0,"comment_status":"closed","ping_status":"closed","template":"","meta":{"footnotes":""},"class_list":["post-3230","page","type-page","status-publish","hentry"],"publishpress_future_action":{"enabled":false,"date":"2026-04-30 02:58:35","action":"change-status","newStatus":"draft","terms":[],"taxonomy":"","extraData":[]},"publishpress_future_workflow_manual_trigger":{"enabledWorkflows":[]},"_links":{"self":[{"href":"https:\/\/cienciasdoestado.direito.ufmg.br\/index.php?rest_route=\/wp\/v2\/pages\/3230","targetHints":{"allow":["GET"]}}],"collection":[{"href":"https:\/\/cienciasdoestado.direito.ufmg.br\/index.php?rest_route=\/wp\/v2\/pages"}],"about":[{"href":"https:\/\/cienciasdoestado.direito.ufmg.br\/index.php?rest_route=\/wp\/v2\/types\/page"}],"author":[{"embeddable":true,"href":"https:\/\/cienciasdoestado.direito.ufmg.br\/index.php?rest_route=\/wp\/v2\/users\/2"}],"replies":[{"embeddable":true,"href":"https:\/\/cienciasdoestado.direito.ufmg.br\/index.php?rest_route=%2Fwp%2Fv2%2Fcomments&post=3230"}],"version-history":[{"count":14,"href":"https:\/\/cienciasdoestado.direito.ufmg.br\/index.php?rest_route=\/wp\/v2\/pages\/3230\/revisions"}],"predecessor-version":[{"id":3453,"href":"https:\/\/cienciasdoestado.direito.ufmg.br\/index.php?rest_route=\/wp\/v2\/pages\/3230\/revisions\/3453"}],"wp:attachment":[{"href":"https:\/\/cienciasdoestado.direito.ufmg.br\/index.php?rest_route=%2Fwp%2Fv2%2Fmedia&parent=3230"}],"curies":[{"name":"wp","href":"https:\/\/api.w.org\/{rel}","templated":true}]}}