{"id":3508,"date":"2025-09-22T07:54:04","date_gmt":"2025-09-22T10:54:04","guid":{"rendered":"https:\/\/cienciasdoestado.direito.ufmg.br\/?page_id=3508"},"modified":"2025-09-22T07:59:25","modified_gmt":"2025-09-22T10:59:25","slug":"atividades-complementares-de-graduacao","status":"publish","type":"page","link":"https:\/\/cienciasdoestado.direito.ufmg.br\/?page_id=3508","title":{"rendered":"Atividades Complementares de Gradua\u00e7\u00e3o"},"content":{"rendered":"<p>Os alunos do Curso de Gradua\u00e7\u00e3o em Ci\u00eancias do Estado da UFMG, dever\u00e3o cumprir atividades complementares, conforme a op\u00e7\u00e3o escolhida para a integraliza\u00e7\u00e3o do referido curso, conforme a Resolu\u00e7\u00e3o n\u00ba 04 ( link a seguir ) <a href=\"https:\/\/cienciasdoestado.direito.ufmg.br\/wp-content\/uploads\/2025\/09\/201704acg.pdf\" target=\"_blank\" rel=\"noopener\">Resolu\u00e7\u00e3o N\u00ba04 \u2013 Junho 2017<\/a><\/p>\n<p>O protocolo para requerer a dispensa de horas de ACG \u00e9 feita exclusivamente pelo site do curso<\/p>\n<p>A documenta\u00e7\u00e3o correta a ser encaminhada,\u00a0<strong>em arquivo \u00fanico PDF<\/strong>, \u00e9 :<\/p>\n<ul>\n<li><strong>Formul\u00e1rio de ACG devidamente preenchido pelo aluno, mantida a vers\u00e3o em PDF edit\u00e1vel.<\/strong><\/li>\n<li><strong>Certificados e demais documentos comprobat\u00f3rios com as respectivas cargas hor\u00e1rias.<\/strong><\/li>\n<\/ul>\n<p><a href=\"https:\/\/cienciasdoestado.direito.ufmg.br\/wp-content\/uploads\/2023\/07\/requerimentoacgce-1.pdf\" target=\"_blank\" rel=\"noopener\">Formul\u00e1rio<\/a><\/p>\n<p><a href=\"https:\/\/sistemas.direito.ufmg.br\/solicitacoes\/index.php?a=add&amp;category=7\" target=\"_blank\" rel=\"noopener\">Enviar arquivo<\/a><\/p>\n","protected":false},"excerpt":{"rendered":"<p>Os alunos do Curso de Gradua\u00e7\u00e3o em Ci\u00eancias do Estado da UFMG, dever\u00e3o cumprir atividades complementares, conforme a op\u00e7\u00e3o escolhida para a integraliza\u00e7\u00e3o do referido curso, conforme a Resolu\u00e7\u00e3o n\u00ba&hellip;<\/p>\n","protected":false},"author":2,"featured_media":0,"parent":0,"menu_order":0,"comment_status":"closed","ping_status":"closed","template":"","meta":{"footnotes":""},"class_list":["post-3508","page","type-page","status-publish","hentry"],"publishpress_future_action":{"enabled":false,"date":"2026-05-09 20:16:52","action":"change-status","newStatus":"draft","terms":[],"taxonomy":"","extraData":[]},"publishpress_future_workflow_manual_trigger":{"enabledWorkflows":[]},"_links":{"self":[{"href":"https:\/\/cienciasdoestado.direito.ufmg.br\/index.php?rest_route=\/wp\/v2\/pages\/3508","targetHints":{"allow":["GET"]}}],"collection":[{"href":"https:\/\/cienciasdoestado.direito.ufmg.br\/index.php?rest_route=\/wp\/v2\/pages"}],"about":[{"href":"https:\/\/cienciasdoestado.direito.ufmg.br\/index.php?rest_route=\/wp\/v2\/types\/page"}],"author":[{"embeddable":true,"href":"https:\/\/cienciasdoestado.direito.ufmg.br\/index.php?rest_route=\/wp\/v2\/users\/2"}],"replies":[{"embeddable":true,"href":"https:\/\/cienciasdoestado.direito.ufmg.br\/index.php?rest_route=%2Fwp%2Fv2%2Fcomments&post=3508"}],"version-history":[{"count":5,"href":"https:\/\/cienciasdoestado.direito.ufmg.br\/index.php?rest_route=\/wp\/v2\/pages\/3508\/revisions"}],"predecessor-version":[{"id":3516,"href":"https:\/\/cienciasdoestado.direito.ufmg.br\/index.php?rest_route=\/wp\/v2\/pages\/3508\/revisions\/3516"}],"wp:attachment":[{"href":"https:\/\/cienciasdoestado.direito.ufmg.br\/index.php?rest_route=%2Fwp%2Fv2%2Fmedia&parent=3508"}],"curies":[{"name":"wp","href":"https:\/\/api.w.org\/{rel}","templated":true}]}}