{"id":3738,"date":"2026-02-27T12:12:09","date_gmt":"2026-02-27T15:12:09","guid":{"rendered":"https:\/\/cienciasdoestado.direito.ufmg.br\/?page_id=3738"},"modified":"2026-02-27T12:22:48","modified_gmt":"2026-02-27T15:22:48","slug":"disciplinas-optativas-2026-1","status":"publish","type":"page","link":"https:\/\/cienciasdoestado.direito.ufmg.br\/?page_id=3738","title":{"rendered":"Disciplinas Optativas 2026\/1\u00b0"},"content":{"rendered":"<p><a href=\"https:\/\/cienciasdoestado.direito.ufmg.br\/wp-content\/uploads\/2026\/02\/Optativa-INU032-GPubl-Fabiana-de-Menezes-Legislab.pdf\" target=\"_blank\" rel=\"noopener\">INU032 &#8211; Pr\u00e1ticas Legislativas LegisLab II\u00a0<\/a><\/p>\n<p><a href=\"https:\/\/cienciasdoestado.direito.ufmg.br\/wp-content\/uploads\/2026\/02\/Optativa-DIT093-CE-Maria-Fernanda-Repoles-Direito-Territorios-e-Conflitos-Socioambientais.pdf\" target=\"_blank\" rel=\"noopener\">DIT093 &#8211; T\u00f3picos em Sociologia do Direito: Direito, Territ\u00f3rios e Conflitos Socioambientais no Capitalismo Extrativista<\/a><\/p>\n<p><a href=\"https:\/\/cienciasdoestado.direito.ufmg.br\/wp-content\/uploads\/2026\/02\/Optativa-INU033-CE-e-Direito-Fabricio-Poilido-Estudos-Juridicos-Transnacionais-e-Comparados-e-as-Politicas-Nacionais-de-Inteligencia-Artificial.pdf\" target=\"_blank\" rel=\"noopener\">INU033 &#8211; T\u00f3picos em Legisla\u00e7\u00e3o e Pol\u00edticas P\u00fablicas &#8211; Pr\u00e1ticas Legislativas LegisLab III: Estudos Jur\u00eddicos Transnacionais e Comparados e as Pol\u00edticas Nacionais de Intelig\u00eancia Artificial<\/a><\/p>\n<p><a href=\"https:\/\/cienciasdoestado.direito.ufmg.br\/wp-content\/uploads\/2026\/02\/Optativa-DIT086-CE-Renato-Cardoso-VII-Seminario-de-Teoria-comparada-do-Estado.pdf\" target=\"_blank\" rel=\"noopener\">DIT086 &#8211; VI Semin\u00e1rio de Teoria comparada do Estado &#8211; Capitalismo Tardio, Neoliberalismo e a Futura Crise<\/a><\/p>\n<p><a href=\"https:\/\/cienciasdoestado.direito.ufmg.br\/wp-content\/uploads\/2026\/02\/DIT085-TOPICOS-EM-ETICA-E-POLITICA_-Tecnologia-Futuro-e-Imaginacao-nas-Ciencias-do-Estado.docx.pdf\" target=\"_blank\" rel=\"noopener\">DIT085 &#8211; TOPICOS EM ETICA E POLITICA: Tecnologia, Futuro e Imagina\u00e7\u00e3o nas Ci\u00eancias do Estado<\/a><\/p>\n<p><a href=\"https:\/\/cienciasdoestado.direito.ufmg.br\/wp-content\/uploads\/2025\/07\/DIP230-Topicos-em-Redes-Sociais-Administracao-Publica-Consensual.pdf\" target=\"_blank\" rel=\"noopener\">DIP230 &#8211; T\u00f3picos em Redes Sociais: Administra\u00e7\u00e3o P\u00fablica Consensual<\/a><\/p>\n<p>DIP228 &#8211; T\u00f3picos em Economia de Setores Urbanos de Exclus\u00e3o\/Moradias em \u00c1reas de Risco<\/p>\n","protected":false},"excerpt":{"rendered":"<p>INU032 &#8211; Pr\u00e1ticas Legislativas LegisLab II\u00a0 DIT093 &#8211; T\u00f3picos em Sociologia do Direito: Direito, Territ\u00f3rios e Conflitos Socioambientais no Capitalismo Extrativista INU033 &#8211; T\u00f3picos em Legisla\u00e7\u00e3o e Pol\u00edticas P\u00fablicas &#8211;&hellip;<\/p>\n","protected":false},"author":2,"featured_media":0,"parent":0,"menu_order":0,"comment_status":"closed","ping_status":"closed","template":"","meta":{"footnotes":""},"class_list":["post-3738","page","type-page","status-publish","hentry"],"publishpress_future_action":{"enabled":false,"date":"2026-04-28 21:57:17","action":"change-status","newStatus":"draft","terms":[],"taxonomy":"","extraData":[]},"publishpress_future_workflow_manual_trigger":{"enabledWorkflows":[]},"_links":{"self":[{"href":"https:\/\/cienciasdoestado.direito.ufmg.br\/index.php?rest_route=\/wp\/v2\/pages\/3738","targetHints":{"allow":["GET"]}}],"collection":[{"href":"https:\/\/cienciasdoestado.direito.ufmg.br\/index.php?rest_route=\/wp\/v2\/pages"}],"about":[{"href":"https:\/\/cienciasdoestado.direito.ufmg.br\/index.php?rest_route=\/wp\/v2\/types\/page"}],"author":[{"embeddable":true,"href":"https:\/\/cienciasdoestado.direito.ufmg.br\/index.php?rest_route=\/wp\/v2\/users\/2"}],"replies":[{"embeddable":true,"href":"https:\/\/cienciasdoestado.direito.ufmg.br\/index.php?rest_route=%2Fwp%2Fv2%2Fcomments&post=3738"}],"version-history":[{"count":5,"href":"https:\/\/cienciasdoestado.direito.ufmg.br\/index.php?rest_route=\/wp\/v2\/pages\/3738\/revisions"}],"predecessor-version":[{"id":3749,"href":"https:\/\/cienciasdoestado.direito.ufmg.br\/index.php?rest_route=\/wp\/v2\/pages\/3738\/revisions\/3749"}],"wp:attachment":[{"href":"https:\/\/cienciasdoestado.direito.ufmg.br\/index.php?rest_route=%2Fwp%2Fv2%2Fmedia&parent=3738"}],"curies":[{"name":"wp","href":"https:\/\/api.w.org\/{rel}","templated":true}]}}