{"id":930,"date":"2019-02-05T17:43:49","date_gmt":"2019-02-05T19:43:49","guid":{"rendered":"http:\/\/localhost\/colgradce\/?page_id=930"},"modified":"2023-09-06T10:39:26","modified_gmt":"2023-09-06T13:39:26","slug":"ementas","status":"publish","type":"page","link":"https:\/\/cienciasdoestado.direito.ufmg.br\/?page_id=930","title":{"rendered":"Disciplinas"},"content":{"rendered":"<p><em>* Arquivos em PDF.<\/em> <img loading=\"lazy\" decoding=\"async\" src=\".\/wp-content\/uploads\/arquivos\/pdficon.png\" width=\"30\" height=\"30\" \/><\/p>\n<p><a href=\".\/wp-content\/uploads\/arquivos\/ementas\/ementas-completo.pdf\" target=\"_blank\" rel=\"noopener noreferrer\">Ementas do curr\u00edculo antigo e atual &#8211; Todas<\/a><\/p>\n<p><strong>I &#8211; Ciclo Fundamental <\/strong><\/p>\n<table style=\"border-collapse: collapse; width: 100%;\">\n<tbody>\n<tr>\n<td style=\"width: 100%; text-align: left;\"><strong>1\u00ba per\u00edodo (Eixo de Inicia\u00e7\u00e3o)<\/strong><\/td>\n<\/tr>\n<tr>\n<td style=\"width: 100%;\"><a href=\".\/wp-content\/uploads\/arquivos\/ementas\/1periodo\/DIT074.pdf\" target=\"_blank\" rel=\"noopener noreferrer\">Introdu\u00e7\u00e3o ao Conhecimento Cient\u00edfico do Direito e do Estado &#8211; DIT074<\/a><\/td>\n<\/tr>\n<tr>\n<td style=\"width: 100%;\"><a href=\".\/wp-content\/uploads\/arquivos\/ementas\/1periodo\/SOA050.pdf\" target=\"_blank\" rel=\"noopener noreferrer\">Modernidade e Mudan\u00e7a Social &#8211; SOA050<\/a><\/td>\n<\/tr>\n<tr>\n<td style=\"width: 100%;\"><a href=\".\/wp-content\/uploads\/arquivos\/ementas\/1periodo\/DIR108.pdf\" target=\"_blank\" rel=\"noopener noreferrer\">Introdu\u00e7\u00e3o \u00e0 Pol\u00edtica &#8211; DIR108<\/a><\/td>\n<\/tr>\n<tr>\n<td style=\"width: 100%;\"><a href=\".\/wp-content\/uploads\/arquivos\/ementas\/1periodo\/DIP081.pdf\" target=\"_blank\" rel=\"noopener noreferrer\">Inicia\u00e7\u00e3o \u00e0 Universidade &#8211; DIP081<\/a><\/td>\n<\/tr>\n<tr>\n<td style=\"width: 100%;\"><a href=\".\/wp-content\/uploads\/arquivos\/ementas\/1periodo\/DIT094.pdf\" target=\"_blank\" rel=\"noopener noreferrer\">Hist\u00f3ria do Estado e da Cidadania &#8211; DIT094<\/a><\/td>\n<\/tr>\n<\/tbody>\n<\/table>\n<table style=\"border-collapse: collapse; width: 100%;\">\n<tbody>\n<tr>\n<td style=\"width: 100%;\"><strong>2\u00ba per\u00edodo (Eixo de Contextualiza\u00e7\u00e3o)<\/strong><\/td>\n<\/tr>\n<tr>\n<td style=\"width: 100%;\"><a href=\".\/wp-content\/uploads\/arquivos\/ementas\/2periodo\/DIP201.pdf\" target=\"_blank\" rel=\"noopener noreferrer\">Introdu\u00e7\u00e3o a Governan\u00e7a Social &#8211; DIP201<\/a><\/td>\n<\/tr>\n<tr>\n<td style=\"width: 100%;\"><a href=\".\/wp-content\/uploads\/arquivos\/ementas\/2periodo\/DIP202.pdf\" target=\"_blank\" rel=\"noopener noreferrer\">Hist\u00f3ria e Teoria da Constitui\u00e7\u00e3o Brasileira &#8211; DIP202<\/a><\/td>\n<\/tr>\n<tr>\n<td style=\"width: 100%;\"><a href=\".\/wp-content\/uploads\/arquivos\/ementas\/2periodo\/DIT076.pdf\" target=\"_blank\" rel=\"noopener noreferrer\">Pensamento Jur\u00eddico- Pol\u00edtico Brasileiro- DIT076<\/a><\/td>\n<\/tr>\n<tr>\n<td style=\"width: 100%;\"><a href=\".\/wp-content\/uploads\/arquivos\/ementas\/2periodo\/ECN052.pdf\" target=\"_blank\" rel=\"noopener noreferrer\">Hist\u00f3ria do Pensamento Econ\u00f4mico &#8211; ECN052<\/a><\/td>\n<\/tr>\n<tr>\n<td style=\"width: 100%;\"><a href=\".\/wp-content\/uploads\/arquivos\/ementas\/2periodo\/DIT082.pdf\" target=\"_blank\" rel=\"noopener noreferrer\">Teoria do Estado I &#8211; DIP082<\/a><\/td>\n<\/tr>\n<\/tbody>\n<\/table>\n<table style=\"border-collapse: collapse; width: 100%; height: 144px;\">\n<tbody>\n<tr style=\"height: 24px;\">\n<td style=\"width: 100%; height: 24px;\"><strong>3\u00ba per\u00edodo (Eixo de Problematiza\u00e7\u00e3o)<\/strong><\/td>\n<\/tr>\n<tr style=\"height: 24px;\">\n<td style=\"width: 100%; height: 24px;\"><a href=\".\/wp-content\/uploads\/arquivos\/ementas\/3periodo\/DIC081.pdf\" target=\"_blank\" rel=\"noopener noreferrer\">Cidadania e Pessoalidade &#8211; DIC081<\/a><\/td>\n<\/tr>\n<tr style=\"height: 24px;\">\n<td style=\"width: 100%; height: 24px;\"><a href=\".\/wp-content\/uploads\/arquivos\/ementas\/3periodo\/DIP203.pdf\" target=\"_blank\" rel=\"noopener noreferrer\">Cidadania Pol\u00edtica- DIP203<\/a><\/td>\n<\/tr>\n<tr style=\"height: 24px;\">\n<td style=\"width: 100%; height: 24px;\"><a href=\".\/wp-content\/uploads\/arquivos\/ementas\/3periodo\/DIP204.pdf\" target=\"_blank\" rel=\"noopener noreferrer\">Cidadania Social e Econ\u00f4mica &#8211; DIP204<\/a><\/td>\n<\/tr>\n<tr style=\"height: 24px;\">\n<td style=\"width: 100%; height: 24px;\"><a href=\".\/wp-content\/uploads\/arquivos\/ementas\/3periodo\/DIT077.pdf\" target=\"_blank\" rel=\"noopener noreferrer\">Cidadania Cultural- DIT077<\/a><\/td>\n<\/tr>\n<tr style=\"height: 24px;\">\n<td style=\"width: 100%; height: 24px;\"><a href=\".\/wp-content\/uploads\/arquivos\/ementas\/3periodo\/DIT078.pdf\" target=\"_blank\" rel=\"noopener noreferrer\">Cidadania Trabalhista &#8211; DIT078<\/a><\/td>\n<\/tr>\n<\/tbody>\n<\/table>\n<table style=\"border-collapse: collapse; width: 100%;\">\n<tbody>\n<tr>\n<td style=\"width: 100%;\"><strong>4\u00ba per\u00edodo (Eixo de Alternativas Estruturais)<\/strong><\/td>\n<\/tr>\n<tr>\n<td style=\"width: 100%;\"><a href=\".\/wp-content\/uploads\/arquivos\/ementas\/4periodo\/DIN022.pdf\" target=\"_blank\" rel=\"noopener noreferrer\">Criminologia e Sistemas Penais &#8211; DIN022<\/a><\/td>\n<\/tr>\n<tr>\n<td style=\"width: 100%;\"><a href=\".\/wp-content\/uploads\/arquivos\/ementas\/4periodo\/DIP205.pdf\" target=\"_blank\" rel=\"noopener noreferrer\">Organiza\u00e7\u00e3o dos Poderes do Estado Brasileiro &#8211; DIP205<\/a><\/td>\n<\/tr>\n<tr>\n<td style=\"width: 100%;\"><a href=\".\/wp-content\/uploads\/arquivos\/ementas\/4periodo\/DIP206.pdf\" target=\"_blank\" rel=\"noopener noreferrer\">Teoria da Gest\u00e3o P\u00fablica &#8211; DIP206<\/a><\/td>\n<\/tr>\n<tr>\n<td style=\"width: 100%;\"><a href=\".\/wp-content\/uploads\/arquivos\/ementas\/4periodo\/DIP207.pdf\" target=\"_blank\" rel=\"noopener noreferrer\">Espa\u00e7o Urbano e Direito das Cidades &#8211; DIP207<\/a><\/td>\n<\/tr>\n<tr>\n<td style=\"width: 100%;\"><a href=\".\/wp-content\/uploads\/arquivos\/ementas\/4periodo\/DIP208.pdf\" target=\"_blank\" rel=\"noopener noreferrer\">Estado e Rela\u00e7\u00f5es Internacionais &#8211; DIP208<\/a><\/td>\n<\/tr>\n<\/tbody>\n<\/table>\n<p><strong>II \u2013 Percursos de Integraliza\u00e7\u00e3o<\/strong><\/p>\n<p><strong>A) Estado democr\u00e1tico e contemporaneidade<\/strong><\/p>\n<table style=\"border-collapse: collapse; width: 100%;\">\n<tbody>\n<tr>\n<td style=\"width: 100%;\"><strong>5\u00ba per\u00edodo<\/strong><\/td>\n<\/tr>\n<tr>\n<td style=\"width: 100%;\"><a href=\"https:\/\/cienciasdoestado.direito.ufmg.br\/wp-content\/uploads\/2019\/06\/DIP213.pdf\">Prote\u00e7\u00e3o Internacional dos Direitos Humanos &#8211; DIP2013<\/a><\/td>\n<\/tr>\n<tr>\n<td style=\"width: 100%;\"><a href=\".\/wp-content\/uploads\/arquivos\/ementas\/estado\/5periodo\/DIP210.pdf\" target=\"_blank\" rel=\"noopener noreferrer\">Direito e Administra\u00e7\u00e3o P\u00fablica &#8211; DIP210<\/a><\/td>\n<\/tr>\n<tr>\n<td style=\"width: 100%;\"><a href=\".\/wp-content\/uploads\/arquivos\/ementas\/estado\/5periodo\/DIR109.pdf\" target=\"_blank\" rel=\"noopener noreferrer\">Introdu\u00e7\u00e3o aos Estudos Estrat\u00e9gicos &#8211; DIR109<\/a><\/td>\n<\/tr>\n<\/tbody>\n<\/table>\n<table style=\"border-collapse: collapse; width: 100%;\">\n<tbody>\n<tr>\n<td style=\"width: 100%;\"><strong>6\u00ba per\u00edodo<\/strong><\/td>\n<\/tr>\n<tr>\n<td style=\"width: 100%;\"><a href=\".\/wp-content\/uploads\/arquivos\/ementas\/estado\/6periodo\/DIP214.pdf\" target=\"_blank\" rel=\"noopener noreferrer\">Direito Econ\u00f4mico do Planejamento- DIP214<\/a><\/td>\n<\/tr>\n<tr>\n<td style=\"width: 100%;\"><a href=\".\/wp-content\/uploads\/arquivos\/ementas\/estado\/6periodo\/DIT080.pdf\" target=\"_blank\" rel=\"noopener noreferrer\">Antropologia Cultural do Estado- DIT080<\/a><\/td>\n<\/tr>\n<tr>\n<td style=\"width: 100%;\"><a href=\"https:\/\/cienciasdoestado.direito.ufmg.br\/wp-content\/uploads\/2019\/06\/Filosofia-do-Estado.pdf\">Filosofia do Estado &#8211; DIT083<\/a><\/td>\n<\/tr>\n<tr>\n<td style=\"width: 100%;\"><a href=\"https:\/\/cienciasdoestado.direito.ufmg.br\/wp-content\/uploads\/2022\/05\/DIR110-TCCI-atualizada.pdf\">Trabalho de conclus\u00e3o de Curso I &#8211; DIR110<\/a><\/td>\n<\/tr>\n<\/tbody>\n<\/table>\n<table style=\"border-collapse: collapse; width: 100%;\">\n<tbody>\n<tr>\n<td style=\"width: 100%;\"><strong>7\u00ba per\u00edodo<\/strong><\/td>\n<\/tr>\n<tr>\n<td style=\"width: 100%;\"><a href=\".\/wp-content\/uploads\/arquivos\/ementas\/estado\/7periodo\/DIP218.pdf\" target=\"_blank\" rel=\"noopener noreferrer\">Teoria Comparada do Estado- DIP218<\/a><\/td>\n<\/tr>\n<tr>\n<td style=\"width: 100%;\"><a href=\".\/wp-content\/uploads\/arquivos\/ementas\/estado\/7periodo\/DIP219.pdf\" target=\"_blank\" rel=\"noopener noreferrer\">Direito e Or\u00e7amento P\u00fablico- DIP219<\/a><\/td>\n<\/tr>\n<tr>\n<td style=\"width: 100%;\"><a href=\".\/wp-content\/uploads\/arquivos\/ementas\/estado\/7periodo\/DIT081.pdf\" target=\"_blank\" rel=\"noopener noreferrer\">Direito Internacional do Trabalho- DIT081<\/a><\/td>\n<\/tr>\n<tr>\n<td style=\"width: 100%;\"><a href=\"https:\/\/cienciasdoestado.direito.ufmg.br\/wp-content\/uploads\/arquivos\/resolucoes\/201703tcc.pdf\">Elabora\u00e7\u00e3o de Projeto de TCCII ou Inicia\u00e7\u00e3o Cient\u00edfica- DIR111<\/a><\/td>\n<\/tr>\n<\/tbody>\n<\/table>\n<table style=\"border-collapse: collapse; width: 100%;\">\n<tbody>\n<tr>\n<td style=\"width: 100%;\"><strong>8\u00ba per\u00edodo<\/strong><\/td>\n<\/tr>\n<tr>\n<td style=\"width: 100%;\"><a href=\"https:\/\/cienciasdoestado.direito.ufmg.br\/wp-content\/uploads\/arquivos\/resolucoes\/201703tcc.pdf\">Defesa de TCC ou Semin\u00e1rio de Inicia\u00e7\u00e3o Cient\u00edfica-<\/a><a href=\"https:\/\/cienciasdoestado.direito.ufmg.br\/wp-content\/uploads\/arquivos\/resolucoes\/201703tcc.pdf\">DIR112<\/a><\/td>\n<\/tr>\n<\/tbody>\n<\/table>\n<p><strong>B) Democracia e governan\u00e7a social<\/strong><\/p>\n<table style=\"border-collapse: collapse; width: 100%;\">\n<tbody>\n<tr>\n<td style=\"width: 100%;\"><strong>5\u00ba per\u00edodo<\/strong><\/td>\n<\/tr>\n<tr>\n<td style=\"width: 100%;\"><a href=\".\/wp-content\/uploads\/arquivos\/ementas\/governanca\/5periodo\/DIP211.pdf\" target=\"_blank\" rel=\"noopener noreferrer\">Gest\u00e3o do Terceiro Setor- DIP211<\/a><\/td>\n<\/tr>\n<tr>\n<td style=\"width: 100%;\"><a href=\"https:\/\/cienciasdoestado.direito.ufmg.br\/wp-content\/uploads\/2019\/06\/DIP216.pdf\">Estatuto da Cidade-DIP216<\/a><\/td>\n<\/tr>\n<tr>\n<td style=\"width: 100%;\"><a href=\".\/wp-content\/uploads\/arquivos\/ementas\/governanca\/5periodo\/DIC082.pdf\" target=\"_blank\" rel=\"noopener noreferrer\">Estruturas Jur\u00eddicas das Organiza\u00e7\u00f5es Sociais &#8211; DIC082<\/a><\/td>\n<\/tr>\n<\/tbody>\n<\/table>\n<table style=\"border-collapse: collapse; width: 100%;\">\n<tbody>\n<tr>\n<td style=\"width: 100%;\"><strong>6\u00ba per\u00edodo<\/strong><\/td>\n<\/tr>\n<tr>\n<td style=\"width: 100%;\"><a href=\".\/wp-content\/uploads\/arquivos\/ementas\/governanca\/6periodo\/DIP215.pdf\" target=\"_blank\" rel=\"noopener noreferrer\">Parcerias P\u00fablico Privadas &#8211; DIP215<\/a><\/td>\n<\/tr>\n<tr>\n<td style=\"width: 100%;\"><a href=\".\/wp-content\/uploads\/arquivos\/ementas\/governanca\/6periodo\/DIP217.pdf\" target=\"_blank\" rel=\"noopener noreferrer\">Tributa\u00e7\u00e3o e Organiza\u00e7\u00f5es Sociais- DIP217<\/a><\/td>\n<\/tr>\n<tr>\n<td style=\"width: 100%;\"><a href=\"https:\/\/cienciasdoestado.direito.ufmg.br\/wp-content\/uploads\/2019\/08\/DIP223.pdf\" target=\"_blank\" rel=\"noopener noreferrer\">Direito e Meio Ambiente-DIP223<\/a><\/td>\n<\/tr>\n<tr>\n<td style=\"width: 100%;\"><a href=\"https:\/\/cienciasdoestado.direito.ufmg.br\/wp-content\/uploads\/2019\/08\/DIP223.pdf\" target=\"_blank\" rel=\"noopener noreferrer\">Direito e Meio Ambiente-DIP223<\/a><\/td>\n<\/tr>\n<tr>\n<td style=\"width: 100%;\"><a href=\"https:\/\/cienciasdoestado.direito.ufmg.br\/wp-content\/uploads\/2022\/05\/DIR110-TCCI-atualizada.pdf\">Trabalho de Conclus\u00e3o de Curso I \u2014 TCC I &#8211; DIR110<\/a><\/td>\n<\/tr>\n<\/tbody>\n<\/table>\n<table style=\"border-collapse: collapse; width: 100%;\">\n<tbody>\n<tr>\n<td style=\"width: 100%;\"><strong>7\u00ba per\u00edodo<\/strong><\/td>\n<\/tr>\n<tr>\n<td style=\"width: 100%;\"><a href=\".\/wp-content\/uploads\/arquivos\/ementas\/governanca\/7periodo\/DIC083.pdf\" target=\"_blank\" rel=\"noopener noreferrer\">Teoria da Empresa &#8211; DIC083<\/a><\/td>\n<\/tr>\n<tr>\n<td style=\"width: 100%;\"><a href=\"https:\/\/cienciasdoestado.direito.ufmg.br\/wp-content\/uploads\/2019\/09\/Filosofia-Social.pdf\">Filosofia Social- DIT084<\/a><\/td>\n<\/tr>\n<tr>\n<td style=\"width: 100%;\"><a href=\".\/wp-content\/uploads\/arquivos\/ementas\/governanca\/7periodo\/DIT082.pdf\" target=\"_blank\" rel=\"noopener noreferrer\">Trabalho e Organiza\u00e7\u00f5es Sociais &#8211; DIT082<\/a><\/td>\n<\/tr>\n<tr>\n<td style=\"width: 100%;\"><a href=\"https:\/\/cienciasdoestado.direito.ufmg.br\/wp-content\/uploads\/arquivos\/resolucoes\/201703tcc.pdf\">Elabora\u00e7\u00e3o de Projeto de TCCII ou Inicia\u00e7\u00e3o Cient\u00edfica -DIR111<\/a><\/td>\n<\/tr>\n<\/tbody>\n<\/table>\n<table style=\"border-collapse: collapse; width: 100%;\">\n<tbody>\n<tr>\n<td style=\"width: 100%;\"><strong>8\u00ba per\u00edodo<\/strong><\/td>\n<\/tr>\n<tr>\n<td style=\"width: 100%;\"><a href=\"https:\/\/cienciasdoestado.direito.ufmg.br\/wp-content\/uploads\/arquivos\/resolucoes\/201703tcc.pdf\">Defesa de TCC ou Semin\u00e1rio de Inicia\u00e7\u00e3o Cient\u00edfica- <\/a><a href=\"https:\/\/cienciasdoestado.direito.ufmg.br\/wp-content\/uploads\/arquivos\/resolucoes\/201703tcc.pdf\">DIR112<\/a><\/td>\n<\/tr>\n<\/tbody>\n<\/table>\n<table style=\"border-collapse: collapse; width: 100%; height: 120px;\">\n<tbody>\n<tr style=\"height: 24px;\">\n<td style=\"width: 100%; height: 24px;\"><strong>Optativas<\/strong><\/td>\n<\/tr>\n<tr style=\"height: 24px;\">\n<td style=\"width: 100%; height: 24px;\"><a href=\"https:\/\/cienciasdoestado.direito.ufmg.br\/?page_id=1998\">DIC \u2013 Departamento de Direito e Processo Civil e Comercial<\/a><\/td>\n<\/tr>\n<tr style=\"height: 24px;\">\n<td style=\"width: 100%; height: 24px;\"><a href=\"https:\/\/cienciasdoestado.direito.ufmg.br\/?page_id=2004&amp;preview=true\">DIN -Departamento de Direito e Processo Penal<\/a><\/td>\n<\/tr>\n<tr style=\"height: 24px;\">\n<td style=\"width: 100%; height: 24px;\"><a href=\"https:\/\/cienciasdoestado.direito.ufmg.br\/?page_id=2007\">DIP \u2013 Departamento de Direito P\u00fablico<\/a><\/td>\n<\/tr>\n<tr style=\"height: 24px;\">\n<td style=\"width: 100%; height: 24px;\"><a href=\"https:\/\/cienciasdoestado.direito.ufmg.br\/?page_id=2011\">DIT \u2013 Departamento de Direito do Trabalho e Introdu\u00e7\u00e3o ao Estudo do Direito<\/a><\/td>\n<\/tr>\n<\/tbody>\n<\/table>\n<p>&nbsp;<\/p>\n<p>&nbsp;<\/p>\n<p>&nbsp;<\/p>\n","protected":false},"excerpt":{"rendered":"<p>* Arquivos em PDF. Ementas do curr\u00edculo antigo e atual &#8211; Todas I &#8211; Ciclo Fundamental 1\u00ba per\u00edodo (Eixo de Inicia\u00e7\u00e3o) Introdu\u00e7\u00e3o ao Conhecimento Cient\u00edfico do Direito e do Estado&hellip;<\/p>\n","protected":false},"author":1,"featured_media":0,"parent":0,"menu_order":0,"comment_status":"closed","ping_status":"closed","template":"","meta":{"footnotes":""},"class_list":["post-930","page","type-page","status-publish","hentry"],"publishpress_future_action":{"enabled":false,"date":"2026-04-25 21:56:07","action":"change-status","newStatus":"draft","terms":[],"taxonomy":"","extraData":[]},"publishpress_future_workflow_manual_trigger":{"enabledWorkflows":[]},"_links":{"self":[{"href":"https:\/\/cienciasdoestado.direito.ufmg.br\/index.php?rest_route=\/wp\/v2\/pages\/930","targetHints":{"allow":["GET"]}}],"collection":[{"href":"https:\/\/cienciasdoestado.direito.ufmg.br\/index.php?rest_route=\/wp\/v2\/pages"}],"about":[{"href":"https:\/\/cienciasdoestado.direito.ufmg.br\/index.php?rest_route=\/wp\/v2\/types\/page"}],"author":[{"embeddable":true,"href":"https:\/\/cienciasdoestado.direito.ufmg.br\/index.php?rest_route=\/wp\/v2\/users\/1"}],"replies":[{"embeddable":true,"href":"https:\/\/cienciasdoestado.direito.ufmg.br\/index.php?rest_route=%2Fwp%2Fv2%2Fcomments&post=930"}],"version-history":[{"count":3,"href":"https:\/\/cienciasdoestado.direito.ufmg.br\/index.php?rest_route=\/wp\/v2\/pages\/930\/revisions"}],"predecessor-version":[{"id":2803,"href":"https:\/\/cienciasdoestado.direito.ufmg.br\/index.php?rest_route=\/wp\/v2\/pages\/930\/revisions\/2803"}],"wp:attachment":[{"href":"https:\/\/cienciasdoestado.direito.ufmg.br\/index.php?rest_route=%2Fwp%2Fv2%2Fmedia&parent=930"}],"curies":[{"name":"wp","href":"https:\/\/api.w.org\/{rel}","templated":true}]}}