{"id":932,"date":"2019-02-05T17:44:13","date_gmt":"2019-02-05T19:44:13","guid":{"rendered":"http:\/\/localhost\/colgradce\/?page_id=932"},"modified":"2026-02-27T16:57:34","modified_gmt":"2026-02-27T19:57:34","slug":"horario","status":"publish","type":"page","link":"https:\/\/cienciasdoestado.direito.ufmg.br\/?page_id=932","title":{"rendered":"Hor\u00e1rio"},"content":{"rendered":"<p><a href=\"https:\/\/cienciasdoestado.direito.ufmg.br\/wp-content\/uploads\/2026\/02\/Horario-Ciencias-do-Estado-OBRIGATORIAS-2026-1.pdf\" target=\"_blank\" rel=\"noopener\">Hor\u00e1rio das disciplinas Obrigat\u00f3rias 1\u00b0 semestre de 2026<\/a><\/p>\n<p><a href=\"https:\/\/cienciasdoestado.direito.ufmg.br\/wp-content\/uploads\/2026\/02\/Horario-Ciencias-do-Estado-OPTATIVAS-2026-1-1.pdf\" target=\"_blank\" rel=\"noopener\">Hor\u00e1rio das disciplinas Optativas 1\u00b0 semestre de 2026<\/a><\/p>\n<p><a href=\"https:\/\/cienciasdoestado.direito.ufmg.br\/wp-content\/uploads\/2025\/07\/Horario-Ciencias-do-Estado-OBRIGATORIAS-2025-2-3.pdf\" target=\"_blank\" rel=\"noopener\">Hor\u00e1rio das disciplinas Obrigat\u00f3rias 2\u00b0 semestre de 2025<\/a><\/p>\n<p><a href=\"https:\/\/cienciasdoestado.direito.ufmg.br\/wp-content\/uploads\/2025\/07\/Horario-Ciencias-do-Estado-OPTATIVAS-2025-2-1.pdf\" target=\"_blank\" rel=\"noopener\">Hor\u00e1rio das disciplinas Optativas 2\u00b0 semestre de 2025<\/a><\/p>\n<p><a href=\"https:\/\/cienciasdoestado.direito.ufmg.br\/wp-content\/uploads\/2025\/03\/Horario-Ciencias-do-Estado-OBRIGATORIAS-2025-1-7.pdf\" target=\"_blank\" rel=\"noopener\">Hor\u00e1rio das disciplinas Obrigat\u00f3rias 1\u00b0 semestre de 2025<\/a><\/p>\n<p><a href=\"https:\/\/cienciasdoestado.direito.ufmg.br\/wp-content\/uploads\/2025\/03\/Horario-Ciencias-do-Estado-OPTATIVAS-2025-1-Divulgacao-4.pdf\" target=\"_blank\" rel=\"noopener\">Hor\u00e1rio das disciplinas Optativas 1\u00b0 semestre de 2025<\/a><\/p>\n<p><a href=\"https:\/\/cienciasdoestado.direito.ufmg.br\/wp-content\/uploads\/2024\/09\/Horario-Ciencias-do-Estado-OBRIGATORIAS-2024-2.-7.pdf\" target=\"_blank\" rel=\"noopener\">Hor\u00e1rio das disciplinas Obrigat\u00f3rias 2\u00b0 semestre de 2024<\/a><\/p>\n<p><a href=\"https:\/\/cienciasdoestado.direito.ufmg.br\/wp-content\/uploads\/2024\/09\/Horario-Ciencias-do-Estado-OPTATIVAS-2024-2.pdf\" target=\"_blank\" rel=\"noopener\">Hor\u00e1rio das disciplinas Optativas 2\u00b0 semestre de 2024<\/a><\/p>\n<p><a href=\"https:\/\/cienciasdoestado.direito.ufmg.br\/wp-content\/uploads\/2024\/03\/Horario-Ciencias-do-Estado-OBRIGATORIAS-2024-1.pdf\">Hor\u00e1rio das disciplinas Obrigat\u00f3rias 1\u00b0 semestre de 2024<\/a><\/p>\n<p><a href=\"https:\/\/cienciasdoestado.direito.ufmg.br\/wp-content\/uploads\/2024\/03\/Horario-Ciencias-do-Estado-OPTATIVAS-2024-1.pdf\">Hor\u00e1rio das disciplinas Optativas 1\u00b0 semestre de 2024<\/a><\/p>\n<p><a href=\"https:\/\/cienciasdoestado.direito.ufmg.br\/wp-content\/uploads\/2023\/08\/Horario-Ciencias-do-Estado-OBRIGATORIAS-2023-2.pdf\" target=\"_blank\" rel=\"noopener\">Hor\u00e1rio das disciplinas Obrigat\u00f3rias 2\u00b0 semestre de 2023<\/a><\/p>\n<p><a href=\"https:\/\/cienciasdoestado.direito.ufmg.br\/wp-content\/uploads\/2023\/07\/Horario-Ciencias-do-Estado-OPTATIVAS-2023-2.pdf\" target=\"_blank\" rel=\"noopener\">Hor\u00e1rio das disciplinas Optativas 2\u00b0 semestre de 2023<\/a><\/p>\n<p><a href=\"https:\/\/cienciasdoestado.direito.ufmg.br\/wp-content\/uploads\/2023\/03\/Horario-Ciencias-do-Estado-OBRIGATORIAS-2023-1-4.pdf\">Hor\u00e1rio das disciplinas Obrigat\u00f3rias 1\u00b0 semestre de 2023<\/a><\/p>\n<p><a href=\"https:\/\/cienciasdoestado.direito.ufmg.br\/wp-content\/uploads\/2023\/03\/Horario-Ciencias-do-Estado-OPTATIVAS-2023-1.pdf\">Hor\u00e1rio das disciplinas Optativas 1\u00b0 semestre de 2023<\/a><\/p>\n<p><a href=\"https:\/\/cienciasdoestado.direito.ufmg.br\/wp-content\/uploads\/2022\/08\/Horario-Ciencias-do-Estado-OBRIGATORIAS-2022-2..xls\">Hor\u00e1rio das disciplinas Obrigat\u00f3rias 2\u00b0 semestre de 2022<\/a><\/p>\n<p><a href=\"https:\/\/cienciasdoestado.direito.ufmg.br\/wp-content\/uploads\/2022\/09\/Horario-Ciencias-do-Estado-OPTATIVAS-2022-2.xls\">Hor\u00e1rio dasdisciplinas Optativas 2\u00b0 semestre de 2022<\/a><\/p>\n<p><a href=\"https:\/\/cienciasdoestado.direito.ufmg.br\/wp-content\/uploads\/2022\/04\/Horario-Ciencias-do-Estado-OBRIGATORIAS-2022.pdf\">Hor\u00e1rio das disciplinas Obrigat\u00f3ria 1\u00ba semestre de 2022<\/a><\/p>\n<p><a href=\"https:\/\/cienciasdoestado.direito.ufmg.br\/wp-content\/uploads\/2022\/03\/Horario-Ciencias-do-Estado-OPTATIVAS-2022-1-1.xls\">Hor\u00e1rio das disciplinas Optativas 1\u00ba semestre de 2022<\/a><\/p>\n<p><a href=\"https:\/\/cienciasdoestado.direito.ufmg.br\/wp-content\/uploads\/2021\/09\/Horario-Ciencias-do-Estado-OBRIGATORIAS-2021-2.xls\">Hor\u00e1rio das disciplinas Obrigat\u00f3ria 2\u00ba semestre de 2021<\/a><\/p>\n<p><a href=\"https:\/\/cienciasdoestado.direito.ufmg.br\/wp-content\/uploads\/2021\/09\/Horario-Ciencias-do-Estado-OPTATIVAS-2021-2.xls\">Hor\u00e1rio das disciplinas Optativas 2\u00ba semestre de 2021<\/a><\/p>\n<p><a href=\"https:\/\/cienciasdoestado.direito.ufmg.br\/wp-content\/uploads\/2021\/04\/Horario-Ciencias-do-Estado-OBRIGATORIAS-2021-1.xls\">Hor\u00e1rio das disciplinas Obrigat\u00f3rias 1\u00ba semestre de 2021<\/a><\/p>\n<p><a href=\"https:\/\/cienciasdoestado.direito.ufmg.br\/wp-content\/uploads\/2021\/04\/Horario-Ciencias-do-Estado-OPTATIVAS-2021-1.xls\">Hor\u00e1rio das disciplinas Optativas 1\u00ba semestre de 2021<\/a><\/p>\n<p><a href=\"https:\/\/cienciasdoestado.direito.ufmg.br\/wp-content\/uploads\/2020\/01\/Hor\u00e1rio-Ci\u00eancias-do-Estado-OBRIGAT\u00d3RIAS-2020-1-1.pdf\">Hor\u00e1rio das disciplinas Obrigat\u00f3rias 1\u00b0 semestre de 2020<\/a><\/p>\n<p><a href=\"https:\/\/cienciasdoestado.direito.ufmg.br\/wp-content\/uploads\/2020\/07\/Hor\u00e1rio-Ci\u00eancias-do-Estado-OPTATIVAS-2020-1.pdf\">Hor\u00e1rio das disciplinas Optativas 1\u00b0 semestre de 2020<\/a><\/p>\n<p><a href=\"https:\/\/cienciasdoestado.direito.ufmg.br\/wp-content\/uploads\/2019\/08\/OBRIGATORIAS-2019-2-Hor\u00e1rio.pdf\">Hor\u00e1rio das disciplinas Obrigat\u00f3rias 2\u00b0 semestre de 2019<\/a><\/p>\n<p><a href=\"https:\/\/cienciasdoestado.direito.ufmg.br\/wp-content\/uploads\/2019\/08\/OPTATIVAS-2019-2-Hor\u00e1rio.pdf\">Hor\u00e1rio das disciplinas Optativas 2\u00b0 semestre de 2019<\/a><\/p>\n","protected":false},"excerpt":{"rendered":"<p>Hor\u00e1rio das disciplinas Obrigat\u00f3rias 1\u00b0 semestre de 2026 Hor\u00e1rio das disciplinas Optativas 1\u00b0 semestre de 2026 Hor\u00e1rio das disciplinas Obrigat\u00f3rias 2\u00b0 semestre de 2025 Hor\u00e1rio das disciplinas Optativas 2\u00b0 semestre&hellip;<\/p>\n","protected":false},"author":1,"featured_media":0,"parent":0,"menu_order":0,"comment_status":"closed","ping_status":"closed","template":"","meta":{"footnotes":""},"class_list":["post-932","page","type-page","status-publish","hentry"],"publishpress_future_action":{"enabled":false,"date":"2026-04-28 00:55:51","action":"change-status","newStatus":"draft","terms":[],"taxonomy":"","extraData":[]},"publishpress_future_workflow_manual_trigger":{"enabledWorkflows":[]},"_links":{"self":[{"href":"https:\/\/cienciasdoestado.direito.ufmg.br\/index.php?rest_route=\/wp\/v2\/pages\/932","targetHints":{"allow":["GET"]}}],"collection":[{"href":"https:\/\/cienciasdoestado.direito.ufmg.br\/index.php?rest_route=\/wp\/v2\/pages"}],"about":[{"href":"https:\/\/cienciasdoestado.direito.ufmg.br\/index.php?rest_route=\/wp\/v2\/types\/page"}],"author":[{"embeddable":true,"href":"https:\/\/cienciasdoestado.direito.ufmg.br\/index.php?rest_route=\/wp\/v2\/users\/1"}],"replies":[{"embeddable":true,"href":"https:\/\/cienciasdoestado.direito.ufmg.br\/index.php?rest_route=%2Fwp%2Fv2%2Fcomments&post=932"}],"version-history":[{"count":21,"href":"https:\/\/cienciasdoestado.direito.ufmg.br\/index.php?rest_route=\/wp\/v2\/pages\/932\/revisions"}],"predecessor-version":[{"id":3753,"href":"https:\/\/cienciasdoestado.direito.ufmg.br\/index.php?rest_route=\/wp\/v2\/pages\/932\/revisions\/3753"}],"wp:attachment":[{"href":"https:\/\/cienciasdoestado.direito.ufmg.br\/index.php?rest_route=%2Fwp%2Fv2%2Fmedia&parent=932"}],"curies":[{"name":"wp","href":"https:\/\/api.w.org\/{rel}","templated":true}]}}