{"id":936,"date":"2019-02-05T17:44:40","date_gmt":"2019-02-05T19:44:40","guid":{"rendered":"http:\/\/localhost\/colgradce\/?page_id=936"},"modified":"2024-04-23T16:26:05","modified_gmt":"2024-04-23T19:26:05","slug":"resolucoes-2","status":"publish","type":"page","link":"https:\/\/cienciasdoestado.direito.ufmg.br\/?page_id=936","title":{"rendered":"Resolu\u00e7\u00f5es do Colegiado"},"content":{"rendered":"<p><a href=\".\/wp-content\/uploads\/arquivos\/resolucoes\/201701resolucaoestagio.pdf\" target=\"_blank\" rel=\"noopener\">Resolu\u00e7\u00e3o 01\/2017- Disp\u00f5e sobre o Est\u00e1gio Curricular obrigat\u00f3rio do Curso de Gradua\u00e7\u00e3o em Ci\u00eancias do Estado da Faculdade de Direito da UFMG.<\/a><\/p>\n<p><a href=\".\/wp-content\/uploads\/arquivos\/resolucoes\/201702formacaocomplementar.pdf\" target=\"_blank\" rel=\"noopener\">Resolu\u00e7\u00e3o 02\/2017-Regulamenta a forma\u00e7\u00e3o complementar aberta e a forma\u00e7\u00e3o livre no Curso de Gradua\u00e7\u00e3o em Ci\u00eancias do Estado. <\/a><\/p>\n<p><a href=\".\/wp-content\/uploads\/arquivos\/resolucoes\/201703tcc.pdf\" target=\"_blank\" rel=\"noopener\">Resolu\u00e7\u00e3o 03\/2017- Regulamenta a elabora\u00e7\u00e3o e a defesa de trabalho de conclus\u00e3o de curso (TCC) no Curso de Gradua\u00e7\u00e3o em Ci\u00eancias do Estado da UFMG.<\/a><\/p>\n<p><a href=\".\/wp-content\/uploads\/arquivos\/resolucoes\/201704acg.pdf\" target=\"_blank\" rel=\"noopener\">Resolu\u00e7\u00e3o 04\/2017- Regulamenta as atividades complementares de gradua\u00e7\u00e3o (ACG) no Curso de Gradua\u00e7\u00e3o em Ci\u00eancias do Estado da UFMG.<\/a><\/p>\n<p><a href=\".\/wp-content\/uploads\/arquivos\/resolucoes\/201102rematriculareopcao.pdf\" target=\"_blank\" rel=\"noopener\">Resolu\u00e7\u00e3o 02\/2011- Estabelece normas para distribui\u00e7\u00e3o de vagas remanescentes do Curso de Ci\u00eancias do Estado, nas modalidades de reop\u00e7\u00e3o e rematr\u00edcula.<\/a><\/p>\n<p><a href=\"https:\/\/cienciasdoestado.direito.ufmg.br\/wp-content\/uploads\/2024\/04\/resolucao-01-2024-1-1.pdf\">Resolu\u00e7\u00e3o 01\/2024 &#8211; Regulamenta a integraliza\u00e7\u00e3o de cr\u00e9ditos excedentes cursados em Forma\u00e7\u00e3o Livre no Curso de Gradua\u00e7\u00e3o em Ci\u00eancias do Estado<\/a><\/p>\n<p><strong>RESOLU\u00c7\u00d5ES REVOGADAS<\/strong><\/p>\n<p><strong>REVOGADA &#8211; <\/strong><a href=\".\/wp-content\/uploads\/arquivos\/resolucoes\/201101instituinde.pdf\" target=\"_blank\" rel=\"noopener\">Resolu\u00e7\u00e3o 01\/2011 &#8211; Institui o N\u00facleo Docente Estruturante &#8211; NDE.<\/a><\/p>\n<p><strong>REVOGADA &#8211; <\/strong><a href=\".\/wp-content\/uploads\/arquivos\/resolucoes\/201103acg.pdf\" target=\"_blank\" rel=\"noopener\">Resolu\u00e7\u00e3o 03\/2011- Regulamenta as atividades complementares de gradua\u00e7\u00e3o (ACG) no Curso de Gradua\u00e7\u00e3o em Ci\u00eancias do Estado da UFMG.<\/a><\/p>\n<p><strong>REVOGADA &#8211;<\/strong> <a href=\".\/wp-content\/uploads\/arquivos\/resolucoes\/201104formacaolivrecomplementar.pdf\" target=\"_blank\" rel=\"noopener\">Resolu\u00e7\u00e3o 04\/2011-Regulamenta a forma\u00e7\u00e3o complementar aberta e a forma\u00e7\u00e3o livre no Curso de Gradua\u00e7\u00e3o em Ci\u00eancias do Estado. <\/a><\/p>\n<p><strong>REVOGADA &#8211;<\/strong> <a href=\".\/wp-content\/uploads\/arquivos\/resolucoes\/201305elaboracaotcc.pdf\">Resolu\u00e7\u00e3o 05\/2013- Regulamenta a elabora\u00e7\u00e3o e a defesa de trabalho de conclus\u00e3o de curso (TCC) no Curso de Gradua\u00e7\u00e3o em Ci\u00eancias do Estado da UFMG.<\/a><\/p>\n<p><strong>REVOGADA &#8211;<\/strong> <a href=\".\/wp-content\/uploads\/arquivos\/resolucoes\/201106estagiocurricular.pdf\" target=\"_blank\" rel=\"noopener\">Resolu\u00e7\u00e3o 06\/2011- Disp\u00f5e sobre o Est\u00e1gio Curricular obrigat\u00f3rio do Curso de Gradua\u00e7\u00e3o em Ci\u00eancias do Estado da Faculdade de Direito da UFMG.<\/a><\/p>\n","protected":false},"excerpt":{"rendered":"<p>Resolu\u00e7\u00e3o 01\/2017- Disp\u00f5e sobre o Est\u00e1gio Curricular obrigat\u00f3rio do Curso de Gradua\u00e7\u00e3o em Ci\u00eancias do Estado da Faculdade de Direito da UFMG. Resolu\u00e7\u00e3o 02\/2017-Regulamenta a forma\u00e7\u00e3o complementar aberta e a&hellip;<\/p>\n","protected":false},"author":1,"featured_media":0,"parent":0,"menu_order":0,"comment_status":"closed","ping_status":"closed","template":"","meta":{"footnotes":""},"class_list":["post-936","page","type-page","status-publish","hentry"],"publishpress_future_action":{"enabled":false,"date":"2026-04-28 01:51:31","action":"change-status","newStatus":"draft","terms":[],"taxonomy":"","extraData":[]},"publishpress_future_workflow_manual_trigger":{"enabledWorkflows":[]},"_links":{"self":[{"href":"https:\/\/cienciasdoestado.direito.ufmg.br\/index.php?rest_route=\/wp\/v2\/pages\/936","targetHints":{"allow":["GET"]}}],"collection":[{"href":"https:\/\/cienciasdoestado.direito.ufmg.br\/index.php?rest_route=\/wp\/v2\/pages"}],"about":[{"href":"https:\/\/cienciasdoestado.direito.ufmg.br\/index.php?rest_route=\/wp\/v2\/types\/page"}],"author":[{"embeddable":true,"href":"https:\/\/cienciasdoestado.direito.ufmg.br\/index.php?rest_route=\/wp\/v2\/users\/1"}],"replies":[{"embeddable":true,"href":"https:\/\/cienciasdoestado.direito.ufmg.br\/index.php?rest_route=%2Fwp%2Fv2%2Fcomments&post=936"}],"version-history":[{"count":6,"href":"https:\/\/cienciasdoestado.direito.ufmg.br\/index.php?rest_route=\/wp\/v2\/pages\/936\/revisions"}],"predecessor-version":[{"id":3013,"href":"https:\/\/cienciasdoestado.direito.ufmg.br\/index.php?rest_route=\/wp\/v2\/pages\/936\/revisions\/3013"}],"wp:attachment":[{"href":"https:\/\/cienciasdoestado.direito.ufmg.br\/index.php?rest_route=%2Fwp%2Fv2%2Fmedia&parent=936"}],"curies":[{"name":"wp","href":"https:\/\/api.w.org\/{rel}","templated":true}]}}