{"id":940,"date":"2019-02-05T17:45:10","date_gmt":"2019-02-05T19:45:10","guid":{"rendered":"http:\/\/localhost\/colgradce\/?page_id=940"},"modified":"2022-08-18T09:46:34","modified_gmt":"2022-08-18T12:46:34","slug":"solicitacao-de-diplomas","status":"publish","type":"page","link":"https:\/\/cienciasdoestado.direito.ufmg.br\/?page_id=940","title":{"rendered":"Solicita\u00e7\u00e3o de Diplomas"},"content":{"rendered":"<p><strong>REGISTRO E EMISS\u00c3O DE DIPLOMAS<\/strong><\/p>\n<div class=\"attribute-long\">\n<p>Diploma \u00e9 o documento emitido como comprova\u00e7\u00e3o da forma\u00e7\u00e3o recebida por seu titular.<\/p>\n<p class=\" text-justify\">O diploma s\u00f3 \u00e9 emitido ap\u00f3s o requerimento do interessado. Recomenda-se que o requerimento seja feito\u00a0<strong>t\u00e3o logo o aluno conclua o curso.<\/strong><\/p>\n<div class=\"\">\n<div class=\"content-view-embed\">\n<div>Para a retirada do diploma, comparecer \u00e0 Se\u00e7\u00e3o de Ensino no hor\u00e1rio de funcionamento (2\u00aa a 6\u00aa feira, de 10h \u00e0s 20h), portanto documento com foto ou procura\u00e7\u00e3o simples.<\/div>\n<div><\/div>\n<\/div>\n<\/div>\n<\/div>\n<div>\n<p><strong>1) SOLICITA\u00c7\u00c3O\u00a0 DE\u00a0 EMISS\u00c3O DE 1\u00aa VIA DE DIPLOMA.<\/strong><\/p>\n<p><span data-contrast=\"auto\">Encaminhar um \u00fanico e-mail com os anexos (1, 2, 3, 4 e 5) no formato pdf para <\/span><span data-contrast=\"auto\"><a href=\"mailto:colgradce@direito.ufmg.br\" target=\"_blank\" rel=\"noopener\">colgradce@direito.ufmg.br<\/a>\u00a0com o assunto: \u201c<strong>SOLICITA\u00c7\u00c3O DE DIPLOMA 1\u00aa VIA \u2013 NOME DO REQUERENTE\u201d.<\/strong><\/span><\/p>\n<p><span data-contrast=\"auto\"><u><b>N\u00e3o<\/b><\/u>\u00a0solicitar outros documentos junto com a solicita\u00e7\u00e3o de diploma<\/span><span data-ccp-props=\"{&quot;201341983&quot;:0,&quot;335559739&quot;:160,&quot;335559740&quot;:259}\">.<\/span><\/p>\n<\/div>\n<div><span data-contrast=\"auto\">\u00a0<\/span><span data-contrast=\"auto\">Anexo 1)\u00a0<a href=\"https:\/\/cienciasdoestado.direito.ufmg.br\/wp-content\/uploads\/2022\/02\/REQUERIMENTO-DE-EMISSAO-DE-DIPLOMA.pdf\"><strong>Formul\u00e1rio<\/strong>.\u00a0<\/a><\/span><\/div>\n<div><\/div>\n<div><span data-ccp-props=\"{&quot;201341983&quot;:0,&quot;335559739&quot;:160,&quot;335559740&quot;:259}\">\u00a0<\/span><span data-contrast=\"auto\">Anexo 2)<strong>\u00a0C\u00f3pia leg\u00edvel<\/strong>\u00a0da Certid\u00e3o de Nascimento ou Casamento;<\/span><\/div>\n<div><\/div>\n<div>\n<p><span data-contrast=\"auto\">Anexo 3)<strong>\u00a0C\u00f3pia leg\u00edvel<\/strong>\u00a0da C\u00e9dula de Identidade;<\/span><\/p>\n<p><span data-contrast=\"auto\">Anexo 4)\u00a0<strong>C\u00f3pia leg\u00edvel<\/strong>\u00a0do CPF;<\/span><\/p>\n<p><span data-contrast=\"auto\">Anexo 5)<\/span><span data-contrast=\"auto\"><strong>C\u00f3pia leg\u00edvel do\u00a0<\/strong>hist\u00f3rico do ensino m\u00e9dio (2\u00ba\u00a0 Grau)<\/span><\/p>\n<p><span data-contrast=\"auto\">Anexo 6)\u00a0<strong>C\u00f3pia leg\u00edvel do\u00a0<\/strong>T\u00edtulo de eleitor<\/span><\/p>\n<p><span data-contrast=\"auto\">Anexo 7)\u00a0<strong>C\u00f3pia leg\u00edvel do\u00a0<\/strong>comprovante de quita\u00e7\u00e3o com o servi\u00e7o militar<\/span><\/p>\n<p><span data-contrast=\"auto\">Anexo 8) \u201c<b>Nada consta<\/b>\u201d da biblioteca. Solicitar via e-mail para:<\/span><\/p>\n<p><span data-contrast=\"auto\"><strong>bib-referencia@direito.ufmg.br<\/strong><\/span><\/p>\n<\/div>\n<div>\n<p>Ap\u00f3s o requerimento, o setor respons\u00e1vel expedir\u00e1 o diploma e o encaminhar\u00e1 ao\u00a0<strong>DRCA<\/strong>\u00a0para o devido registro. O registro \u00e9 o ato que confere validade nacional ao\u00a0 diploma. N\u00e3o ser\u00e1 cobrada nenhuma taxa para a emiss\u00e3o e registro da primeira via\u00a0 do diploma.<\/p>\n<p>Esse registro tamb\u00e9m \u00e9 feito no caso de apostilamento de uma nova habilita\u00e7\u00e3o conclu\u00edda.<\/p>\n<p class=\" text-justify\"><strong>Al\u00e9m dos diplomas expedidos pela UFMG, o DRCA tamb\u00e9m registra diplomas de outras 80 institui\u00e7\u00f5es de ensino superior.<\/strong><\/p>\n<p>&nbsp;<\/p>\n<\/div>\n<div><strong>2) SOLICITA\u00c7\u00c3O DE EMISS\u00c3O DE 2\u00aa VIA DE DIPLOMA.<\/strong><\/div>\n<div><\/div>\n<div><\/div>\n<div><\/div>\n<div>\n<div><span data-contrast=\"auto\">Encaminhar um \u00fanico e-mail com os anexos (1, 2, 3, 4 e 5) no formato pdf para <a href=\"mailto:colgradce@direito.ufmg.br\" target=\"_blank\" rel=\"noopener\">colgradce@direito.ufmg.br<\/a>\u00a0 <\/span><span data-contrast=\"auto\">\u00a0com o assunto: \u201c<strong>SOLICITA\u00c7\u00c3O DE DIPLOMA 2\u00aa VIA \u2013 NOME DO REQUERENTE\u201d<\/strong><\/span><\/div>\n<div><span data-contrast=\"auto\">\u00a0<\/span><\/div>\n<div><span data-contrast=\"auto\"><u><b>N\u00e3o<\/b><\/u>\u00a0solicitar outros documentos junto com a solicita\u00e7\u00e3o de diploma<\/span><span data-ccp-props=\"{&quot;201341983&quot;:0,&quot;335559739&quot;:160,&quot;335559740&quot;:259}\">.<\/span><span data-contrast=\"auto\"><br \/>\n<\/span><\/div>\n<div><\/div>\n<p><span data-contrast=\"auto\">Anexo 1)<strong>\u00a0Formul\u00e1rio:<\/strong>\u00a0<a href=\"https:\/\/cienciasdoestado.direito.ufmg.br\/wp-content\/uploads\/2022\/02\/REQUERIMENTO-DE-EMISSAO-DE-DIPLOMA.pdf\">Requerimento 2 via de diploma;<\/a><\/span><\/p>\n<p><span data-contrast=\"auto\">Anexo 2) \u2013\u00a0<strong>C\u00f3pia leg\u00edvel<\/strong>\u00a0da Certid\u00e3o de Nascimento ou Casamento;<\/span><\/p>\n<p><span data-contrast=\"auto\">Anexo 3) \u2013\u00a0<strong>C\u00f3pia leg\u00edvel<\/strong>\u00a0da C\u00e9dula de Identidade;<\/span><\/p>\n<p><span data-contrast=\"auto\">Anexo 4) \u2013\u00a0<strong>C\u00f3pia leg\u00edvel<\/strong>\u00a0do CPF;<\/span><\/p>\n<p><span data-contrast=\"auto\">Anexo 5) \u2013<strong>Comprovante de Pagamento.<\/strong>\u00a0<\/span><span data-ccp-props=\"{&quot;201341983&quot;:0,&quot;335559739&quot;:160,&quot;335559740&quot;:259}\"><br \/>\n<\/span><\/p>\n<p><span data-contrast=\"auto\">\u2013 Comprovante de pagamento da guia de recolhimento (<strong>R$ 80,<\/strong><\/span><span data-contrast=\"auto\"><strong>00<\/strong>)<\/span><span data-contrast=\"auto\">.\u00a0<\/span><a href=\"https:\/\/gru.direito.ufmg.br\/\" target=\"_blank\" rel=\"noopener\"><span data-contrast=\"none\">https:\/\/gru.direito.ufmg.br\/<\/span>\u00a0 \u00a0<\/a><span data-ccp-props=\"{&quot;201341983&quot;:0,&quot;335559739&quot;:160,&quot;335559740&quot;:259}\"><br \/>\n<\/span><\/p>\n<div class=\"attribute-header\">\n<h1>Prioridade de Registro (<em>informa\u00e7\u00e3o do DRCA)<\/em><\/h1>\n<\/div>\n<div class=\"attribute-long\">\n<p>Priorizar um registro de diploma s\u00f3 \u00e9 poss\u00edvel, mediante a an\u00e1lise e aprova\u00e7\u00e3o de pedido de prioridade.<\/p>\n<div class=\"\">\n<div class=\"content-view-embed\">\n<div class=\"class-image\">\n<div class=\"attribute-image\">\u00c9 necess\u00e1rio:<\/div>\n<\/div>\n<\/div>\n<\/div>\n<ul>\n<li><strong>o processo com toda a documenta\u00e7\u00e3o estar na DRD;<\/strong><\/li>\n<li>o processo dever\u00e1 estar livre de qualquer n\u00e3o conformidade;<\/li>\n<li><strong>o aluno da UFMG dever\u00e1 encaminhar (somente) por e-mail (<a href=\"mailto:drd@drca.ufmg.br\" target=\"_blank\" rel=\"noopener\">drd@drca.ufmg.br<\/a>) o formul\u00e1rio de requerimento de prioridade devidamente preenchido e o comprovante requerido, que atesta o pedido de prioridade;<\/strong><\/li>\n<\/ul>\n<div class=\"\">\n<div class=\"content-view-embed\">\n<div class=\"class-image\">\n<div class=\"attribute-image\"><strong>O aluno da UFMG dever\u00e1 aguardar a resposta ao pedido de prioridade que ser\u00e1 dada por meio do mesmo e-mail que foi enviado o requerimento\u00a0<\/strong>(<a href=\"mailto:drd@drca.ufmg.br\" target=\"_blank\" rel=\"noopener\">drd@drca.ufmg.br<\/a>);<strong><br \/>\n. Nesta resposta ser\u00e1 informado se a prioridade de registro foi concedida e a previs\u00e3o de quando o registro ficar\u00e1 pronto em caso de concess\u00e3o.<\/strong><\/div>\n<\/div>\n<\/div>\n<\/div>\n<div class=\"\">\n<div class=\"content-view-embed\">\n<div class=\"class-image\">\n<div class=\"attribute-image\"><img loading=\"lazy\" decoding=\"async\" title=\"BRANQUITO\" src=\"https:\/\/www2.ufmg.br\/var\/storage\/drca\/images\/media\/drca\/images\/branquito27\/164697-1-por-BR\/BRANQUITO_medium.jpg\" alt=\"BRANQUITO\" width=\"11\" height=\"12\" \/><\/div>\n<\/div>\n<\/div>\n<\/div>\n<p>\u00bb\u00a0<a href=\"https:\/\/www2.ufmg.br\/drca\/content\/download\/24426\/165786\/file\/Formul%C3%A1rio%20prioridade%20UFMG%20e%20outras%20institui%C3%A7%C3%B5es.pdf\" target=\"_blank\" rel=\"noopener\">Clique aqui<\/a>\u00a0para acessar o Requerimento de Registro de Diploma em Car\u00e1ter Priorit\u00e1rio<\/p>\n<\/div>\n<\/div>\n<div><\/div>\n<p>&nbsp;<\/p>\n","protected":false},"excerpt":{"rendered":"<p>REGISTRO E EMISS\u00c3O DE DIPLOMAS Diploma \u00e9 o documento emitido como comprova\u00e7\u00e3o da forma\u00e7\u00e3o recebida por seu titular. O diploma s\u00f3 \u00e9 emitido ap\u00f3s o requerimento do interessado. Recomenda-se que&hellip;<\/p>\n","protected":false},"author":1,"featured_media":0,"parent":0,"menu_order":0,"comment_status":"closed","ping_status":"closed","template":"","meta":{"footnotes":""},"class_list":["post-940","page","type-page","status-publish","hentry"],"publishpress_future_action":{"enabled":false,"date":"2026-04-28 15:42:35","action":"change-status","newStatus":"draft","terms":[],"taxonomy":"","extraData":[]},"publishpress_future_workflow_manual_trigger":{"enabledWorkflows":[]},"_links":{"self":[{"href":"https:\/\/cienciasdoestado.direito.ufmg.br\/index.php?rest_route=\/wp\/v2\/pages\/940","targetHints":{"allow":["GET"]}}],"collection":[{"href":"https:\/\/cienciasdoestado.direito.ufmg.br\/index.php?rest_route=\/wp\/v2\/pages"}],"about":[{"href":"https:\/\/cienciasdoestado.direito.ufmg.br\/index.php?rest_route=\/wp\/v2\/types\/page"}],"author":[{"embeddable":true,"href":"https:\/\/cienciasdoestado.direito.ufmg.br\/index.php?rest_route=\/wp\/v2\/users\/1"}],"replies":[{"embeddable":true,"href":"https:\/\/cienciasdoestado.direito.ufmg.br\/index.php?rest_route=%2Fwp%2Fv2%2Fcomments&post=940"}],"version-history":[{"count":0,"href":"https:\/\/cienciasdoestado.direito.ufmg.br\/index.php?rest_route=\/wp\/v2\/pages\/940\/revisions"}],"wp:attachment":[{"href":"https:\/\/cienciasdoestado.direito.ufmg.br\/index.php?rest_route=%2Fwp%2Fv2%2Fmedia&parent=940"}],"curies":[{"name":"wp","href":"https:\/\/api.w.org\/{rel}","templated":true}]}}